{"id":9966,"date":"2023-12-04T19:13:43","date_gmt":"2023-12-04T19:13:43","guid":{"rendered":"https:\/\/www.lagottoromagnolo-ribaty.cz\/?page_id=9966"},"modified":"2024-07-22T14:18:36","modified_gmt":"2024-07-22T14:18:36","slug":"emicka-a-pavlinka","status":"publish","type":"page","link":"https:\/\/www.lagottoromagnolo-ribaty.cz\/index.php\/emicka-a-pavlinka\/","title":{"rendered":"Emi\u010dka a Pavl\u00ednka"},"content":{"rendered":"\n<p><\/p>\n\n\n\n<p><\/p>\n\n\n\n<blockquote class=\"wp-block-quote is-style-large\"><p>&#8220;Emmie je prav\u00e1 lagottka \u2013 chytr\u00e1, u\u010denliv\u00e1, vn\u00edmav\u00e1\u2026 Zkr\u00e1tka skv\u011bl\u00e1 ps\u00ed hol\u010di\u010dka do pohody i nepohody.<\/p><p>Nerada se \u010de\u0161e, ale p\u0159i st\u0159\u00edh\u00e1n\u00ed je hodn\u00e1 a trp\u011bliv\u011b \u010dek\u00e1 na sv\u016fj outdoorov\u00fd sest\u0159ih, kter\u00fd se v\u00fdborn\u011b hod\u00ed pro jej\u00ed b\u011bh\u00e1n\u00ed po lese, \u010duch\u00e1n\u00ed my\u0161ek na louce a hlavn\u011b milovan\u00e9 koup\u00e1n\u00ed.<\/p><p>Miluje tak\u00e9 d\u011bti a p\u0159istihla jsem ji, \u017ee si sama dok\u00e1\u017ee vymyslet hru, kterou je pak u\u010d\u00ed.<\/p><p>N\u011bkdy se mi zd\u00e1, \u017ee to posledn\u00ed slovo m\u00e1 ona, ale v\u017edycky kon\u010d\u00edme rem\u00edzou a dohodneme se \ud83d\ude0a<\/p><p><em><strong>Emmie o sv\u00e9 dvounoh\u00e9 mamince:<\/strong><\/em><\/p><p>Moje maminka o mn\u011b \u0159\u00edk\u00e1, \u017ee jsem takov\u00e1 hodn\u00e1 zlobivka. J\u00e1 si mysl\u00edm, \u017ee v\u016fbec nezlob\u00edm. Jsem jen zv\u011bdav\u00e1, neposedn\u00e1 a mus\u00edm st\u00e1le n\u011bco d\u011blat. \u0158e\u0161\u00edme to t\u00edm, \u017ee chod\u00edme cvi\u010dit. Zn\u00e1m u\u017e hodn\u011b trik\u016f a na cvi\u010d\u00e1ku m\u00e1m skv\u011bl\u00e9 ps\u00ed kamar\u00e1dy. Tak\u00e9 jsme za\u010dali se ps\u00edm sportem, kter\u00fd lidi naz\u00fdvaj\u00ed agility. To m\u011b hodn\u011b bav\u00ed. Maminka m\u011b ob\u010das nest\u00edh\u00e1, ale j\u00e1 ji \u010dum\u00e1kem popo\u017eenu a v\u0161echno tak zachr\u00e1n\u00edm.<\/p><p>Jsme zkr\u00e1tka nerozlu\u010dn\u00e1 dvojka, kter\u00e1 si v\u00fdborn\u011b rozum\u00ed a u\u017e\u00edv\u00e1me si spolu velkou legraci.&#8221;<\/p><\/blockquote>\n\n\n\n<figure class=\"wp-block-gallery columns-1 is-cropped\"><ul class=\"blocks-gallery-grid\"><li class=\"blocks-gallery-item\"><figure><img loading=\"lazy\" width=\"768\" height=\"1024\" src=\"https:\/\/www.lagottoromagnolo-ribaty.cz\/wp-content\/uploads\/2023\/12\/IMG-20231102-WA0004-768x1024.jpg\" alt=\"\" data-id=\"9970\" data-full-url=\"https:\/\/www.lagottoromagnolo-ribaty.cz\/wp-content\/uploads\/2023\/12\/IMG-20231102-WA0004.jpg\" data-link=\"https:\/\/www.lagottoromagnolo-ribaty.cz\/index.php\/emicka-a-pavlina\/img-20231102-wa0004\/\" class=\"wp-image-9970\" srcset=\"https:\/\/www.lagottoromagnolo-ribaty.cz\/wp-content\/uploads\/2023\/12\/IMG-20231102-WA0004-768x1024.jpg 768w, https:\/\/www.lagottoromagnolo-ribaty.cz\/wp-content\/uploads\/2023\/12\/IMG-20231102-WA0004-375x500.jpg 375w, https:\/\/www.lagottoromagnolo-ribaty.cz\/wp-content\/uploads\/2023\/12\/IMG-20231102-WA0004-1152x1536.jpg 1152w, https:\/\/www.lagottoromagnolo-ribaty.cz\/wp-content\/uploads\/2023\/12\/IMG-20231102-WA0004.jpg 1200w\" sizes=\"(max-width: 768px) 100vw, 768px\" \/><\/figure><\/li><\/ul><\/figure>\n","protected":false},"excerpt":{"rendered":"<p>&#8220;Emmie je prav\u00e1 lagottka \u2013 chytr\u00e1, u\u010denliv\u00e1, vn\u00edmav\u00e1\u2026 Zkr\u00e1tka skv\u011bl\u00e1 ps\u00ed hol\u010di\u010dka do pohody i nepohody. Nerada se \u010de\u0161e, ale p\u0159i st\u0159\u00edh\u00e1n\u00ed je hodn\u00e1 a trp\u011bliv\u011b \u010dek\u00e1 na sv\u016fj outdoorov\u00fd sest\u0159ih, kter\u00fd se v\u00fdborn\u011b hod\u00ed pro jej\u00ed b\u011bh\u00e1n\u00ed po lese, \u010duch\u00e1n\u00ed my\u0161ek na louce a hlavn\u011b milovan\u00e9 koup\u00e1n\u00ed. Miluje tak\u00e9 d\u011bti a p\u0159istihla jsem ji, [&hellip;]<\/p>\n","protected":false},"author":1,"featured_media":0,"parent":0,"menu_order":0,"comment_status":"closed","ping_status":"closed","template":"template-full-width.php","meta":{"ngg_post_thumbnail":0},"_links":{"self":[{"href":"https:\/\/www.lagottoromagnolo-ribaty.cz\/index.php\/wp-json\/wp\/v2\/pages\/9966"}],"collection":[{"href":"https:\/\/www.lagottoromagnolo-ribaty.cz\/index.php\/wp-json\/wp\/v2\/pages"}],"about":[{"href":"https:\/\/www.lagottoromagnolo-ribaty.cz\/index.php\/wp-json\/wp\/v2\/types\/page"}],"author":[{"embeddable":true,"href":"https:\/\/www.lagottoromagnolo-ribaty.cz\/index.php\/wp-json\/wp\/v2\/users\/1"}],"replies":[{"embeddable":true,"href":"https:\/\/www.lagottoromagnolo-ribaty.cz\/index.php\/wp-json\/wp\/v2\/comments?post=9966"}],"version-history":[{"count":3,"href":"https:\/\/www.lagottoromagnolo-ribaty.cz\/index.php\/wp-json\/wp\/v2\/pages\/9966\/revisions"}],"predecessor-version":[{"id":10642,"href":"https:\/\/www.lagottoromagnolo-ribaty.cz\/index.php\/wp-json\/wp\/v2\/pages\/9966\/revisions\/10642"}],"wp:attachment":[{"href":"https:\/\/www.lagottoromagnolo-ribaty.cz\/index.php\/wp-json\/wp\/v2\/media?parent=9966"}],"curies":[{"name":"wp","href":"https:\/\/api.w.org\/{rel}","templated":true}]}}