{"id":9492,"date":"2023-04-04T15:01:16","date_gmt":"2023-04-04T15:01:16","guid":{"rendered":"https:\/\/www.lagottoromagnolo-ribaty.cz\/?page_id=9492"},"modified":"2025-05-06T10:49:02","modified_gmt":"2025-05-06T10:49:02","slug":"doporucujeme","status":"publish","type":"page","link":"https:\/\/www.lagottoromagnolo-ribaty.cz\/index.php\/doporucujeme\/","title":{"rendered":"Doporu\u010dujeme"},"content":{"rendered":"\n<p><\/p>\n\n\n\n<p class=\"has-large-font-size\"><strong>N\u011bco ke \u010dten\u00ed<\/strong><\/p>\n\n\n\n<figure class=\"wp-block-gallery columns-3 is-cropped\"><ul class=\"blocks-gallery-grid\"><li class=\"blocks-gallery-item\"><figure><img loading=\"lazy\" width=\"259\" height=\"368\" src=\"https:\/\/www.lagottoromagnolo-ribaty.cz\/wp-content\/uploads\/2023\/04\/73v8in2-1.jpg\" alt=\"\" data-id=\"9497\" data-link=\"https:\/\/www.lagottoromagnolo-ribaty.cz\/index.php\/doporucujeme\/73v8in2-1\/\" class=\"wp-image-9497\"\/><\/figure><\/li><li class=\"blocks-gallery-item\"><figure><img loading=\"lazy\" width=\"389\" height=\"550\" src=\"https:\/\/www.lagottoromagnolo-ribaty.cz\/wp-content\/uploads\/2023\/04\/389x550_qnCZQQ.jpg\" alt=\"\" data-id=\"9498\" data-link=\"https:\/\/www.lagottoromagnolo-ribaty.cz\/index.php\/doporucujeme\/389x550_qnczqq\/\" class=\"wp-image-9498\" srcset=\"https:\/\/www.lagottoromagnolo-ribaty.cz\/wp-content\/uploads\/2023\/04\/389x550_qnCZQQ.jpg 389w, https:\/\/www.lagottoromagnolo-ribaty.cz\/wp-content\/uploads\/2023\/04\/389x550_qnCZQQ-354x500.jpg 354w\" sizes=\"(max-width: 389px) 100vw, 389px\" \/><\/figure><\/li><li class=\"blocks-gallery-item\"><figure><img loading=\"lazy\" width=\"350\" height=\"350\" src=\"https:\/\/www.lagottoromagnolo-ribaty.cz\/wp-content\/uploads\/2023\/04\/25095a98d5fb4783c6ca03c518b2755b-mmf350x350.jpg\" alt=\"\" data-id=\"9499\" data-link=\"https:\/\/www.lagottoromagnolo-ribaty.cz\/index.php\/doporucujeme\/25095a98d5fb4783c6ca03c518b2755b-mmf350x350\/\" class=\"wp-image-9499\" srcset=\"https:\/\/www.lagottoromagnolo-ribaty.cz\/wp-content\/uploads\/2023\/04\/25095a98d5fb4783c6ca03c518b2755b-mmf350x350.jpg 350w, https:\/\/www.lagottoromagnolo-ribaty.cz\/wp-content\/uploads\/2023\/04\/25095a98d5fb4783c6ca03c518b2755b-mmf350x350-300x300.jpg 300w\" sizes=\"(max-width: 350px) 100vw, 350px\" \/><\/figure><\/li><li class=\"blocks-gallery-item\"><figure><img loading=\"lazy\" width=\"694\" height=\"706\" src=\"https:\/\/www.lagottoromagnolo-ribaty.cz\/wp-content\/uploads\/2023\/04\/big_canis-pictus-3De-393471.jpg\" alt=\"\" data-id=\"9500\" data-link=\"https:\/\/www.lagottoromagnolo-ribaty.cz\/index.php\/doporucujeme\/big_canis-pictus-3de-393471\/\" class=\"wp-image-9500\" srcset=\"https:\/\/www.lagottoromagnolo-ribaty.cz\/wp-content\/uploads\/2023\/04\/big_canis-pictus-3De-393471.jpg 694w, https:\/\/www.lagottoromagnolo-ribaty.cz\/wp-content\/uploads\/2023\/04\/big_canis-pictus-3De-393471-492x500.jpg 492w\" sizes=\"(max-width: 694px) 100vw, 694px\" \/><\/figure><\/li><li class=\"blocks-gallery-item\"><figure><img loading=\"lazy\" width=\"405\" height=\"550\" src=\"https:\/\/www.lagottoromagnolo-ribaty.cz\/wp-content\/uploads\/2023\/04\/big_pes-a-lov-Viv-422556.jpg\" alt=\"\" data-id=\"9501\" data-link=\"https:\/\/www.lagottoromagnolo-ribaty.cz\/index.php\/doporucujeme\/big_pes-a-lov-viv-422556\/\" class=\"wp-image-9501\" srcset=\"https:\/\/www.lagottoromagnolo-ribaty.cz\/wp-content\/uploads\/2023\/04\/big_pes-a-lov-Viv-422556.jpg 405w, https:\/\/www.lagottoromagnolo-ribaty.cz\/wp-content\/uploads\/2023\/04\/big_pes-a-lov-Viv-422556-368x500.jpg 368w\" sizes=\"(max-width: 405px) 100vw, 405px\" \/><\/figure><\/li><li class=\"blocks-gallery-item\"><figure><img loading=\"lazy\" width=\"320\" height=\"448\" src=\"https:\/\/www.lagottoromagnolo-ribaty.cz\/wp-content\/uploads\/2023\/04\/genetika-a-slechteni-plemen-psu-9788073221041.jpg\" alt=\"\" data-id=\"9502\" data-link=\"https:\/\/www.lagottoromagnolo-ribaty.cz\/index.php\/doporucujeme\/genetika-a-slechteni-plemen-psu-9788073221041\/\" class=\"wp-image-9502\"\/><\/figure><\/li><li class=\"blocks-gallery-item\"><figure><img loading=\"lazy\" width=\"623\" height=\"810\" src=\"https:\/\/www.lagottoromagnolo-ribaty.cz\/wp-content\/uploads\/2023\/04\/chov-psu-zdenek-prochazka-1994-525693-0-1.jpg\" alt=\"\" data-id=\"9506\" data-link=\"https:\/\/www.lagottoromagnolo-ribaty.cz\/index.php\/doporucujeme\/chov-psu-zdenek-prochazka-1994-525693-0-1\/\" class=\"wp-image-9506\" srcset=\"https:\/\/www.lagottoromagnolo-ribaty.cz\/wp-content\/uploads\/2023\/04\/chov-psu-zdenek-prochazka-1994-525693-0-1.jpg 623w, https:\/\/www.lagottoromagnolo-ribaty.cz\/wp-content\/uploads\/2023\/04\/chov-psu-zdenek-prochazka-1994-525693-0-1-385x500.jpg 385w\" sizes=\"(max-width: 623px) 100vw, 623px\" \/><\/figure><\/li><li class=\"blocks-gallery-item\"><figure><img loading=\"lazy\" width=\"679\" height=\"960\" src=\"https:\/\/www.lagottoromagnolo-ribaty.cz\/wp-content\/uploads\/2023\/04\/02_2019-lagotto.jpg\" alt=\"\" data-id=\"9505\" data-link=\"https:\/\/www.lagottoromagnolo-ribaty.cz\/index.php\/doporucujeme\/untitled\/\" class=\"wp-image-9505\" srcset=\"https:\/\/www.lagottoromagnolo-ribaty.cz\/wp-content\/uploads\/2023\/04\/02_2019-lagotto.jpg 679w, https:\/\/www.lagottoromagnolo-ribaty.cz\/wp-content\/uploads\/2023\/04\/02_2019-lagotto-354x500.jpg 354w\" sizes=\"(max-width: 679px) 100vw, 679px\" \/><\/figure><\/li><li class=\"blocks-gallery-item\"><figure><img loading=\"lazy\" width=\"316\" height=\"460\" src=\"https:\/\/www.lagottoromagnolo-ribaty.cz\/wp-content\/uploads\/2025\/05\/Svobodovi-Klinicka-parazitologie-psa-a-kocky.jpg\" alt=\"\" data-id=\"11318\" data-link=\"https:\/\/www.lagottoromagnolo-ribaty.cz\/index.php\/doporucujeme\/svobodovi-klinicka-parazitologie-psa-a-kocky\/\" class=\"wp-image-11318\"\/><\/figure><\/li><li class=\"blocks-gallery-item\"><figure><img loading=\"lazy\" width=\"548\" height=\"720\" src=\"https:\/\/www.lagottoromagnolo-ribaty.cz\/wp-content\/uploads\/2025\/05\/V.-Mikulica-Poznej-sveho-psa.jpg\" alt=\"\" data-id=\"11319\" data-link=\"https:\/\/www.lagottoromagnolo-ribaty.cz\/index.php\/doporucujeme\/v-mikulica-poznej-sveho-psa\/\" class=\"wp-image-11319\" srcset=\"https:\/\/www.lagottoromagnolo-ribaty.cz\/wp-content\/uploads\/2025\/05\/V.-Mikulica-Poznej-sveho-psa.jpg 548w, https:\/\/www.lagottoromagnolo-ribaty.cz\/wp-content\/uploads\/2025\/05\/V.-Mikulica-Poznej-sveho-psa-381x500.jpg 381w\" sizes=\"(max-width: 548px) 100vw, 548px\" \/><\/figure><\/li><li class=\"blocks-gallery-item\"><figure><img loading=\"lazy\" width=\"333\" height=\"479\" src=\"https:\/\/www.lagottoromagnolo-ribaty.cz\/wp-content\/uploads\/2025\/05\/W.O.-Reece-Fyziologie-a-funkcni-anatomie-domacich-zvirat.jpg\" alt=\"\" data-id=\"11321\" data-full-url=\"https:\/\/www.lagottoromagnolo-ribaty.cz\/wp-content\/uploads\/2025\/05\/W.O.-Reece-Fyziologie-a-funkcni-anatomie-domacich-zvirat.jpg\" data-link=\"https:\/\/www.lagottoromagnolo-ribaty.cz\/index.php\/doporucujeme\/w-o-reece-fyziologie-a-funkcni-anatomie-domacich-zvirat\/\" class=\"wp-image-11321\"\/><\/figure><\/li><\/ul><\/figure>\n\n\n\n<p><\/p>\n\n\n\n<p><\/p>\n\n\n\n<p class=\"has-large-font-size\"><strong>N\u011bco k poslechu &#8211; audio<\/strong><\/p>\n\n\n\n<ul><li><a href=\"https:\/\/www.youtube.com\/results?search_query=labvet+podcast\">https:\/\/www.youtube.com\/results?search_query=labvet+podcast<\/a><\/li><\/ul>\n\n\n\n<ul><li>Dokument &#8211; Tajn\u00fd \u017eivot ps\u016f<\/li><\/ul>\n\n\n\n<p><\/p>\n\n\n\n<p><\/p>\n\n\n\n<p><\/p>\n\n\n\n<p class=\"has-large-font-size\"><strong>\u010c\u00edm krm\u00edme<\/strong> &#8211; \u0161t\u011b\u0148\u00e1tka Vivere, dosp\u011bl\u00e1ci Primordial (v\u00edce variant, v\u00edce chut\u00ed) <\/p>\n\n\n\n<div class=\"wp-block-buttons\">\n<div class=\"wp-block-button is-style-fill\"><a class=\"wp-block-button__link has-vivid-purple-background-color has-background\" href=\"https:\/\/primordial.hpf.cz\/cs\/o-znacce\" target=\"_blank\" rel=\"noreferrer noopener\"><strong>O granul\u00edch Primordial se dozv\u00edte po kliknut\u00ed.<\/strong><\/a><\/div>\n<\/div>\n\n\n\n<figure class=\"wp-block-gallery columns-2 is-cropped\"><ul class=\"blocks-gallery-grid\"><li class=\"blocks-gallery-item\"><figure><img loading=\"lazy\" width=\"470\" height=\"470\" src=\"https:\/\/www.lagottoromagnolo-ribaty.cz\/wp-content\/uploads\/2023\/04\/krmeni.jpg\" alt=\"\" data-id=\"9509\" data-full-url=\"https:\/\/www.lagottoromagnolo-ribaty.cz\/wp-content\/uploads\/2023\/04\/krmeni.jpg\" data-link=\"https:\/\/www.lagottoromagnolo-ribaty.cz\/index.php\/doporucujeme\/krmeni\/\" class=\"wp-image-9509\" srcset=\"https:\/\/www.lagottoromagnolo-ribaty.cz\/wp-content\/uploads\/2023\/04\/krmeni.jpg 470w, https:\/\/www.lagottoromagnolo-ribaty.cz\/wp-content\/uploads\/2023\/04\/krmeni-300x300.jpg 300w\" sizes=\"(max-width: 470px) 100vw, 470px\" \/><figcaption class=\"blocks-gallery-item__caption\"><strong>PUPPY<\/strong> &#8211; pro \u0161t\u011b\u0148\u00e1tka: ku\u0159e &amp; mo\u0159sk\u00e9 ryby<br><strong><span class=\"has-inline-color has-luminous-vivid-amber-color\">DO 7, MAX. 8 M\u011aS\u00cdC\u016e <\/span><\/strong><\/figcaption><\/figure><\/li><li class=\"blocks-gallery-item\"><figure><img loading=\"lazy\" width=\"282\" height=\"546\" src=\"https:\/\/www.lagottoromagnolo-ribaty.cz\/wp-content\/uploads\/2023\/04\/krmeni-5.jpg\" alt=\"\" data-id=\"9508\" data-full-url=\"https:\/\/www.lagottoromagnolo-ribaty.cz\/wp-content\/uploads\/2023\/04\/krmeni-5.jpg\" data-link=\"https:\/\/www.lagottoromagnolo-ribaty.cz\/index.php\/doporucujeme\/krmeni-5\/\" class=\"wp-image-9508\" srcset=\"https:\/\/www.lagottoromagnolo-ribaty.cz\/wp-content\/uploads\/2023\/04\/krmeni-5.jpg 282w, https:\/\/www.lagottoromagnolo-ribaty.cz\/wp-content\/uploads\/2023\/04\/krmeni-5-258x500.jpg 258w\" sizes=\"(max-width: 282px) 100vw, 282px\" \/><figcaption class=\"blocks-gallery-item__caption\"><strong>ADULT<\/strong> &#8211; pro dosp\u011bl\u00e9 psy v\u0161ech velikost\u00ed: tu\u0148\u00e1k &amp; skopov\u00e9<br><strong><span class=\"has-inline-color has-luminous-vivid-amber-color\">OD 7 &#8211; 8 M\u011aS\u00cdC\u016e<\/span><\/strong><\/figcaption><\/figure><\/li><\/ul><\/figure>\n\n\n\n<p><\/p>\n\n\n\n<p><\/p>\n\n\n\n<p class=\"has-large-font-size\"><strong>Kde se skv\u011ble haj\u00e1 a je\u0161t\u011b je \u0161ance, \u017ee to vydr\u017e\u00ed<\/strong><\/p>\n\n\n\n<figure class=\"wp-block-gallery columns-2 is-cropped\"><ul class=\"blocks-gallery-grid\"><li class=\"blocks-gallery-item\"><figure><img loading=\"lazy\" width=\"735\" height=\"490\" src=\"https:\/\/www.lagottoromagnolo-ribaty.cz\/wp-content\/uploads\/2023\/04\/haji-2.jpeg\" alt=\"\" data-id=\"9514\" data-full-url=\"https:\/\/www.lagottoromagnolo-ribaty.cz\/wp-content\/uploads\/2023\/04\/haji-2.jpeg\" data-link=\"https:\/\/www.lagottoromagnolo-ribaty.cz\/index.php\/doporucujeme\/haji-2\/\" class=\"wp-image-9514\" srcset=\"https:\/\/www.lagottoromagnolo-ribaty.cz\/wp-content\/uploads\/2023\/04\/haji-2.jpeg 735w, https:\/\/www.lagottoromagnolo-ribaty.cz\/wp-content\/uploads\/2023\/04\/haji-2-500x333.jpeg 500w\" sizes=\"(max-width: 735px) 100vw, 735px\" \/><\/figure><\/li><li class=\"blocks-gallery-item\"><figure><img loading=\"lazy\" width=\"695\" height=\"490\" src=\"https:\/\/www.lagottoromagnolo-ribaty.cz\/wp-content\/uploads\/2023\/04\/haji.jpeg\" alt=\"\" data-id=\"9515\" data-full-url=\"https:\/\/www.lagottoromagnolo-ribaty.cz\/wp-content\/uploads\/2023\/04\/haji.jpeg\" data-link=\"https:\/\/www.lagottoromagnolo-ribaty.cz\/index.php\/doporucujeme\/haji-3\/\" class=\"wp-image-9515\" srcset=\"https:\/\/www.lagottoromagnolo-ribaty.cz\/wp-content\/uploads\/2023\/04\/haji.jpeg 695w, https:\/\/www.lagottoromagnolo-ribaty.cz\/wp-content\/uploads\/2023\/04\/haji-500x353.jpeg 500w\" sizes=\"(max-width: 695px) 100vw, 695px\" \/><\/figure><\/li><\/ul><\/figure>\n\n\n\n<p><a href=\"https:\/\/www.peliskydog.cz\/pelisek-maya-ortopedicky\/\">https:\/\/www.peliskydog.cz\/pelisek-maya-ortopedicky\/<\/a><\/p>\n\n\n\n<p><a href=\"https:\/\/www.peliskydog.cz\/zdravotni-lehatko-kingbed\/\">https:\/\/www.peliskydog.cz\/zdravotni-lehatko-kingbed\/<\/a> &#8211; viz foto<\/p>\n\n\n\n<figure class=\"wp-block-gallery columns-3 is-cropped\"><ul class=\"blocks-gallery-grid\"><li class=\"blocks-gallery-item\"><figure><img loading=\"lazy\" width=\"768\" height=\"1024\" src=\"https:\/\/www.lagottoromagnolo-ribaty.cz\/wp-content\/uploads\/2025\/05\/1746528208955-768x1024.jpg\" alt=\"\" data-id=\"11330\" data-full-url=\"https:\/\/www.lagottoromagnolo-ribaty.cz\/wp-content\/uploads\/2025\/05\/1746528208955.jpg\" data-link=\"https:\/\/www.lagottoromagnolo-ribaty.cz\/index.php\/doporucujeme\/attachment\/1746528208955\/\" class=\"wp-image-11330\" srcset=\"https:\/\/www.lagottoromagnolo-ribaty.cz\/wp-content\/uploads\/2025\/05\/1746528208955-768x1024.jpg 768w, https:\/\/www.lagottoromagnolo-ribaty.cz\/wp-content\/uploads\/2025\/05\/1746528208955-375x500.jpg 375w, https:\/\/www.lagottoromagnolo-ribaty.cz\/wp-content\/uploads\/2025\/05\/1746528208955-1152x1536.jpg 1152w, https:\/\/www.lagottoromagnolo-ribaty.cz\/wp-content\/uploads\/2025\/05\/1746528208955.jpg 1200w\" sizes=\"(max-width: 768px) 100vw, 768px\" \/><\/figure><\/li><li class=\"blocks-gallery-item\"><figure><img loading=\"lazy\" width=\"1024\" height=\"859\" src=\"https:\/\/www.lagottoromagnolo-ribaty.cz\/wp-content\/uploads\/2025\/05\/1746528208997-1024x859.jpg\" alt=\"\" data-id=\"11331\" data-full-url=\"https:\/\/www.lagottoromagnolo-ribaty.cz\/wp-content\/uploads\/2025\/05\/1746528208997.jpg\" data-link=\"https:\/\/www.lagottoromagnolo-ribaty.cz\/index.php\/doporucujeme\/attachment\/1746528208997\/\" class=\"wp-image-11331\" srcset=\"https:\/\/www.lagottoromagnolo-ribaty.cz\/wp-content\/uploads\/2025\/05\/1746528208997-1024x859.jpg 1024w, https:\/\/www.lagottoromagnolo-ribaty.cz\/wp-content\/uploads\/2025\/05\/1746528208997-500x420.jpg 500w, https:\/\/www.lagottoromagnolo-ribaty.cz\/wp-content\/uploads\/2025\/05\/1746528208997-768x645.jpg 768w, https:\/\/www.lagottoromagnolo-ribaty.cz\/wp-content\/uploads\/2025\/05\/1746528208997.jpg 1536w\" sizes=\"(max-width: 1024px) 100vw, 1024px\" \/><\/figure><\/li><li class=\"blocks-gallery-item\"><figure><img loading=\"lazy\" width=\"768\" height=\"1024\" src=\"https:\/\/www.lagottoromagnolo-ribaty.cz\/wp-content\/uploads\/2025\/05\/1746528209036-768x1024.jpg\" alt=\"\" data-id=\"11332\" data-full-url=\"https:\/\/www.lagottoromagnolo-ribaty.cz\/wp-content\/uploads\/2025\/05\/1746528209036.jpg\" data-link=\"https:\/\/www.lagottoromagnolo-ribaty.cz\/index.php\/doporucujeme\/attachment\/1746528209036\/\" class=\"wp-image-11332\" srcset=\"https:\/\/www.lagottoromagnolo-ribaty.cz\/wp-content\/uploads\/2025\/05\/1746528209036-768x1024.jpg 768w, https:\/\/www.lagottoromagnolo-ribaty.cz\/wp-content\/uploads\/2025\/05\/1746528209036-375x500.jpg 375w, https:\/\/www.lagottoromagnolo-ribaty.cz\/wp-content\/uploads\/2025\/05\/1746528209036-1152x1536.jpg 1152w, https:\/\/www.lagottoromagnolo-ribaty.cz\/wp-content\/uploads\/2025\/05\/1746528209036.jpg 1200w\" sizes=\"(max-width: 768px) 100vw, 768px\" \/><\/figure><\/li><li class=\"blocks-gallery-item\"><figure><img loading=\"lazy\" width=\"1024\" height=\"768\" src=\"https:\/\/www.lagottoromagnolo-ribaty.cz\/wp-content\/uploads\/2025\/05\/1746528209070-1024x768.jpg\" alt=\"\" data-id=\"11333\" data-full-url=\"https:\/\/www.lagottoromagnolo-ribaty.cz\/wp-content\/uploads\/2025\/05\/1746528209070.jpg\" data-link=\"https:\/\/www.lagottoromagnolo-ribaty.cz\/index.php\/doporucujeme\/attachment\/1746528209070\/\" class=\"wp-image-11333\" srcset=\"https:\/\/www.lagottoromagnolo-ribaty.cz\/wp-content\/uploads\/2025\/05\/1746528209070-1024x768.jpg 1024w, https:\/\/www.lagottoromagnolo-ribaty.cz\/wp-content\/uploads\/2025\/05\/1746528209070-500x375.jpg 500w, https:\/\/www.lagottoromagnolo-ribaty.cz\/wp-content\/uploads\/2025\/05\/1746528209070-768x576.jpg 768w, https:\/\/www.lagottoromagnolo-ribaty.cz\/wp-content\/uploads\/2025\/05\/1746528209070-1536x1152.jpg 1536w, https:\/\/www.lagottoromagnolo-ribaty.cz\/wp-content\/uploads\/2025\/05\/1746528209070.jpg 1600w\" sizes=\"(max-width: 1024px) 100vw, 1024px\" \/><\/figure><\/li><li class=\"blocks-gallery-item\"><figure><img loading=\"lazy\" width=\"768\" height=\"1024\" src=\"https:\/\/www.lagottoromagnolo-ribaty.cz\/wp-content\/uploads\/2025\/05\/1746528209100-768x1024.jpg\" alt=\"\" data-id=\"11334\" data-full-url=\"https:\/\/www.lagottoromagnolo-ribaty.cz\/wp-content\/uploads\/2025\/05\/1746528209100.jpg\" data-link=\"https:\/\/www.lagottoromagnolo-ribaty.cz\/index.php\/doporucujeme\/attachment\/1746528209100\/\" class=\"wp-image-11334\" srcset=\"https:\/\/www.lagottoromagnolo-ribaty.cz\/wp-content\/uploads\/2025\/05\/1746528209100-768x1024.jpg 768w, https:\/\/www.lagottoromagnolo-ribaty.cz\/wp-content\/uploads\/2025\/05\/1746528209100-375x500.jpg 375w, https:\/\/www.lagottoromagnolo-ribaty.cz\/wp-content\/uploads\/2025\/05\/1746528209100-1152x1536.jpg 1152w, https:\/\/www.lagottoromagnolo-ribaty.cz\/wp-content\/uploads\/2025\/05\/1746528209100.jpg 1200w\" sizes=\"(max-width: 768px) 100vw, 768px\" \/><\/figure><\/li><li class=\"blocks-gallery-item\"><figure><img loading=\"lazy\" width=\"768\" height=\"1024\" src=\"https:\/\/www.lagottoromagnolo-ribaty.cz\/wp-content\/uploads\/2025\/05\/1746528209123-768x1024.jpg\" alt=\"\" data-id=\"11335\" data-full-url=\"https:\/\/www.lagottoromagnolo-ribaty.cz\/wp-content\/uploads\/2025\/05\/1746528209123.jpg\" data-link=\"https:\/\/www.lagottoromagnolo-ribaty.cz\/index.php\/doporucujeme\/attachment\/1746528209123\/\" class=\"wp-image-11335\" srcset=\"https:\/\/www.lagottoromagnolo-ribaty.cz\/wp-content\/uploads\/2025\/05\/1746528209123-768x1024.jpg 768w, https:\/\/www.lagottoromagnolo-ribaty.cz\/wp-content\/uploads\/2025\/05\/1746528209123-375x500.jpg 375w, https:\/\/www.lagottoromagnolo-ribaty.cz\/wp-content\/uploads\/2025\/05\/1746528209123-1152x1536.jpg 1152w, https:\/\/www.lagottoromagnolo-ribaty.cz\/wp-content\/uploads\/2025\/05\/1746528209123.jpg 1200w\" sizes=\"(max-width: 768px) 100vw, 768px\" \/><\/figure><\/li><li class=\"blocks-gallery-item\"><figure><img loading=\"lazy\" width=\"1024\" height=\"768\" src=\"https:\/\/www.lagottoromagnolo-ribaty.cz\/wp-content\/uploads\/2025\/05\/1746528209151-1024x768.jpg\" alt=\"\" data-id=\"11336\" data-full-url=\"https:\/\/www.lagottoromagnolo-ribaty.cz\/wp-content\/uploads\/2025\/05\/1746528209151.jpg\" data-link=\"https:\/\/www.lagottoromagnolo-ribaty.cz\/index.php\/doporucujeme\/attachment\/1746528209151\/\" class=\"wp-image-11336\" srcset=\"https:\/\/www.lagottoromagnolo-ribaty.cz\/wp-content\/uploads\/2025\/05\/1746528209151-1024x768.jpg 1024w, https:\/\/www.lagottoromagnolo-ribaty.cz\/wp-content\/uploads\/2025\/05\/1746528209151-500x375.jpg 500w, https:\/\/www.lagottoromagnolo-ribaty.cz\/wp-content\/uploads\/2025\/05\/1746528209151-768x576.jpg 768w, https:\/\/www.lagottoromagnolo-ribaty.cz\/wp-content\/uploads\/2025\/05\/1746528209151-1536x1152.jpg 1536w, https:\/\/www.lagottoromagnolo-ribaty.cz\/wp-content\/uploads\/2025\/05\/1746528209151.jpg 1600w\" sizes=\"(max-width: 1024px) 100vw, 1024px\" \/><\/figure><\/li><li class=\"blocks-gallery-item\"><figure><img loading=\"lazy\" width=\"1024\" height=\"493\" src=\"https:\/\/www.lagottoromagnolo-ribaty.cz\/wp-content\/uploads\/2025\/05\/1746528209179-1024x493.jpg\" alt=\"\" data-id=\"11337\" data-full-url=\"https:\/\/www.lagottoromagnolo-ribaty.cz\/wp-content\/uploads\/2025\/05\/1746528209179-scaled.jpg\" data-link=\"https:\/\/www.lagottoromagnolo-ribaty.cz\/index.php\/doporucujeme\/attachment\/1746528209179\/\" class=\"wp-image-11337\" srcset=\"https:\/\/www.lagottoromagnolo-ribaty.cz\/wp-content\/uploads\/2025\/05\/1746528209179-1024x493.jpg 1024w, https:\/\/www.lagottoromagnolo-ribaty.cz\/wp-content\/uploads\/2025\/05\/1746528209179-500x241.jpg 500w, https:\/\/www.lagottoromagnolo-ribaty.cz\/wp-content\/uploads\/2025\/05\/1746528209179-768x370.jpg 768w, https:\/\/www.lagottoromagnolo-ribaty.cz\/wp-content\/uploads\/2025\/05\/1746528209179-1536x740.jpg 1536w, https:\/\/www.lagottoromagnolo-ribaty.cz\/wp-content\/uploads\/2025\/05\/1746528209179-2048x986.jpg 2048w\" sizes=\"(max-width: 1024px) 100vw, 1024px\" \/><\/figure><\/li><li class=\"blocks-gallery-item\"><figure><img loading=\"lazy\" width=\"909\" height=\"1024\" src=\"https:\/\/www.lagottoromagnolo-ribaty.cz\/wp-content\/uploads\/2025\/05\/1746528209224-909x1024.jpg\" alt=\"\" data-id=\"11338\" data-full-url=\"https:\/\/www.lagottoromagnolo-ribaty.cz\/wp-content\/uploads\/2025\/05\/1746528209224-scaled.jpg\" data-link=\"https:\/\/www.lagottoromagnolo-ribaty.cz\/index.php\/doporucujeme\/attachment\/1746528209224\/\" class=\"wp-image-11338\" srcset=\"https:\/\/www.lagottoromagnolo-ribaty.cz\/wp-content\/uploads\/2025\/05\/1746528209224-909x1024.jpg 909w, https:\/\/www.lagottoromagnolo-ribaty.cz\/wp-content\/uploads\/2025\/05\/1746528209224-444x500.jpg 444w, https:\/\/www.lagottoromagnolo-ribaty.cz\/wp-content\/uploads\/2025\/05\/1746528209224-768x865.jpg 768w, https:\/\/www.lagottoromagnolo-ribaty.cz\/wp-content\/uploads\/2025\/05\/1746528209224-1364x1536.jpg 1364w, https:\/\/www.lagottoromagnolo-ribaty.cz\/wp-content\/uploads\/2025\/05\/1746528209224-1818x2048.jpg 1818w\" sizes=\"(max-width: 909px) 100vw, 909px\" \/><\/figure><\/li><li class=\"blocks-gallery-item\"><figure><img loading=\"lazy\" width=\"768\" height=\"1024\" src=\"https:\/\/www.lagottoromagnolo-ribaty.cz\/wp-content\/uploads\/2025\/05\/1746528209260-768x1024.jpg\" alt=\"\" data-id=\"11339\" data-full-url=\"https:\/\/www.lagottoromagnolo-ribaty.cz\/wp-content\/uploads\/2025\/05\/1746528209260-scaled.jpg\" data-link=\"https:\/\/www.lagottoromagnolo-ribaty.cz\/index.php\/doporucujeme\/attachment\/1746528209260\/\" class=\"wp-image-11339\" srcset=\"https:\/\/www.lagottoromagnolo-ribaty.cz\/wp-content\/uploads\/2025\/05\/1746528209260-768x1024.jpg 768w, https:\/\/www.lagottoromagnolo-ribaty.cz\/wp-content\/uploads\/2025\/05\/1746528209260-375x500.jpg 375w, https:\/\/www.lagottoromagnolo-ribaty.cz\/wp-content\/uploads\/2025\/05\/1746528209260-1152x1536.jpg 1152w, https:\/\/www.lagottoromagnolo-ribaty.cz\/wp-content\/uploads\/2025\/05\/1746528209260-1536x2048.jpg 1536w, https:\/\/www.lagottoromagnolo-ribaty.cz\/wp-content\/uploads\/2025\/05\/1746528209260-scaled.jpg 1920w\" sizes=\"(max-width: 768px) 100vw, 768px\" \/><\/figure><\/li><li class=\"blocks-gallery-item\"><figure><img loading=\"lazy\" width=\"1024\" height=\"768\" src=\"https:\/\/www.lagottoromagnolo-ribaty.cz\/wp-content\/uploads\/2025\/05\/1746528209309-1024x768.jpg\" alt=\"\" data-id=\"11340\" data-full-url=\"https:\/\/www.lagottoromagnolo-ribaty.cz\/wp-content\/uploads\/2025\/05\/1746528209309-scaled.jpg\" data-link=\"https:\/\/www.lagottoromagnolo-ribaty.cz\/index.php\/doporucujeme\/attachment\/1746528209309\/\" class=\"wp-image-11340\" srcset=\"https:\/\/www.lagottoromagnolo-ribaty.cz\/wp-content\/uploads\/2025\/05\/1746528209309-1024x768.jpg 1024w, https:\/\/www.lagottoromagnolo-ribaty.cz\/wp-content\/uploads\/2025\/05\/1746528209309-500x375.jpg 500w, https:\/\/www.lagottoromagnolo-ribaty.cz\/wp-content\/uploads\/2025\/05\/1746528209309-768x576.jpg 768w, https:\/\/www.lagottoromagnolo-ribaty.cz\/wp-content\/uploads\/2025\/05\/1746528209309-1536x1152.jpg 1536w, https:\/\/www.lagottoromagnolo-ribaty.cz\/wp-content\/uploads\/2025\/05\/1746528209309-2048x1536.jpg 2048w\" sizes=\"(max-width: 1024px) 100vw, 1024px\" \/><\/figure><\/li><\/ul><\/figure>\n","protected":false},"excerpt":{"rendered":"<p>N\u011bco ke \u010dten\u00ed N\u011bco k poslechu &#8211; audio https:\/\/www.youtube.com\/results?search_query=labvet+podcast Dokument &#8211; Tajn\u00fd \u017eivot ps\u016f \u010c\u00edm krm\u00edme &#8211; \u0161t\u011b\u0148\u00e1tka Vivere, dosp\u011bl\u00e1ci Primordial (v\u00edce variant, v\u00edce chut\u00ed) Kde se skv\u011ble haj\u00e1 a je\u0161t\u011b je \u0161ance, \u017ee to vydr\u017e\u00ed https:\/\/www.peliskydog.cz\/pelisek-maya-ortopedicky\/ https:\/\/www.peliskydog.cz\/zdravotni-lehatko-kingbed\/ &#8211; viz foto<\/p>\n","protected":false},"author":1,"featured_media":0,"parent":0,"menu_order":0,"comment_status":"closed","ping_status":"closed","template":"template-full-width.php","meta":{"ngg_post_thumbnail":0},"_links":{"self":[{"href":"https:\/\/www.lagottoromagnolo-ribaty.cz\/index.php\/wp-json\/wp\/v2\/pages\/9492"}],"collection":[{"href":"https:\/\/www.lagottoromagnolo-ribaty.cz\/index.php\/wp-json\/wp\/v2\/pages"}],"about":[{"href":"https:\/\/www.lagottoromagnolo-ribaty.cz\/index.php\/wp-json\/wp\/v2\/types\/page"}],"author":[{"embeddable":true,"href":"https:\/\/www.lagottoromagnolo-ribaty.cz\/index.php\/wp-json\/wp\/v2\/users\/1"}],"replies":[{"embeddable":true,"href":"https:\/\/www.lagottoromagnolo-ribaty.cz\/index.php\/wp-json\/wp\/v2\/comments?post=9492"}],"version-history":[{"count":16,"href":"https:\/\/www.lagottoromagnolo-ribaty.cz\/index.php\/wp-json\/wp\/v2\/pages\/9492\/revisions"}],"predecessor-version":[{"id":11341,"href":"https:\/\/www.lagottoromagnolo-ribaty.cz\/index.php\/wp-json\/wp\/v2\/pages\/9492\/revisions\/11341"}],"wp:attachment":[{"href":"https:\/\/www.lagottoromagnolo-ribaty.cz\/index.php\/wp-json\/wp\/v2\/media?parent=9492"}],"curies":[{"name":"wp","href":"https:\/\/api.w.org\/{rel}","templated":true}]}}