{"id":7615,"date":"2022-01-14T14:42:41","date_gmt":"2022-01-14T14:42:41","guid":{"rendered":"http:\/\/www.lagottoromagnolo-ribaty.cz\/?page_id=7615"},"modified":"2022-07-07T12:42:21","modified_gmt":"2022-07-07T12:42:21","slug":"klub-chovatelu-lagotto-romagnolo-z-s-kchlgr","status":"publish","type":"page","link":"https:\/\/www.lagottoromagnolo-ribaty.cz\/index.php\/klub-chovatelu-lagotto-romagnolo-z-s-kchlgr\/","title":{"rendered":"Klub chovatel\u016f Lagotto Romagnolo, z.s. (KCHLGR)"},"content":{"rendered":"<p><a href=\"https:\/\/www.lagottoromagnolo-klub.cz\/\">https:\/\/www.lagottoromagnolo-klub.cz\/<\/a><\/p>\n<p><span style=\"color: #000000;\"><strong>Klub chovatel\u016f Lagotto Romagnolo, z.s. (d\u00e1le jen KCHLGR)<\/strong> byl zalo\u017een v roce 2021 za \u00fa\u010delem roz\u0161\u00ed\u0159en\u00ed chovatelsk\u00e9 z\u00e1kladny a zlep\u0161en\u00ed chovu lagottek v \u010cR. C\u00edlem KCHLGR je sv\u011bdomit\u00fd chov s ohledem na v\u00fdborn\u00e9 zdrav\u00ed, poskytovat poradenstv\u00ed ve v\u0161ech sm\u011brech chovu (ale i z b\u011b\u017en\u00e9ho ps\u00edho \u017eivota). <\/span><\/p>\n<p><span style=\"color: #3366ff;\"><strong>**V\u00fdhody \u010dlenstv\u00ed v klubu**:\u00a0<\/strong> <\/span><\/p>\n<ul>\n<li>slevy na klubov\u00fdch akc\u00edch<\/li>\n<li>mo\u017enosti prezentace sv\u00fdch \u00fasp\u011bch\u016f, vrh\u016f na webu<\/li>\n<li>mo\u017enost \u00fa\u010dastnit se klubov\u00fdch akc\u00ed (webin\u00e1\u0159e, semin\u00e1\u0159e) a z\u00edskat tak hlub\u0161\u00ed podvdom\u00ed o tomto skv\u011bl\u00e9m plemeni<\/li>\n<li>z\u00edsk\u00e1n\u00ed nov\u00fdch poznatk\u016f<\/li>\n<li>sezn\u00e1men\u00ed se s dlouholet\u00fdmi chovateli a jejich zku\u0161enostmi v chovu<\/li>\n<\/ul>\n<p><span style=\"color: #3366ff;\"><strong>&gt;&gt;&gt; Jak se st\u00e1t \u010dlenem? &lt;&lt;&lt; <\/strong><\/span><\/p>\n<ul>\n<li>po\u0161lete <strong>\u017d\u00e1dost o \u010dlenstv\u00ed<\/strong> (<a href=\"http:\/\/www.lagottoromagnolo-ribaty.cz\/wp-content\/uploads\/2022\/07\/ZADOST-O-CLENSTVI-V-KCHLGR.docx\">\u017d\u00c1DOST O \u010cLENSTV\u00cd V KCHLGR<\/a>) na<em><strong> kchlgr@seznam.cz<\/strong><\/em><\/li>\n<\/ul>\n<p><span style=\"color: #000000;\">T\u011b\u0161\u00edme se na V\u00e1s a r\u00e1di V\u00e1s p\u0159iv\u00edt\u00e1me mezi klubov\u00e9 \u010dleny!<\/span><\/p>\n","protected":false},"excerpt":{"rendered":"<p>https:\/\/www.lagottoromagnolo-klub.cz\/ Klub chovatel\u016f Lagotto Romagnolo, z.s. (d\u00e1le jen KCHLGR) byl zalo\u017een v roce 2021 za \u00fa\u010delem roz\u0161\u00ed\u0159en\u00ed chovatelsk\u00e9 z\u00e1kladny a zlep\u0161en\u00ed chovu lagottek v \u010cR. C\u00edlem KCHLGR je sv\u011bdomit\u00fd chov s ohledem na v\u00fdborn\u00e9 zdrav\u00ed, poskytovat poradenstv\u00ed ve v\u0161ech sm\u011brech chovu (ale i z b\u011b\u017en\u00e9ho ps\u00edho \u017eivota). **V\u00fdhody \u010dlenstv\u00ed v klubu**:\u00a0 slevy na klubov\u00fdch akc\u00edch [&hellip;]<\/p>\n","protected":false},"author":1,"featured_media":0,"parent":0,"menu_order":0,"comment_status":"closed","ping_status":"closed","template":"template-full-width.php","meta":{"ngg_post_thumbnail":0},"_links":{"self":[{"href":"https:\/\/www.lagottoromagnolo-ribaty.cz\/index.php\/wp-json\/wp\/v2\/pages\/7615"}],"collection":[{"href":"https:\/\/www.lagottoromagnolo-ribaty.cz\/index.php\/wp-json\/wp\/v2\/pages"}],"about":[{"href":"https:\/\/www.lagottoromagnolo-ribaty.cz\/index.php\/wp-json\/wp\/v2\/types\/page"}],"author":[{"embeddable":true,"href":"https:\/\/www.lagottoromagnolo-ribaty.cz\/index.php\/wp-json\/wp\/v2\/users\/1"}],"replies":[{"embeddable":true,"href":"https:\/\/www.lagottoromagnolo-ribaty.cz\/index.php\/wp-json\/wp\/v2\/comments?post=7615"}],"version-history":[{"count":15,"href":"https:\/\/www.lagottoromagnolo-ribaty.cz\/index.php\/wp-json\/wp\/v2\/pages\/7615\/revisions"}],"predecessor-version":[{"id":8182,"href":"https:\/\/www.lagottoromagnolo-ribaty.cz\/index.php\/wp-json\/wp\/v2\/pages\/7615\/revisions\/8182"}],"wp:attachment":[{"href":"https:\/\/www.lagottoromagnolo-ribaty.cz\/index.php\/wp-json\/wp\/v2\/media?parent=7615"}],"curies":[{"name":"wp","href":"https:\/\/api.w.org\/{rel}","templated":true}]}}