{"id":7188,"date":"2021-07-02T11:41:28","date_gmt":"2021-07-02T11:41:28","guid":{"rendered":"http:\/\/www.lagottoromagnolo-ribaty.cz\/?page_id=7188"},"modified":"2022-07-07T14:21:30","modified_gmt":"2022-07-07T14:21:30","slug":"cervenec-2021","status":"publish","type":"page","link":"https:\/\/www.lagottoromagnolo-ribaty.cz\/index.php\/cervenec-2021\/","title":{"rendered":"\u010cervenec 2021"},"content":{"rendered":"\n<p>Informace i fotky budou postupn\u011b dopln\u011bny s vrhy E a F. <\/p>\n\n\n\n<p>D\u011bkujeme za pochopen\u00ed. \ud83d\ude42 <\/p>\n","protected":false},"excerpt":{"rendered":"<p>Informace i fotky budou postupn\u011b dopln\u011bny s vrhy E a F. D\u011bkujeme za pochopen\u00ed. \ud83d\ude42<\/p>\n","protected":false},"author":1,"featured_media":0,"parent":0,"menu_order":0,"comment_status":"closed","ping_status":"closed","template":"","meta":{"ngg_post_thumbnail":0},"_links":{"self":[{"href":"https:\/\/www.lagottoromagnolo-ribaty.cz\/index.php\/wp-json\/wp\/v2\/pages\/7188"}],"collection":[{"href":"https:\/\/www.lagottoromagnolo-ribaty.cz\/index.php\/wp-json\/wp\/v2\/pages"}],"about":[{"href":"https:\/\/www.lagottoromagnolo-ribaty.cz\/index.php\/wp-json\/wp\/v2\/types\/page"}],"author":[{"embeddable":true,"href":"https:\/\/www.lagottoromagnolo-ribaty.cz\/index.php\/wp-json\/wp\/v2\/users\/1"}],"replies":[{"embeddable":true,"href":"https:\/\/www.lagottoromagnolo-ribaty.cz\/index.php\/wp-json\/wp\/v2\/comments?post=7188"}],"version-history":[{"count":2,"href":"https:\/\/www.lagottoromagnolo-ribaty.cz\/index.php\/wp-json\/wp\/v2\/pages\/7188\/revisions"}],"predecessor-version":[{"id":8244,"href":"https:\/\/www.lagottoromagnolo-ribaty.cz\/index.php\/wp-json\/wp\/v2\/pages\/7188\/revisions\/8244"}],"wp:attachment":[{"href":"https:\/\/www.lagottoromagnolo-ribaty.cz\/index.php\/wp-json\/wp\/v2\/media?parent=7188"}],"curies":[{"name":"wp","href":"https:\/\/api.w.org\/{rel}","templated":true}]}}