{"id":6471,"date":"2021-02-02T14:28:05","date_gmt":"2021-02-02T14:28:05","guid":{"rendered":"http:\/\/www.lagottoromagnolo-ribaty.cz\/?page_id=6471"},"modified":"2021-06-07T10:38:02","modified_gmt":"2021-06-07T10:38:02","slug":"leden-2021","status":"publish","type":"page","link":"https:\/\/www.lagottoromagnolo-ribaty.cz\/index.php\/leden-2021\/","title":{"rendered":"Leden 2021"},"content":{"rendered":"<p>&nbsp;<\/p>\n<p><strong><em><span style=\"color: #000000;\">Vrh C \u2013 informace z 5.1.2021 \u2013 je n\u00e1m 1 m\u011bs\u00edc a 4 dny<\/span><br \/>\n<\/em><\/strong><\/p>\n<p>&nbsp;<\/p>\n<p><span style=\"color: #000000;\">Cant\u00edk asi nepochopil princip misky, ale je\u0161t\u011b, \u017ee to nebylo v pln\u00e9 misce&#8230;..<\/span><\/p>\n<p>&nbsp;<\/p>\n\n\t\t<style type=\"text\/css\">\n\t\t\t#gallery-1 {\n\t\t\t\tmargin: auto;\n\t\t\t}\n\t\t\t#gallery-1 .gallery-item {\n\t\t\t\tfloat: left;\n\t\t\t\tmargin-top: 10px;\n\t\t\t\ttext-align: center;\n\t\t\t\twidth: 50%;\n\t\t\t}\n\t\t\t#gallery-1 img {\n\t\t\t\tborder: 2px solid #cfcfcf;\n\t\t\t}\n\t\t\t#gallery-1 .gallery-caption {\n\t\t\t\tmargin-left: 0;\n\t\t\t}\n\t\t\t\/* see gallery_shortcode() in wp-includes\/media.php *\/\n\t\t<\/style>\n\t\t<div id='gallery-1' class='gallery galleryid-6471 gallery-columns-2 gallery-size-medium'><dl class='gallery-item'>\n\t\t\t<dt class='gallery-icon landscape'>\n\t\t\t\t<a href='https:\/\/www.lagottoromagnolo-ribaty.cz\/index.php\/leden-2021\/img_20210105_221810\/'><img width=\"300\" height=\"225\" src=\"https:\/\/www.lagottoromagnolo-ribaty.cz\/wp-content\/uploads\/2021\/02\/IMG_20210105_221810-300x225.jpg\" class=\"attachment-medium size-medium\" alt=\"\" loading=\"lazy\" aria-describedby=\"gallery-1-7065\" srcset=\"https:\/\/www.lagottoromagnolo-ribaty.cz\/wp-content\/uploads\/2021\/02\/IMG_20210105_221810-300x225.jpg 300w, https:\/\/www.lagottoromagnolo-ribaty.cz\/wp-content\/uploads\/2021\/02\/IMG_20210105_221810-768x576.jpg 768w, https:\/\/www.lagottoromagnolo-ribaty.cz\/wp-content\/uploads\/2021\/02\/IMG_20210105_221810-1024x768.jpg 1024w\" sizes=\"(max-width: 300px) 100vw, 300px\" \/><\/a>\n\t\t\t<\/dt>\n\t\t\t\t<dd class='wp-caption-text gallery-caption' id='gallery-1-7065'>\n\t\t\t\tCaro\n\t\t\t\t<\/dd><\/dl><dl class='gallery-item'>\n\t\t\t<dt class='gallery-icon portrait'>\n\t\t\t\t<a href='https:\/\/www.lagottoromagnolo-ribaty.cz\/index.php\/leden-2021\/img_20210105_221823\/'><img width=\"225\" height=\"300\" src=\"https:\/\/www.lagottoromagnolo-ribaty.cz\/wp-content\/uploads\/2021\/02\/IMG_20210105_221823-225x300.jpg\" class=\"attachment-medium size-medium\" alt=\"\" loading=\"lazy\" aria-describedby=\"gallery-1-7066\" srcset=\"https:\/\/www.lagottoromagnolo-ribaty.cz\/wp-content\/uploads\/2021\/02\/IMG_20210105_221823-225x300.jpg 225w, https:\/\/www.lagottoromagnolo-ribaty.cz\/wp-content\/uploads\/2021\/02\/IMG_20210105_221823-768x1024.jpg 768w\" sizes=\"(max-width: 225px) 100vw, 225px\" \/><\/a>\n\t\t\t<\/dt>\n\t\t\t\t<dd class='wp-caption-text gallery-caption' id='gallery-1-7066'>\n\t\t\t\tCanto\n\t\t\t\t<\/dd><\/dl><br style=\"clear: both\" \/>\n\t\t<\/div>\n\n<p>&nbsp;<\/p>\n<p><strong><em><span style=\"color: #000000;\">Vrh C \u2013 informace ze 4.1.2021 \u2013 je n\u00e1m 1 m\u011bs\u00edc a 3 dny<\/span><br \/>\n<\/em><\/strong><\/p>\n<p>&nbsp;<\/p>\n<p><span style=\"color: #000000;\">Babetka a Chicou\u0161ek dokazuj\u00ed, \u017ee i sourozenci se maj\u00ed moooc r\u00e1di! \ud83d\ude42<\/span><\/p>\n\n\t\t<style type=\"text\/css\">\n\t\t\t#gallery-2 {\n\t\t\t\tmargin: auto;\n\t\t\t}\n\t\t\t#gallery-2 .gallery-item {\n\t\t\t\tfloat: left;\n\t\t\t\tmargin-top: 10px;\n\t\t\t\ttext-align: center;\n\t\t\t\twidth: 100%;\n\t\t\t}\n\t\t\t#gallery-2 img {\n\t\t\t\tborder: 2px solid #cfcfcf;\n\t\t\t}\n\t\t\t#gallery-2 .gallery-caption {\n\t\t\t\tmargin-left: 0;\n\t\t\t}\n\t\t\t\/* see gallery_shortcode() in wp-includes\/media.php *\/\n\t\t<\/style>\n\t\t<div id='gallery-2' class='gallery galleryid-6471 gallery-columns-1 gallery-size-full'><dl class='gallery-item'>\n\t\t\t<dt class='gallery-icon landscape'>\n\t\t\t\t<a href='https:\/\/www.lagottoromagnolo-ribaty.cz\/index.php\/leden-2021\/img_20210104_115505\/'><img width=\"4000\" height=\"3000\" src=\"https:\/\/www.lagottoromagnolo-ribaty.cz\/wp-content\/uploads\/2021\/02\/IMG_20210104_115505.jpg\" class=\"attachment-full size-full\" alt=\"\" loading=\"lazy\" srcset=\"https:\/\/www.lagottoromagnolo-ribaty.cz\/wp-content\/uploads\/2021\/02\/IMG_20210104_115505.jpg 4000w, https:\/\/www.lagottoromagnolo-ribaty.cz\/wp-content\/uploads\/2021\/02\/IMG_20210104_115505-300x225.jpg 300w, https:\/\/www.lagottoromagnolo-ribaty.cz\/wp-content\/uploads\/2021\/02\/IMG_20210104_115505-768x576.jpg 768w, https:\/\/www.lagottoromagnolo-ribaty.cz\/wp-content\/uploads\/2021\/02\/IMG_20210104_115505-1024x768.jpg 1024w\" sizes=\"(max-width: 4000px) 100vw, 4000px\" \/><\/a>\n\t\t\t<\/dt><\/dl><br style=\"clear: both\" \/>\n\t\t<\/div>\n\n<p>&nbsp;<\/p>\n<p><strong><em><span style=\"color: #000000;\">Vrh C \u2013 informace z 2.1.2021 \u2013 je n\u00e1m 1 m\u011bs\u00edc a 1 den<\/span><br \/>\n<\/em><\/strong><\/p>\n<p>&nbsp;<\/p>\n<p><span style=\"color: #000000;\">Nekte\u0159\u00ed se tv\u00e1\u0159ili, \u017ee nezlob\u00ed a jin\u00ed to kl\u00ed\u010fo dali najevo \ud83d\ude00<\/span><\/p>\n<p>&nbsp;<\/p>\n<p><span style=\"color: #993366;\"><strong>6. fenka &#8211; CESMINE<\/strong> <\/span><\/p>\n\n\t\t<style type=\"text\/css\">\n\t\t\t#gallery-3 {\n\t\t\t\tmargin: auto;\n\t\t\t}\n\t\t\t#gallery-3 .gallery-item {\n\t\t\t\tfloat: left;\n\t\t\t\tmargin-top: 10px;\n\t\t\t\ttext-align: center;\n\t\t\t\twidth: 33%;\n\t\t\t}\n\t\t\t#gallery-3 img {\n\t\t\t\tborder: 2px solid #cfcfcf;\n\t\t\t}\n\t\t\t#gallery-3 .gallery-caption {\n\t\t\t\tmargin-left: 0;\n\t\t\t}\n\t\t\t\/* see gallery_shortcode() in wp-includes\/media.php *\/\n\t\t<\/style>\n\t\t<div id='gallery-3' class='gallery galleryid-6471 gallery-columns-3 gallery-size-medium'><dl class='gallery-item'>\n\t\t\t<dt class='gallery-icon portrait'>\n\t\t\t\t<a href='https:\/\/www.lagottoromagnolo-ribaty.cz\/index.php\/leden-2021\/img_20210102_221658\/'><img width=\"225\" height=\"300\" src=\"https:\/\/www.lagottoromagnolo-ribaty.cz\/wp-content\/uploads\/2021\/02\/IMG_20210102_221658-225x300.jpg\" class=\"attachment-medium size-medium\" alt=\"\" loading=\"lazy\" srcset=\"https:\/\/www.lagottoromagnolo-ribaty.cz\/wp-content\/uploads\/2021\/02\/IMG_20210102_221658-225x300.jpg 225w, https:\/\/www.lagottoromagnolo-ribaty.cz\/wp-content\/uploads\/2021\/02\/IMG_20210102_221658-768x1024.jpg 768w\" sizes=\"(max-width: 225px) 100vw, 225px\" \/><\/a>\n\t\t\t<\/dt><\/dl><dl class='gallery-item'>\n\t\t\t<dt class='gallery-icon portrait'>\n\t\t\t\t<a href='https:\/\/www.lagottoromagnolo-ribaty.cz\/index.php\/leden-2021\/img_20210102_221648\/'><img width=\"225\" height=\"300\" src=\"https:\/\/www.lagottoromagnolo-ribaty.cz\/wp-content\/uploads\/2021\/02\/IMG_20210102_221648-225x300.jpg\" class=\"attachment-medium size-medium\" alt=\"\" loading=\"lazy\" srcset=\"https:\/\/www.lagottoromagnolo-ribaty.cz\/wp-content\/uploads\/2021\/02\/IMG_20210102_221648-225x300.jpg 225w, https:\/\/www.lagottoromagnolo-ribaty.cz\/wp-content\/uploads\/2021\/02\/IMG_20210102_221648-768x1024.jpg 768w\" sizes=\"(max-width: 225px) 100vw, 225px\" \/><\/a>\n\t\t\t<\/dt><\/dl><dl class='gallery-item'>\n\t\t\t<dt class='gallery-icon portrait'>\n\t\t\t\t<a href='https:\/\/www.lagottoromagnolo-ribaty.cz\/index.php\/leden-2021\/img_20210102_221642\/'><img width=\"225\" height=\"300\" src=\"https:\/\/www.lagottoromagnolo-ribaty.cz\/wp-content\/uploads\/2021\/02\/IMG_20210102_221642-225x300.jpg\" class=\"attachment-medium size-medium\" alt=\"\" loading=\"lazy\" srcset=\"https:\/\/www.lagottoromagnolo-ribaty.cz\/wp-content\/uploads\/2021\/02\/IMG_20210102_221642-225x300.jpg 225w, https:\/\/www.lagottoromagnolo-ribaty.cz\/wp-content\/uploads\/2021\/02\/IMG_20210102_221642-768x1024.jpg 768w\" sizes=\"(max-width: 225px) 100vw, 225px\" \/><\/a>\n\t\t\t<\/dt><\/dl><br style=\"clear: both\" \/>\n\t\t<\/div>\n\n<p>&nbsp;<\/p>\n<p><span style=\"color: #ff9900;\"><strong>5. fenka &#8211; CLEMETINE<\/strong> <\/span><\/p>\n\n\t\t<style type=\"text\/css\">\n\t\t\t#gallery-4 {\n\t\t\t\tmargin: auto;\n\t\t\t}\n\t\t\t#gallery-4 .gallery-item {\n\t\t\t\tfloat: left;\n\t\t\t\tmargin-top: 10px;\n\t\t\t\ttext-align: center;\n\t\t\t\twidth: 33%;\n\t\t\t}\n\t\t\t#gallery-4 img {\n\t\t\t\tborder: 2px solid #cfcfcf;\n\t\t\t}\n\t\t\t#gallery-4 .gallery-caption {\n\t\t\t\tmargin-left: 0;\n\t\t\t}\n\t\t\t\/* see gallery_shortcode() in wp-includes\/media.php *\/\n\t\t<\/style>\n\t\t<div id='gallery-4' class='gallery galleryid-6471 gallery-columns-3 gallery-size-medium'><dl class='gallery-item'>\n\t\t\t<dt class='gallery-icon landscape'>\n\t\t\t\t<a href='https:\/\/www.lagottoromagnolo-ribaty.cz\/index.php\/leden-2021\/img_20210102_111418\/'><img width=\"300\" height=\"225\" src=\"https:\/\/www.lagottoromagnolo-ribaty.cz\/wp-content\/uploads\/2021\/02\/IMG_20210102_111418-300x225.jpg\" class=\"attachment-medium size-medium\" alt=\"\" loading=\"lazy\" srcset=\"https:\/\/www.lagottoromagnolo-ribaty.cz\/wp-content\/uploads\/2021\/02\/IMG_20210102_111418-300x225.jpg 300w, https:\/\/www.lagottoromagnolo-ribaty.cz\/wp-content\/uploads\/2021\/02\/IMG_20210102_111418-768x576.jpg 768w, https:\/\/www.lagottoromagnolo-ribaty.cz\/wp-content\/uploads\/2021\/02\/IMG_20210102_111418-1024x768.jpg 1024w\" sizes=\"(max-width: 300px) 100vw, 300px\" \/><\/a>\n\t\t\t<\/dt><\/dl>\n\t\t\t<br style='clear: both' \/>\n\t\t<\/div>\n\n<p>&nbsp;<\/p>\n<p><span style=\"color: #33cccc;\"><strong>3. pejsek &#8211; CANTO<\/strong> <\/span><\/p>\n\n\t\t<style type=\"text\/css\">\n\t\t\t#gallery-5 {\n\t\t\t\tmargin: auto;\n\t\t\t}\n\t\t\t#gallery-5 .gallery-item {\n\t\t\t\tfloat: left;\n\t\t\t\tmargin-top: 10px;\n\t\t\t\ttext-align: center;\n\t\t\t\twidth: 33%;\n\t\t\t}\n\t\t\t#gallery-5 img {\n\t\t\t\tborder: 2px solid #cfcfcf;\n\t\t\t}\n\t\t\t#gallery-5 .gallery-caption {\n\t\t\t\tmargin-left: 0;\n\t\t\t}\n\t\t\t\/* see gallery_shortcode() in wp-includes\/media.php *\/\n\t\t<\/style>\n\t\t<div id='gallery-5' class='gallery galleryid-6471 gallery-columns-3 gallery-size-medium'><dl class='gallery-item'>\n\t\t\t<dt class='gallery-icon landscape'>\n\t\t\t\t<a href='https:\/\/www.lagottoromagnolo-ribaty.cz\/index.php\/leden-2021\/img_20210102_222132\/'><img width=\"300\" height=\"225\" src=\"https:\/\/www.lagottoromagnolo-ribaty.cz\/wp-content\/uploads\/2021\/02\/IMG_20210102_222132-300x225.jpg\" class=\"attachment-medium size-medium\" alt=\"\" loading=\"lazy\" srcset=\"https:\/\/www.lagottoromagnolo-ribaty.cz\/wp-content\/uploads\/2021\/02\/IMG_20210102_222132-300x225.jpg 300w, https:\/\/www.lagottoromagnolo-ribaty.cz\/wp-content\/uploads\/2021\/02\/IMG_20210102_222132-768x576.jpg 768w, https:\/\/www.lagottoromagnolo-ribaty.cz\/wp-content\/uploads\/2021\/02\/IMG_20210102_222132-1024x768.jpg 1024w\" sizes=\"(max-width: 300px) 100vw, 300px\" \/><\/a>\n\t\t\t<\/dt><\/dl>\n\t\t\t<br style='clear: both' \/>\n\t\t<\/div>\n\n<p>&nbsp;<\/p>\n<p><span style=\"color: #000080;\"><strong>2. pejsek &#8211; CARO<\/strong><\/span><\/p>\n\n\t\t<style type=\"text\/css\">\n\t\t\t#gallery-6 {\n\t\t\t\tmargin: auto;\n\t\t\t}\n\t\t\t#gallery-6 .gallery-item {\n\t\t\t\tfloat: left;\n\t\t\t\tmargin-top: 10px;\n\t\t\t\ttext-align: center;\n\t\t\t\twidth: 33%;\n\t\t\t}\n\t\t\t#gallery-6 img {\n\t\t\t\tborder: 2px solid #cfcfcf;\n\t\t\t}\n\t\t\t#gallery-6 .gallery-caption {\n\t\t\t\tmargin-left: 0;\n\t\t\t}\n\t\t\t\/* see gallery_shortcode() in wp-includes\/media.php *\/\n\t\t<\/style>\n\t\t<div id='gallery-6' class='gallery galleryid-6471 gallery-columns-3 gallery-size-medium'><dl class='gallery-item'>\n\t\t\t<dt class='gallery-icon landscape'>\n\t\t\t\t<a href='https:\/\/www.lagottoromagnolo-ribaty.cz\/index.php\/leden-2021\/img_20210102_222141\/'><img width=\"300\" height=\"225\" src=\"https:\/\/www.lagottoromagnolo-ribaty.cz\/wp-content\/uploads\/2021\/02\/IMG_20210102_222141-300x225.jpg\" class=\"attachment-medium size-medium\" alt=\"\" loading=\"lazy\" srcset=\"https:\/\/www.lagottoromagnolo-ribaty.cz\/wp-content\/uploads\/2021\/02\/IMG_20210102_222141-300x225.jpg 300w, https:\/\/www.lagottoromagnolo-ribaty.cz\/wp-content\/uploads\/2021\/02\/IMG_20210102_222141-768x576.jpg 768w, https:\/\/www.lagottoromagnolo-ribaty.cz\/wp-content\/uploads\/2021\/02\/IMG_20210102_222141-1024x768.jpg 1024w\" sizes=\"(max-width: 300px) 100vw, 300px\" \/><\/a>\n\t\t\t<\/dt><\/dl><dl class='gallery-item'>\n\t\t\t<dt class='gallery-icon portrait'>\n\t\t\t\t<a href='https:\/\/www.lagottoromagnolo-ribaty.cz\/index.php\/leden-2021\/img_20210102_132603\/'><img width=\"225\" height=\"300\" src=\"https:\/\/www.lagottoromagnolo-ribaty.cz\/wp-content\/uploads\/2021\/02\/IMG_20210102_132603-225x300.jpg\" class=\"attachment-medium size-medium\" alt=\"\" loading=\"lazy\" srcset=\"https:\/\/www.lagottoromagnolo-ribaty.cz\/wp-content\/uploads\/2021\/02\/IMG_20210102_132603-225x300.jpg 225w, https:\/\/www.lagottoromagnolo-ribaty.cz\/wp-content\/uploads\/2021\/02\/IMG_20210102_132603-768x1024.jpg 768w\" sizes=\"(max-width: 225px) 100vw, 225px\" \/><\/a>\n\t\t\t<\/dt><\/dl><dl class='gallery-item'>\n\t\t\t<dt class='gallery-icon landscape'>\n\t\t\t\t<a href='https:\/\/www.lagottoromagnolo-ribaty.cz\/index.php\/leden-2021\/img_20210102_132456\/'><img width=\"300\" height=\"225\" src=\"https:\/\/www.lagottoromagnolo-ribaty.cz\/wp-content\/uploads\/2021\/02\/IMG_20210102_132456-300x225.jpg\" class=\"attachment-medium size-medium\" alt=\"\" loading=\"lazy\" srcset=\"https:\/\/www.lagottoromagnolo-ribaty.cz\/wp-content\/uploads\/2021\/02\/IMG_20210102_132456-300x225.jpg 300w, https:\/\/www.lagottoromagnolo-ribaty.cz\/wp-content\/uploads\/2021\/02\/IMG_20210102_132456-768x576.jpg 768w, https:\/\/www.lagottoromagnolo-ribaty.cz\/wp-content\/uploads\/2021\/02\/IMG_20210102_132456-1024x768.jpg 1024w\" sizes=\"(max-width: 300px) 100vw, 300px\" \/><\/a>\n\t\t\t<\/dt><\/dl><br style=\"clear: both\" \/>\n\t\t<\/div>\n\n<p>&nbsp;<\/p>\n<p><span style=\"color: #ff00ff;\"><strong>1. fenka &#8211; CORALINE<\/strong> <\/span><\/p>\n\n\t\t<style type=\"text\/css\">\n\t\t\t#gallery-7 {\n\t\t\t\tmargin: auto;\n\t\t\t}\n\t\t\t#gallery-7 .gallery-item {\n\t\t\t\tfloat: left;\n\t\t\t\tmargin-top: 10px;\n\t\t\t\ttext-align: center;\n\t\t\t\twidth: 33%;\n\t\t\t}\n\t\t\t#gallery-7 img {\n\t\t\t\tborder: 2px solid #cfcfcf;\n\t\t\t}\n\t\t\t#gallery-7 .gallery-caption {\n\t\t\t\tmargin-left: 0;\n\t\t\t}\n\t\t\t\/* see gallery_shortcode() in wp-includes\/media.php *\/\n\t\t<\/style>\n\t\t<div id='gallery-7' class='gallery galleryid-6471 gallery-columns-3 gallery-size-medium'><dl class='gallery-item'>\n\t\t\t<dt class='gallery-icon portrait'>\n\t\t\t\t<a href='https:\/\/www.lagottoromagnolo-ribaty.cz\/index.php\/leden-2021\/img_20210102_221505\/'><img width=\"225\" height=\"300\" src=\"https:\/\/www.lagottoromagnolo-ribaty.cz\/wp-content\/uploads\/2021\/02\/IMG_20210102_221505-225x300.jpg\" class=\"attachment-medium size-medium\" alt=\"\" loading=\"lazy\" srcset=\"https:\/\/www.lagottoromagnolo-ribaty.cz\/wp-content\/uploads\/2021\/02\/IMG_20210102_221505-225x300.jpg 225w, https:\/\/www.lagottoromagnolo-ribaty.cz\/wp-content\/uploads\/2021\/02\/IMG_20210102_221505-768x1024.jpg 768w\" sizes=\"(max-width: 225px) 100vw, 225px\" \/><\/a>\n\t\t\t<\/dt><\/dl><dl class='gallery-item'>\n\t\t\t<dt class='gallery-icon portrait'>\n\t\t\t\t<a href='https:\/\/www.lagottoromagnolo-ribaty.cz\/index.php\/leden-2021\/img_20210102_221455\/'><img width=\"225\" height=\"300\" src=\"https:\/\/www.lagottoromagnolo-ribaty.cz\/wp-content\/uploads\/2021\/02\/IMG_20210102_221455-225x300.jpg\" class=\"attachment-medium size-medium\" alt=\"\" loading=\"lazy\" srcset=\"https:\/\/www.lagottoromagnolo-ribaty.cz\/wp-content\/uploads\/2021\/02\/IMG_20210102_221455-225x300.jpg 225w, https:\/\/www.lagottoromagnolo-ribaty.cz\/wp-content\/uploads\/2021\/02\/IMG_20210102_221455-768x1024.jpg 768w\" sizes=\"(max-width: 225px) 100vw, 225px\" \/><\/a>\n\t\t\t<\/dt><\/dl><dl class='gallery-item'>\n\t\t\t<dt class='gallery-icon portrait'>\n\t\t\t\t<a href='https:\/\/www.lagottoromagnolo-ribaty.cz\/index.php\/leden-2021\/img_20210102_130209\/'><img width=\"225\" height=\"300\" src=\"https:\/\/www.lagottoromagnolo-ribaty.cz\/wp-content\/uploads\/2021\/02\/IMG_20210102_130209-225x300.jpg\" class=\"attachment-medium size-medium\" alt=\"\" loading=\"lazy\" srcset=\"https:\/\/www.lagottoromagnolo-ribaty.cz\/wp-content\/uploads\/2021\/02\/IMG_20210102_130209-225x300.jpg 225w, https:\/\/www.lagottoromagnolo-ribaty.cz\/wp-content\/uploads\/2021\/02\/IMG_20210102_130209-768x1024.jpg 768w\" sizes=\"(max-width: 225px) 100vw, 225px\" \/><\/a>\n\t\t\t<\/dt><\/dl><br style=\"clear: both\" \/>\n\t\t<\/div>\n\n<p>&nbsp;<\/p>\n<p>&nbsp;<\/p>\n<p><strong><em><span style=\"color: #000000;\">Vrh C \u2013 informace z 1.1.2021 \u2013 <span style=\"color: #ff0000;\">je n\u00e1m 1 m\u011bs\u00edc<\/span><\/span><br \/>\n<\/em><\/strong><\/p>\n<p>&nbsp;<\/p>\n<p><span style=\"color: #000000;\">Br\u00e1\u0161ka se s\u00e9grou byli dnes moooc fotogeni\u010dt\u00ed \ud83d\ude00<\/span><\/p>\n\n\t\t<style type=\"text\/css\">\n\t\t\t#gallery-8 {\n\t\t\t\tmargin: auto;\n\t\t\t}\n\t\t\t#gallery-8 .gallery-item {\n\t\t\t\tfloat: left;\n\t\t\t\tmargin-top: 10px;\n\t\t\t\ttext-align: center;\n\t\t\t\twidth: 50%;\n\t\t\t}\n\t\t\t#gallery-8 img {\n\t\t\t\tborder: 2px solid #cfcfcf;\n\t\t\t}\n\t\t\t#gallery-8 .gallery-caption {\n\t\t\t\tmargin-left: 0;\n\t\t\t}\n\t\t\t\/* see gallery_shortcode() in wp-includes\/media.php *\/\n\t\t<\/style>\n\t\t<div id='gallery-8' class='gallery galleryid-6471 gallery-columns-2 gallery-size-full'><dl class='gallery-item'>\n\t\t\t<dt class='gallery-icon portrait'>\n\t\t\t\t<a href='https:\/\/www.lagottoromagnolo-ribaty.cz\/index.php\/leden-2021\/img_20210101_211525\/'><img width=\"3000\" height=\"4000\" src=\"https:\/\/www.lagottoromagnolo-ribaty.cz\/wp-content\/uploads\/2021\/02\/IMG_20210101_211525.jpg\" class=\"attachment-full size-full\" alt=\"\" loading=\"lazy\" aria-describedby=\"gallery-8-7002\" srcset=\"https:\/\/www.lagottoromagnolo-ribaty.cz\/wp-content\/uploads\/2021\/02\/IMG_20210101_211525.jpg 3000w, https:\/\/www.lagottoromagnolo-ribaty.cz\/wp-content\/uploads\/2021\/02\/IMG_20210101_211525-225x300.jpg 225w, https:\/\/www.lagottoromagnolo-ribaty.cz\/wp-content\/uploads\/2021\/02\/IMG_20210101_211525-768x1024.jpg 768w\" sizes=\"(max-width: 3000px) 100vw, 3000px\" \/><\/a>\n\t\t\t<\/dt>\n\t\t\t\t<dd class='wp-caption-text gallery-caption' id='gallery-8-7002'>\n\t\t\t\tBabetka \n\t\t\t\t<\/dd><\/dl><dl class='gallery-item'>\n\t\t\t<dt class='gallery-icon landscape'>\n\t\t\t\t<a href='https:\/\/www.lagottoromagnolo-ribaty.cz\/index.php\/leden-2021\/img_20210101_212036\/'><img width=\"4000\" height=\"3000\" src=\"https:\/\/www.lagottoromagnolo-ribaty.cz\/wp-content\/uploads\/2021\/02\/IMG_20210101_212036.jpg\" class=\"attachment-full size-full\" alt=\"\" loading=\"lazy\" aria-describedby=\"gallery-8-7003\" srcset=\"https:\/\/www.lagottoromagnolo-ribaty.cz\/wp-content\/uploads\/2021\/02\/IMG_20210101_212036.jpg 4000w, https:\/\/www.lagottoromagnolo-ribaty.cz\/wp-content\/uploads\/2021\/02\/IMG_20210101_212036-300x225.jpg 300w, https:\/\/www.lagottoromagnolo-ribaty.cz\/wp-content\/uploads\/2021\/02\/IMG_20210101_212036-768x576.jpg 768w, https:\/\/www.lagottoromagnolo-ribaty.cz\/wp-content\/uploads\/2021\/02\/IMG_20210101_212036-1024x768.jpg 1024w\" sizes=\"(max-width: 4000px) 100vw, 4000px\" \/><\/a>\n\t\t\t<\/dt>\n\t\t\t\t<dd class='wp-caption-text gallery-caption' id='gallery-8-7003'>\n\t\t\t\tChicou\u0161ek\n\t\t\t\t<\/dd><\/dl><br style=\"clear: both\" \/>\n\t\t<\/div>\n\n","protected":false},"excerpt":{"rendered":"<p>&nbsp; Vrh C \u2013 informace z 5.1.2021 \u2013 je n\u00e1m 1 m\u011bs\u00edc a 4 dny &nbsp; Cant\u00edk asi nepochopil princip misky, ale je\u0161t\u011b, \u017ee to nebylo v pln\u00e9 misce&#8230;.. &nbsp; &nbsp; Vrh C \u2013 informace ze 4.1.2021 \u2013 je n\u00e1m 1 m\u011bs\u00edc a 3 dny &nbsp; Babetka a Chicou\u0161ek dokazuj\u00ed, \u017ee i sourozenci se maj\u00ed [&hellip;]<\/p>\n","protected":false},"author":1,"featured_media":0,"parent":0,"menu_order":0,"comment_status":"closed","ping_status":"closed","template":"template-full-width.php","meta":{"ngg_post_thumbnail":0},"_links":{"self":[{"href":"https:\/\/www.lagottoromagnolo-ribaty.cz\/index.php\/wp-json\/wp\/v2\/pages\/6471"}],"collection":[{"href":"https:\/\/www.lagottoromagnolo-ribaty.cz\/index.php\/wp-json\/wp\/v2\/pages"}],"about":[{"href":"https:\/\/www.lagottoromagnolo-ribaty.cz\/index.php\/wp-json\/wp\/v2\/types\/page"}],"author":[{"embeddable":true,"href":"https:\/\/www.lagottoromagnolo-ribaty.cz\/index.php\/wp-json\/wp\/v2\/users\/1"}],"replies":[{"embeddable":true,"href":"https:\/\/www.lagottoromagnolo-ribaty.cz\/index.php\/wp-json\/wp\/v2\/comments?post=6471"}],"version-history":[{"count":12,"href":"https:\/\/www.lagottoromagnolo-ribaty.cz\/index.php\/wp-json\/wp\/v2\/pages\/6471\/revisions"}],"predecessor-version":[{"id":7001,"href":"https:\/\/www.lagottoromagnolo-ribaty.cz\/index.php\/wp-json\/wp\/v2\/pages\/6471\/revisions\/7001"}],"wp:attachment":[{"href":"https:\/\/www.lagottoromagnolo-ribaty.cz\/index.php\/wp-json\/wp\/v2\/media?parent=6471"}],"curies":[{"name":"wp","href":"https:\/\/api.w.org\/{rel}","templated":true}]}}