{"id":2371,"date":"2019-12-09T09:14:29","date_gmt":"2019-12-09T09:14:29","guid":{"rendered":"http:\/\/www.lagottoromagnolo-ribaty.cz\/?page_id=2371"},"modified":"2025-05-07T14:36:45","modified_gmt":"2025-05-07T14:36:45","slug":"vrh-b","status":"publish","type":"page","link":"https:\/\/www.lagottoromagnolo-ribaty.cz\/index.php\/vrh-b\/","title":{"rendered":"Vrh &#8220;B&#8221;"},"content":{"rendered":"\n<p><\/p>\n\n\n\n<div class=\"wp-block-buttons\">\n<div class=\"wp-block-button has-custom-font-size has-medium-font-size\"><a class=\"wp-block-button__link has-black-color has-pale-pink-background-color has-text-color has-background\" href=\"https:\/\/www.lagottoromagnolo-ribaty.cz\/index.php\/beatrice-brun-blanc-charnett-2\/\">MOTHER: B\u00c9ATRICE &#8211; BRUN BLANC CHARNETT<\/a><\/div>\n\n\n\n<div class=\"wp-block-button has-custom-font-size has-medium-font-size\"><a class=\"wp-block-button__link has-black-color has-vivid-cyan-blue-background-color has-text-color has-background\" href=\"http:\/\/www.angelnavajo.cz\/pages\/lagotto-romagnolo\/psimales\/angelo.php\">FATHER: LORD NELSON&#8217;S ANGELO<\/a><\/div>\n<\/div>\n\n\n\n<p>Z tohoto vrhu uchovn\u011bni &#8211; 1 pejsek: <a rel=\"noreferrer noopener\" href=\"https:\/\/www.lagottoromagnolo-klub.cz\/butterfly-n-morris-ribaty\/\" target=\"_blank\">Butterfly N. Morris Ribaty<\/a> (Morris); 2 fenky: <a rel=\"noreferrer noopener\" href=\"https:\/\/www.lagottoromagnolo-klub.cz\/bayla-bernadette-ribaty\/\" target=\"_blank\">Bayla Bernadette Ribaty<\/a> (Poppy) a <a rel=\"noreferrer noopener\" href=\"https:\/\/www.lagottoromagnolo-klub.cz\/bonnie-rose-ribaty\/\" target=\"_blank\">Bonnie Rose Ribaty<\/a> (Roz\u00e1rka) . V\u0161ichni maj\u00ed negativn\u00ed genetick\u00e9 testy (\u010dist\u00e9), Morris m\u00e1 DKK: B\/B, Poppy m\u00e1 DKK: A\/B (v\u0161ichni potomci DKK A), Roz\u00e1rka m\u00e1 DKK: B\/C. <\/p>\n\n\n\n<figure class=\"wp-block-embed is-type-wp-embed is-provider-chovatelska-stanice-quot-ribaty-quot wp-block-embed-chovatelska-stanice-quot-ribaty-quot\"><div class=\"wp-block-embed__wrapper\">\n<blockquote class=\"wp-embedded-content\" data-secret=\"98ZsJb0cOH\"><a href=\"https:\/\/www.lagottoromagnolo-ribaty.cz\/index.php\/b-v-milujicich-domovech\/\">&#8222;B&#8220; v miluj\u00edc\u00edch domovech<\/a><\/blockquote><iframe class=\"wp-embedded-content\" sandbox=\"allow-scripts\" security=\"restricted\" style=\"position: absolute; clip: rect(1px, 1px, 1px, 1px);\" title=\"&#8222;&#8222;B&#8220; v miluj\u00edc\u00edch domovech&#8220; &#8212; Chovatelsk\u00e1 stanice &quot;RIBATY&quot;\" src=\"https:\/\/www.lagottoromagnolo-ribaty.cz\/index.php\/b-v-milujicich-domovech\/embed\/#?secret=98ZsJb0cOH\" data-secret=\"98ZsJb0cOH\" width=\"600\" height=\"338\" frameborder=\"0\" marginwidth=\"0\" marginheight=\"0\" scrolling=\"no\"><\/iframe>\n<\/div><\/figure>\n\n\n\n<figure class=\"wp-block-embed is-type-wp-embed is-provider-chovatelska-stanice-quot-ribaty-quot wp-block-embed-chovatelska-stanice-quot-ribaty-quot\"><div class=\"wp-block-embed__wrapper\">\n<blockquote class=\"wp-embedded-content\" data-secret=\"hihThp8TGL\"><a href=\"https:\/\/www.lagottoromagnolo-ribaty.cz\/index.php\/unor-2020-odbery-stenatek\/\">\u00danor 2020 &#8211; ODB\u011aRY \u0160T\u011a\u0147\u00c1TEK<\/a><\/blockquote><iframe class=\"wp-embedded-content\" sandbox=\"allow-scripts\" security=\"restricted\" style=\"position: absolute; clip: rect(1px, 1px, 1px, 1px);\" title=\"&#8222;\u00danor 2020 &#8211; ODB\u011aRY \u0160T\u011a\u0147\u00c1TEK&#8220; &#8212; Chovatelsk\u00e1 stanice &quot;RIBATY&quot;\" src=\"https:\/\/www.lagottoromagnolo-ribaty.cz\/index.php\/unor-2020-odbery-stenatek\/embed\/#?secret=hihThp8TGL\" data-secret=\"hihThp8TGL\" width=\"600\" height=\"338\" frameborder=\"0\" marginwidth=\"0\" marginheight=\"0\" scrolling=\"no\"><\/iframe>\n<\/div><\/figure>\n\n\n\n<figure class=\"wp-block-embed is-type-wp-embed is-provider-chovatelska-stanice-quot-ribaty-quot wp-block-embed-chovatelska-stanice-quot-ribaty-quot\"><div class=\"wp-block-embed__wrapper\">\n<blockquote class=\"wp-embedded-content\" data-secret=\"vilBrJ8z1Z\"><a href=\"https:\/\/www.lagottoromagnolo-ribaty.cz\/index.php\/unor-2020\/\">\u00danor 2020<\/a><\/blockquote><iframe class=\"wp-embedded-content\" sandbox=\"allow-scripts\" security=\"restricted\" style=\"position: absolute; clip: rect(1px, 1px, 1px, 1px);\" title=\"&#8222;\u00danor 2020&#8220; &#8212; Chovatelsk\u00e1 stanice &quot;RIBATY&quot;\" src=\"https:\/\/www.lagottoromagnolo-ribaty.cz\/index.php\/unor-2020\/embed\/#?secret=vilBrJ8z1Z\" data-secret=\"vilBrJ8z1Z\" width=\"600\" height=\"338\" frameborder=\"0\" marginwidth=\"0\" marginheight=\"0\" scrolling=\"no\"><\/iframe>\n<\/div><\/figure>\n\n\n\n<figure class=\"wp-block-embed is-type-wp-embed is-provider-chovatelska-stanice-quot-ribaty-quot wp-block-embed-chovatelska-stanice-quot-ribaty-quot\"><div class=\"wp-block-embed__wrapper\">\n<blockquote class=\"wp-embedded-content\" data-secret=\"VjCY5Vig9o\"><a href=\"https:\/\/www.lagottoromagnolo-ribaty.cz\/index.php\/leden-2020\/\">Leden 2020<\/a><\/blockquote><iframe class=\"wp-embedded-content\" sandbox=\"allow-scripts\" security=\"restricted\" style=\"position: absolute; clip: rect(1px, 1px, 1px, 1px);\" title=\"&#8222;Leden 2020&#8220; &#8212; Chovatelsk\u00e1 stanice &quot;RIBATY&quot;\" src=\"https:\/\/www.lagottoromagnolo-ribaty.cz\/index.php\/leden-2020\/embed\/#?secret=VjCY5Vig9o\" data-secret=\"VjCY5Vig9o\" width=\"600\" height=\"338\" frameborder=\"0\" marginwidth=\"0\" marginheight=\"0\" scrolling=\"no\"><\/iframe>\n<\/div><\/figure>\n\n\n\n<figure class=\"wp-block-embed is-type-wp-embed is-provider-chovatelska-stanice-quot-ribaty-quot wp-block-embed-chovatelska-stanice-quot-ribaty-quot\"><div class=\"wp-block-embed__wrapper\">\n<blockquote class=\"wp-embedded-content\" data-secret=\"YJgHOq9QQ3\"><a href=\"https:\/\/www.lagottoromagnolo-ribaty.cz\/index.php\/prosinec-2019\/\">Prosinec 2019 &#8211; NAROZEN\u00cd \u0160T\u011a\u0147\u00c1TEK<\/a><\/blockquote><iframe class=\"wp-embedded-content\" sandbox=\"allow-scripts\" security=\"restricted\" style=\"position: absolute; clip: rect(1px, 1px, 1px, 1px);\" title=\"&#8222;Prosinec 2019 &#8211; NAROZEN\u00cd \u0160T\u011a\u0147\u00c1TEK&#8220; &#8212; Chovatelsk\u00e1 stanice &quot;RIBATY&quot;\" src=\"https:\/\/www.lagottoromagnolo-ribaty.cz\/index.php\/prosinec-2019\/embed\/#?secret=YJgHOq9QQ3\" data-secret=\"YJgHOq9QQ3\" width=\"600\" height=\"338\" frameborder=\"0\" marginwidth=\"0\" marginheight=\"0\" scrolling=\"no\"><\/iframe>\n<\/div><figcaption>\u0160t\u011b\u0148\u00e1tka narozen\u00e1 <strong>9.12.2019<\/strong><\/figcaption><\/figure>\n","protected":false},"excerpt":{"rendered":"<p>Z tohoto vrhu uchovn\u011bni &#8211; 1 pejsek: Butterfly N. Morris Ribaty (Morris); 2 fenky: Bayla Bernadette Ribaty (Poppy) a Bonnie Rose Ribaty (Roz\u00e1rka) . V\u0161ichni maj\u00ed negativn\u00ed genetick\u00e9 testy (\u010dist\u00e9), Morris m\u00e1 DKK: B\/B, Poppy m\u00e1 DKK: A\/B (v\u0161ichni potomci DKK A), Roz\u00e1rka m\u00e1 DKK: B\/C.<\/p>\n","protected":false},"author":1,"featured_media":0,"parent":0,"menu_order":0,"comment_status":"closed","ping_status":"closed","template":"template-full-width.php","meta":{"ngg_post_thumbnail":0},"_links":{"self":[{"href":"https:\/\/www.lagottoromagnolo-ribaty.cz\/index.php\/wp-json\/wp\/v2\/pages\/2371"}],"collection":[{"href":"https:\/\/www.lagottoromagnolo-ribaty.cz\/index.php\/wp-json\/wp\/v2\/pages"}],"about":[{"href":"https:\/\/www.lagottoromagnolo-ribaty.cz\/index.php\/wp-json\/wp\/v2\/types\/page"}],"author":[{"embeddable":true,"href":"https:\/\/www.lagottoromagnolo-ribaty.cz\/index.php\/wp-json\/wp\/v2\/users\/1"}],"replies":[{"embeddable":true,"href":"https:\/\/www.lagottoromagnolo-ribaty.cz\/index.php\/wp-json\/wp\/v2\/comments?post=2371"}],"version-history":[{"count":11,"href":"https:\/\/www.lagottoromagnolo-ribaty.cz\/index.php\/wp-json\/wp\/v2\/pages\/2371\/revisions"}],"predecessor-version":[{"id":11465,"href":"https:\/\/www.lagottoromagnolo-ribaty.cz\/index.php\/wp-json\/wp\/v2\/pages\/2371\/revisions\/11465"}],"wp:attachment":[{"href":"https:\/\/www.lagottoromagnolo-ribaty.cz\/index.php\/wp-json\/wp\/v2\/media?parent=2371"}],"curies":[{"name":"wp","href":"https:\/\/api.w.org\/{rel}","templated":true}]}}