{"id":12519,"date":"2026-03-21T22:36:30","date_gmt":"2026-03-21T22:36:30","guid":{"rendered":"https:\/\/www.lagottoromagnolo-ribaty.cz\/?page_id=12519"},"modified":"2026-03-21T23:00:56","modified_gmt":"2026-03-21T23:00:56","slug":"vzdelavani","status":"publish","type":"page","link":"https:\/\/www.lagottoromagnolo-ribaty.cz\/index.php\/vzdelavani\/","title":{"rendered":"Vzd\u011bl\u00e1v\u00e1n\u00ed"},"content":{"rendered":"\n<p>I my se pr\u016fb\u011b\u017en\u011b vzd\u011bl\u00e1v\u00e1me, abychom V\u00e1m mohly p\u0159in\u00e9st ty nejlep\u0161\u00ed informace a znalosti ze v\u0161ech mo\u017en\u00fdch oblast\u00ed. <\/p>\n\n\n\n<div class=\"wp-block-file\"><object class=\"wp-block-file__embed\" data=\"https:\/\/www.lagottoromagnolo-ribaty.cz\/wp-content\/uploads\/2026\/03\/Certifikat-Purina-1.pdf\" type=\"application\/pdf\" style=\"width:100%;height:650px\" aria-label=\"Vlo\u017eit PDF\"><\/object><\/div>\n\n\n\n<div class=\"wp-block-file\"><object class=\"wp-block-file__embed\" data=\"https:\/\/www.lagottoromagnolo-ribaty.cz\/wp-content\/uploads\/2026\/03\/Ribaty-L..pdf\" type=\"application\/pdf\" style=\"width:100%;height:1200px\" aria-label=\"Vlo\u017eit PDF\"><\/object><\/div>\n\n\n\n<div class=\"wp-block-file\"><object class=\"wp-block-file__embed\" data=\"https:\/\/www.lagottoromagnolo-ribaty.cz\/wp-content\/uploads\/2026\/03\/Ribaty_CertifikatRidimChov-1.pdf\" type=\"application\/pdf\" style=\"width:100%;height:650px\" aria-label=\"Vlo\u017eit PDF\"><\/object><\/div>\n\n\n\n<div class=\"wp-block-file\"><object class=\"wp-block-file__embed\" data=\"https:\/\/www.lagottoromagnolo-ribaty.cz\/wp-content\/uploads\/2026\/03\/Ribaty_DoubleMatingJakNaTo_Certifikat-1.pdf\" type=\"application\/pdf\" style=\"width:100%;height:650px\" aria-label=\"Vlo\u017eit PDF\"><\/object><\/div>\n\n\n\n<div class=\"wp-block-file\"><object class=\"wp-block-file__embed\" data=\"https:\/\/www.lagottoromagnolo-ribaty.cz\/wp-content\/uploads\/2026\/03\/Ribaty_PsiMikrobiom.pdf\" type=\"application\/pdf\" style=\"width:100%;height:650px\" aria-label=\"Vlo\u017eit PDF\"><\/object><\/div>\n\n\n\n<div class=\"wp-block-file\"><object class=\"wp-block-file__embed\" data=\"https:\/\/www.lagottoromagnolo-ribaty.cz\/wp-content\/uploads\/2026\/03\/Ribaty_SocializaceCertifikat.pdf\" type=\"application\/pdf\" style=\"width:100%;height:650px\" aria-label=\"Vlo\u017eit PDF\"><\/object><\/div>\n\n\n\n<div class=\"wp-block-group\"><div class=\"wp-block-group__inner-container\">\n<div class=\"wp-block-file\"><object class=\"wp-block-file__embed\" data=\"https:\/\/www.lagottoromagnolo-ribaty.cz\/wp-content\/uploads\/2026\/03\/Stepankova-Ribaty.pdf\" type=\"application\/pdf\" style=\"width:100%;height:1200px\" aria-label=\"Vlo\u017eit PDF\"><\/object><\/div>\n<\/div><\/div>\n","protected":false},"excerpt":{"rendered":"<p>I my se pr\u016fb\u011b\u017en\u011b vzd\u011bl\u00e1v\u00e1me, abychom V\u00e1m mohly p\u0159in\u00e9st ty nejlep\u0161\u00ed informace a znalosti ze v\u0161ech mo\u017en\u00fdch oblast\u00ed.<\/p>\n","protected":false},"author":1,"featured_media":0,"parent":0,"menu_order":0,"comment_status":"closed","ping_status":"closed","template":"template-full-width.php","meta":{"ngg_post_thumbnail":0},"_links":{"self":[{"href":"https:\/\/www.lagottoromagnolo-ribaty.cz\/index.php\/wp-json\/wp\/v2\/pages\/12519"}],"collection":[{"href":"https:\/\/www.lagottoromagnolo-ribaty.cz\/index.php\/wp-json\/wp\/v2\/pages"}],"about":[{"href":"https:\/\/www.lagottoromagnolo-ribaty.cz\/index.php\/wp-json\/wp\/v2\/types\/page"}],"author":[{"embeddable":true,"href":"https:\/\/www.lagottoromagnolo-ribaty.cz\/index.php\/wp-json\/wp\/v2\/users\/1"}],"replies":[{"embeddable":true,"href":"https:\/\/www.lagottoromagnolo-ribaty.cz\/index.php\/wp-json\/wp\/v2\/comments?post=12519"}],"version-history":[{"count":16,"href":"https:\/\/www.lagottoromagnolo-ribaty.cz\/index.php\/wp-json\/wp\/v2\/pages\/12519\/revisions"}],"predecessor-version":[{"id":12550,"href":"https:\/\/www.lagottoromagnolo-ribaty.cz\/index.php\/wp-json\/wp\/v2\/pages\/12519\/revisions\/12550"}],"wp:attachment":[{"href":"https:\/\/www.lagottoromagnolo-ribaty.cz\/index.php\/wp-json\/wp\/v2\/media?parent=12519"}],"curies":[{"name":"wp","href":"https:\/\/api.w.org\/{rel}","templated":true}]}}