{"id":12477,"date":"2026-03-19T21:38:22","date_gmt":"2026-03-19T21:38:22","guid":{"rendered":"https:\/\/www.lagottoromagnolo-ribaty.cz\/?page_id=12477"},"modified":"2026-03-19T22:29:17","modified_gmt":"2026-03-19T22:29:17","slug":"vyzivove-poradenstvi-2","status":"publish","type":"page","link":"https:\/\/www.lagottoromagnolo-ribaty.cz\/index.php\/vyzivove-poradenstvi-2\/","title":{"rendered":"V\u00fd\u017eivov\u00e9 poradenstv\u00ed"},"content":{"rendered":"\n<p>Mil\u00ed z\u00e1jemci o v\u00fd\u017eivov\u00e9 poradenstv\u00ed, <\/p>\n\n\n\n<p>Toto t\u00e9ma je jedno z nejv\u00edce prob\u00edran\u00fdch a z\u00e1rove\u0148 skr\u00fdv\u00e1 mnoho otazn\u00edk\u016f. V\u00fd\u017eiva je pot\u0159eba, d\u00edky kter\u00e9 dok\u00e1\u017ee t\u011blo fungovat a zaji\u0161\u0165ujeme j\u00ed stravou, kter\u00e1 funguje sp\u00ed\u0161e jako n\u00e1vyk, kter\u00fd vytv\u00e1\u0159\u00edme my, lid\u00e9. A\u0165 ho vytv\u00e1\u0159\u00edme n\u00e1m nebo ps\u016fm. V\u00fd\u017eiva je p\u0159edev\u0161\u00edm prevence, d\u00edky n\u00ed dok\u00e1\u017ee t\u011blo fungovat l\u00e9pe a nepodl\u00e9h\u00e1 v takov\u00e9 m\u00ed\u0159e stresu ani jin\u00fdm vliv\u016fm. Civiliza\u010dn\u00ed onemocn\u011bn\u00ed se toti\u017e t\u00fdkaj\u00ed i t\u011bch na\u0161ich \u010dty\u0159noh\u00fdch mil\u00e1\u010dk\u016f. Sta\u010d\u00ed si myslet, \u017ee psovi mus\u00edte p\u0159ilep\u0161ovat a d\u00e1vat mu mnoho dobr\u016ftek r\u016fzn\u00fdch druh\u016f, p\u0159id\u00e1vat konzervy do vyv\u00e1\u017een\u00e9ho krmen\u00ed, p\u0159ekrmovat a na krmen\u00ed \u0161et\u0159it. Ano, d\u0159\u00edve se mo\u017en\u00e1 psi do\u017e\u00edvali v\u00edce i na &#8220;Pedigree&#8221;, zbytc\u00edch, \u010demkoliv, co bylo k dispozici, ale doba je \u00fapln\u011b jin\u00e1 a pohled na tr\u00e1vic\u00ed trakt psa se v\u00fdrazn\u011b zm\u011bnil. Hlavn\u011b proto, \u017ee se mu za\u010dalo v\u00edce v\u011bnovat a mnoho zji\u0161t\u011bn\u00ed je d\u00edky pr\u00e1ci v\u011bdc\u016f, chovatel\u016f i majitel\u016f ps\u016f. &#8220;Sou\u010dasn\u00ed psi&#8221; nemaj\u00ed v\u00edce nemoc\u00ed, jen se o nich za\u010dalo v\u00edce mluvit, za\u010dalo se na n\u011b v\u00edce d\u00edvat a tak\u00e9 se v\u00fdrazn\u011b zm\u011bnil p\u0159\u00edstup majitel\u016f ke ps\u016fm. <\/p>\n\n\n\n<p>Na\u0161e chovatelsk\u00e1 stanice poskytuje v\u00fd\u017eivov\u00e9 poradenstv\u00ed na\u0161im odchov\u016fm v r\u00e1mci chovatelsk\u00e9ho servisu v pln\u00e9m rozsahu a tuto mo\u017enost roz\u0161\u00ed\u0159ila i mezi ve\u0159ejnost, proto\u017ee si v\u0161\u00edm\u00e1me, jak moc dok\u00e1\u017ee v\u00fd\u017eiva m\u011bnit \u017eivoty. Nadv\u00e1ha, obezita, tr\u00e1vic\u00ed pot\u00ed\u017ee, &#8220;lidsk\u00e9 nemoci&#8221;&#8230;.jak je mo\u017en\u00e9, \u017ee se toto t\u00fdk\u00e1 i ps\u016f a je to dost \u010dasto p\u0159ehl\u00ed\u017eeno? <\/p>\n\n\n\n<p>Na toto n\u00e1s p\u0159ivedly p\u0159\u00edpady z klinick\u00e9 praxe, kter\u00e9 \u0159e\u0161\u00edme t\u00e9m\u011b\u0159 dnes a denn\u011b. <\/p>\n\n\n\n<p>T\u011b\u0161\u00edme se na spolupr\u00e1ci! <\/p>\n\n\n\n<p class=\"has-medium-font-size\"><strong>Jak by m\u011bla vypadat ide\u00e1ln\u00ed krmn\u00e1 d\u00e1vka, aby m\u011bla v\u00fdznamn\u00fd nutri\u010dn\u00ed efekt?<\/strong> <\/p>\n\n\n\n<p>V\u017edy by m\u011bla b\u00fdt poskl\u00e1dan\u00e1 vyv\u00e1\u017een\u011b se zam\u011b\u0159en\u00edm na <strong>prevenci<\/strong> -&gt;<em><strong> b\u00edlkoviny<\/strong><\/em> (r\u016fzn\u00e9 druhy masa \u2013 dle v\u00fdvojov\u00e9ho st\u00e1dia, aktu\u00e1ln\u00edch pot\u0159eb nebo zdravotn\u00edch indispozic\u00ed); <strong><em>snadno straviteln\u00e9 polysacharidy <\/em><\/strong>(hn\u011bd\u00e1 r\u00fd\u017ee, hr\u00e1ch, quinoa, amarant \u2013 v mal\u00e9m mno\u017estv\u00ed); <strong><em>zelenina<\/em><\/strong> \u2013 ko\u0159enov\u00e1, d\u00fdn\u011b, listov\u00e1 (\u0161pen\u00e1t, sal\u00e1t, poln\u00ed\u010dek), paprika, okurek, ko\u0159enov\u00e1 petr\u017eel; <strong><em>byliny<\/em><\/strong> (pampeli\u0161ka, kop\u0159iva, yucca schidigera, rozmar\u00fdn, tymi\u00e1n, bazalka, na\u0165 mrkve a petr\u017eele\u2026<\/p>\n\n\n\n<p><\/p>\n\n\n\n<p class=\"has-text-align-center has-black-color has-text-color has-background has-medium-font-size\" style=\"background-color:#b1e4ea\"><strong>M\u00e1te &#8211; li z\u00e1jem posunout znalost v\u00fd\u017eivy na vy\u0161\u0161\u00ed \u00farove\u0148 nebo se chcete dozv\u011bd\u011bt z\u00e1kladn\u00ed informace o tr\u00e1vic\u00edm traktu psa, m\u00e1me pro V\u00e1s kurz V\u00fd\u017eiva psa &#8211; 3 webin\u00e1\u0159e, kter\u00e9 V\u00e1m poskytnou ucelen\u00fd pohled na tuto problematiku a pomohou V\u00e1m zodpov\u011bd\u011bt v\u0161echny ot\u00e1zky, kter\u00e9 V\u00e1s budou zaj\u00edmat<\/strong>. <\/p>\n\n\n\n<div class=\"wp-block-buttons\">\n<div class=\"wp-block-button has-custom-font-size is-style-outline has-medium-font-size\"><a class=\"wp-block-button__link has-text-color\" href=\"https:\/\/docs.google.com\/forms\/d\/e\/1FAIpQLScaBg9BN0zSP9hOGberIpjQHcf-yIyI3uBPYRZdG058gElH8A\/viewform?usp=preview\" style=\"color:#3ae36a\" target=\"_blank\" rel=\"noreferrer noopener\"><strong>P\u0159ihl\u00e1\u0161ka na Kurz V\u00fd\u017eiva psa <\/strong><\/a><\/div>\n<\/div>\n\n\n\n<p class=\"has-medium-font-size\"><strong><span style=\"color:#da13b9\" class=\"has-inline-color\">Webin\u00e1\u0159 &#8211; Dopl\u0148ky stravy <\/span><\/strong><\/p>\n\n\n\n<div class=\"wp-block-file\"><object class=\"wp-block-file__embed\" data=\"https:\/\/www.lagottoromagnolo-ribaty.cz\/wp-content\/uploads\/2026\/03\/Obsah_doplnky-stravy.pdf\" type=\"application\/pdf\" style=\"width:100%;height:540px\" aria-label=\"Vlo\u017eit z Obsah webin\u00e1\u0159e - dopl\u0148ky stravy.\"><\/object><a href=\"https:\/\/www.lagottoromagnolo-ribaty.cz\/wp-content\/uploads\/2026\/03\/Obsah_doplnky-stravy.pdf\">Obsah webin\u00e1\u0159e &#8211; dopl\u0148ky stravy<\/a><\/div>\n\n\n\n<p class=\"has-medium-font-size\"><strong><span style=\"color:#dc1e80\" class=\"has-inline-color\">Webin\u00e1\u0159 &#8211; Z\u00e1kladn\u00ed v\u00fd\u017eivov\u00e9 minimum<\/span><\/strong><\/p>\n\n\n\n<div class=\"wp-block-buttons\">\n<div class=\"wp-block-button has-custom-font-size is-style-outline has-medium-font-size\"><a class=\"wp-block-button__link has-text-color\" href=\"https:\/\/www.lagottoromagnolo-ribaty.cz\/index.php\/zpetne-vazby-z-webinare-zakladni-vyzivove-minimum\/\" style=\"border-radius:11px;color:#1ea300\"><strong>Zp\u011btn\u00e9 vazby z webin\u00e1\u0159e &#8211; z\u00e1kladn\u00ed v\u00fd\u017eivov\u00e9 minimum<\/strong><\/a><\/div>\n<\/div>\n\n\n\n<div class=\"wp-block-file\"><object class=\"wp-block-file__embed\" data=\"https:\/\/www.lagottoromagnolo-ribaty.cz\/wp-content\/uploads\/2026\/03\/Obsah-Vyzivove-minimum.pdf\" type=\"application\/pdf\" style=\"width:100%;height:600px\" aria-label=\"Vlo\u017eit z Obsah webin\u00e1\u0159e -Z\u00e1kladn\u00ed v\u00fd\u017eivov\u00e9 minimum .\"><\/object><a href=\"https:\/\/www.lagottoromagnolo-ribaty.cz\/wp-content\/uploads\/2026\/03\/Obsah-Vyzivove-minimum.pdf\">Obsah webin\u00e1\u0159e -Z\u00e1kladn\u00ed v\u00fd\u017eivov\u00e9 minimum <\/a><\/div>\n\n\n\n<p class=\"has-medium-font-size\"><strong><span style=\"color:#e49712\" class=\"has-inline-color\">Webin\u00e1\u0159 &#8211; Prevence z pohledu v\u00fd\u017eivy<\/span><\/strong><\/p>\n\n\n\n<div class=\"wp-block-file\"><object class=\"wp-block-file__embed\" data=\"https:\/\/www.lagottoromagnolo-ribaty.cz\/wp-content\/uploads\/2026\/03\/Obsah-prevence-z-pohledu-vyzivy.pdf\" type=\"application\/pdf\" style=\"width:100%;height:540px\" aria-label=\"Vlo\u017eit z Obsah webin\u00e1\u0159e - Prevence z pohledu v\u00fd\u017eivy .\"><\/object><a href=\"https:\/\/www.lagottoromagnolo-ribaty.cz\/wp-content\/uploads\/2026\/03\/Obsah-prevence-z-pohledu-vyzivy.pdf\">Obsah webin\u00e1\u0159e &#8211; Prevence z pohledu v\u00fd\u017eivy <\/a><\/div>\n\n\n\n<p class=\"has-medium-font-size\"><strong>Pokud m\u00e1te<span class=\"has-inline-color has-vivid-green-cyan-color\"> z\u00e1jem o konzultaci<\/span>, vypl\u0148te n\u00e1m pros\u00edm formul\u00e1\u0159 n\u00ed\u017ee. <\/strong><\/p>\n\n\n\n<div class=\"wp-block-buttons\">\n<div class=\"wp-block-button has-custom-font-size is-style-outline has-medium-font-size\"><a class=\"wp-block-button__link has-text-color\" href=\"https:\/\/www.lagottoromagnolo-ribaty.cz\/index.php\/zpetne-vazby-z-vyzivovych-konzultaci-psi\/#comment-97533\" style=\"border-radius:14px;color:#23a300\"><strong>Zp\u011btn\u00e9 vazby z konzultac\u00ed<\/strong><\/a><\/div>\n<\/div>\n\n\n\n<p class=\"has-normal-font-size\"><strong>Jak konzultace prob\u00edhaj\u00ed?<\/strong> <\/p>\n\n\n\n<p class=\"has-normal-font-size\">V\u017edy je pro n\u00e1s d\u016fle\u017eit\u00e1 <strong><span class=\"has-inline-color has-luminous-vivid-amber-color\">vstupn\u00ed konzultace<\/span><\/strong>, abychom se poznali a sd\u011blili si v\u0161e, co V\u00e1s tr\u00e1p\u00ed. Je pro n\u00e1s d\u016fle\u017eit\u00e9, abyste c\u00edtili d\u016fv\u011bru, podporu, pokud to p\u016fjde, tak i nad\u011bji, ale tak\u00e9 abyste pochopili, jak moc m\u00e1te v\u00fd\u017eivu psa ve sv\u00fdch rukou. Abyste na to nebyli sami. <\/p>\n\n\n\n<ul><li>vstupn\u00ed konzultace prob\u00edh\u00e1 <strong>on-line <\/strong>(45 min)<\/li><li><strong>cena <\/strong>vstupn\u00ed konzultace = <strong>700 K\u010d <\/strong>&#8211; tato \u010d\u00e1stka bude sou\u010d\u00e1st\u00ed celkov\u00e9 ceny za celou konzultaci (trv\u00e1 n\u011bkolik dn\u00ed a\u017e m\u011bs\u00edc\u016f), plat\u00edte ji pouze jednou<\/li><li>cena za vstupn\u00ed konzultaci <strong>nen\u00ed vratn\u00e1<\/strong> <\/li><\/ul>\n\n\n\n<p>Pot\u00e9 se domlouv\u00e1me na dal\u0161\u00edm postupu a dal\u0161\u00ed konzultaci. Tato konzultace m\u016f\u017ee prob\u00edhat dle Va\u0161eho v\u00fdb\u011bru &#8211; bu\u010f on-line, nebo fyzicky. <\/p>\n\n\n\n<div class=\"forminator-guttenberg\"><div class=\"forminator-ui forminator-custom-form forminator-custom-form-12489 forminator-design--default  forminator_ajax\" data-forminator-render=\"0\" data-form=\"forminator-module-12489\" data-uid=\"69f409c5aed89\"><br\/><\/div><form\n\t\t\t\tid=\"forminator-module-12489\"\n\t\t\t\tclass=\"forminator-ui forminator-custom-form forminator-custom-form-12489 forminator-design--default  forminator_ajax\"\n\t\t\t\tmethod=\"post\"\n\t\t\t\tdata-forminator-render=\"0\"\n\t\t\t\tdata-form-id=\"12489\"\n\t\t\t\t\n\t\t\t\tdata-design=\"default\"\n\t\t\t\t\n\t\t\t\t\n\t\t\t\t\n\t\t\t\tdata-grid=\"open\"\n\t\t\t\t\n\t\t\t\t\n\t\t\t\tstyle=\"display: none;\"\n\t\t\t\t\n\t\t\t\tdata-uid=\"69f409c5aed89\"\n\t\t\t><div role=\"alert\" aria-live=\"polite\" class=\"forminator-response-message forminator-error\" aria-hidden=\"true\"><\/div><div class=\"forminator-row\"><div id=\"name-1\" class=\"forminator-field-name forminator-col forminator-col-12 \"><div class=\"forminator-field\"><label for=\"forminator-field-name-1_69f409c5aed89\" class=\"forminator-label\" id=\"forminator-field-name-1_69f409c5aed89-label\">Jm\u00e9no a p\u0159\u00edjmen\u00ed <span class=\"forminator-required\">*<\/span><\/label><input type=\"text\" name=\"name-1\" value=\"\" placeholder=\"Nap\u0159. R\u016f\u017eena Tvar\u016f\u017ekov\u00e1\" id=\"forminator-field-name-1_69f409c5aed89\" class=\"forminator-input forminator-name--field\" aria-required=\"true\" \/><\/div><\/div><\/div><div class=\"forminator-row\"><div id=\"email-1\" class=\"forminator-field-email forminator-col forminator-col-6 \"><div class=\"forminator-field\"><label for=\"forminator-field-email-1_69f409c5aed89\" class=\"forminator-label\" id=\"forminator-field-email-1_69f409c5aed89-label\">Emailov\u00e1 adresa <span class=\"forminator-required\">*<\/span><\/label><input type=\"email\" name=\"email-1\" value=\"\" placeholder=\"Nap\u0159. ruzatvar@gmail.com\" id=\"forminator-field-email-1_69f409c5aed89\" class=\"forminator-input forminator-email--field\" data-required=\"true\" aria-required=\"true\" \/><\/div><\/div><div id=\"phone-1\" class=\"forminator-field-phone forminator-col forminator-col-6 \"><div class=\"forminator-field\"><label for=\"forminator-field-phone-1_69f409c5aed89\" class=\"forminator-label\" id=\"forminator-field-phone-1_69f409c5aed89-label\">Telefonn\u00ed \u010d\u00edslo <span class=\"forminator-required\">*<\/span><\/label><input type=\"text\" name=\"phone-1\" value=\"\" placeholder=\"\" id=\"forminator-field-phone-1_69f409c5aed89\" class=\"forminator-input forminator-field--phone\" data-required=\"1\" aria-required=\"true\" autocomplete=\"off\" data-national_mode=\"disabled\" data-country=\"cz\" data-validation=\"international\" \/><\/div><\/div><\/div><div class=\"forminator-row\"><div id=\"name-2\" class=\"forminator-field-name forminator-col forminator-col-12 \"><div class=\"forminator-field\"><label for=\"forminator-field-name-2_69f409c5aed89\" class=\"forminator-label\" id=\"forminator-field-name-2_69f409c5aed89-label\">T\u00e9ma konzultace <span class=\"forminator-required\">*<\/span><\/label><input type=\"text\" name=\"name-2\" value=\"\" placeholder=\"\" id=\"forminator-field-name-2_69f409c5aed89\" class=\"forminator-input forminator-name--field\" aria-required=\"true\" \/><\/div><\/div><\/div><div class=\"forminator-row\"><div id=\"textarea-1\" class=\"forminator-field-textarea forminator-col forminator-col-12 \"><div class=\"forminator-field\"><label for=\"forminator-field-textarea-1_69f409c5aed89\" id=\"forminator-field-textarea-1_69f409c5aed89-label\" class=\"forminator-label\">D\u016fvod Va\u0161\u00ed konzultace <span class=\"forminator-required\">*<\/span><\/label><textarea name=\"textarea-1\" placeholder=\"\" id=\"forminator-field-textarea-1_69f409c5aed89\" class=\"forminator-textarea\" rows=\"6\" style=\"min-height:140px;\" maxlength=\"5000\" ><\/textarea><span id=\"forminator-field-textarea-1_69f409c5aed89-description\" class=\"forminator-description\"><span data-limit=\"5000\" data-type=\"characters\">0 \/ 5000<\/span><\/span><\/div><\/div><\/div><div class=\"forminator-row\"><div id=\"date-1\" class=\"forminator-field-date forminator-col forminator-col-12 \"><div class=\"forminator-field\"><label for=\"forminator-field-date-1-picker_69f409c5aed89\" class=\"forminator-label\" id=\"forminator-field-date-1-picker_69f409c5aed89-label\">Datum <span class=\"forminator-required\">*<\/span><\/label><div class=\"forminator-input-with-icon\"><label for=\"forminator-field-date-1-picker_69f409c5aed89\"><span class=\"forminator-icon-calendar\" aria-hidden=\"true\"><\/span><\/label><input autocomplete=\"off\" type=\"text\" size=\"1\" name=\"date-1\" value=\"\" placeholder=\"Zvolte datum odesl\u00e1n\u00ed po\u017eadavku:\" id=\"forminator-field-date-1-picker_69f409c5aed89\" class=\"forminator-input forminator-datepicker\" data-required=\"1\" data-format=\"dd\/mm\/yy\" data-restrict-type=\"\" data-restrict=\"\" data-start-year=\"1926\" data-end-year=\"2126\" data-past-dates=\"enable\" data-start-of-week=\"1\" data-start-date=\"\" data-end-date=\"\" data-start-field=\"\" data-end-field=\"\" data-start-offset=\"\" data-end-offset=\"\" data-disable-date=\"\" data-disable-range=\"\" \/><\/div><\/div><\/div><\/div><div class=\"forminator-row\"><div id=\"captcha-1\" class=\"forminator-field-captcha forminator-col forminator-col-12 \"><div class=\"forminator-g-recaptcha recaptcha-invisible\" data-theme=\"light\" data-badge=\"inline\" data-sitekey=\"6Le2mrwqAAAAAMscn7A4gqt1ZYF14L53jwr0zzOL\" data-size=\"invisible\"><\/div> <\/div><\/div><input type=\"hidden\" name=\"referer_url\" value=\"\" \/><div class=\"forminator-row forminator-row-last\"><div class=\"forminator-col\"><div class=\"forminator-field\"><button class=\"forminator-button forminator-button-submit\">Odeslat po\u017eadavek<\/button><\/div><\/div><\/div><input type=\"hidden\" id=\"forminator_nonce\" name=\"forminator_nonce\" value=\"0844b960f9\" \/><input type=\"hidden\" name=\"_wp_http_referer\" value=\"\/index.php\/wp-json\/wp\/v2\/pages\/12477\" \/><input type=\"hidden\" name=\"form_id\" value=\"12489\"><input type=\"hidden\" name=\"page_id\" value=\"12477\"><input type=\"hidden\" name=\"form_type\" value=\"default\"><input type=\"hidden\" name=\"current_url\" value=\"https:\/\/www.lagottoromagnolo-ribaty.cz\/index.php\/vyzivove-poradenstvi-2\/\"><input type=\"hidden\" name=\"render_id\" value=\"0\"><input type=\"hidden\" name=\"action\" value=\"forminator_submit_form_custom-forms\"><\/form><\/div>\n","protected":false},"excerpt":{"rendered":"<p>Mil\u00ed z\u00e1jemci o v\u00fd\u017eivov\u00e9 poradenstv\u00ed, Toto t\u00e9ma je jedno z nejv\u00edce prob\u00edran\u00fdch a z\u00e1rove\u0148 skr\u00fdv\u00e1 mnoho otazn\u00edk\u016f. V\u00fd\u017eiva je pot\u0159eba, d\u00edky kter\u00e9 dok\u00e1\u017ee t\u011blo fungovat a zaji\u0161\u0165ujeme j\u00ed stravou, kter\u00e1 funguje sp\u00ed\u0161e jako n\u00e1vyk, kter\u00fd vytv\u00e1\u0159\u00edme my, lid\u00e9. A\u0165 ho vytv\u00e1\u0159\u00edme n\u00e1m nebo ps\u016fm. V\u00fd\u017eiva je p\u0159edev\u0161\u00edm prevence, d\u00edky n\u00ed dok\u00e1\u017ee t\u011blo fungovat l\u00e9pe a [&hellip;]<\/p>\n","protected":false},"author":1,"featured_media":0,"parent":0,"menu_order":0,"comment_status":"closed","ping_status":"closed","template":"template-full-width.php","meta":{"ngg_post_thumbnail":0},"_links":{"self":[{"href":"https:\/\/www.lagottoromagnolo-ribaty.cz\/index.php\/wp-json\/wp\/v2\/pages\/12477"}],"collection":[{"href":"https:\/\/www.lagottoromagnolo-ribaty.cz\/index.php\/wp-json\/wp\/v2\/pages"}],"about":[{"href":"https:\/\/www.lagottoromagnolo-ribaty.cz\/index.php\/wp-json\/wp\/v2\/types\/page"}],"author":[{"embeddable":true,"href":"https:\/\/www.lagottoromagnolo-ribaty.cz\/index.php\/wp-json\/wp\/v2\/users\/1"}],"replies":[{"embeddable":true,"href":"https:\/\/www.lagottoromagnolo-ribaty.cz\/index.php\/wp-json\/wp\/v2\/comments?post=12477"}],"version-history":[{"count":13,"href":"https:\/\/www.lagottoromagnolo-ribaty.cz\/index.php\/wp-json\/wp\/v2\/pages\/12477\/revisions"}],"predecessor-version":[{"id":12502,"href":"https:\/\/www.lagottoromagnolo-ribaty.cz\/index.php\/wp-json\/wp\/v2\/pages\/12477\/revisions\/12502"}],"wp:attachment":[{"href":"https:\/\/www.lagottoromagnolo-ribaty.cz\/index.php\/wp-json\/wp\/v2\/media?parent=12477"}],"curies":[{"name":"wp","href":"https:\/\/api.w.org\/{rel}","templated":true}]}}