{"id":12198,"date":"2026-01-13T18:44:49","date_gmt":"2026-01-13T18:44:49","guid":{"rendered":"https:\/\/www.lagottoromagnolo-ribaty.cz\/?page_id=12198"},"modified":"2026-01-13T20:11:46","modified_gmt":"2026-01-13T20:11:46","slug":"hlidani-psu","status":"publish","type":"page","link":"https:\/\/www.lagottoromagnolo-ribaty.cz\/index.php\/hlidani-psu\/","title":{"rendered":"Hl\u00edd\u00e1n\u00ed &#8211; hled\u00e1me ps\u00ed tetu\/strejdu na dlouhodobou spolupr\u00e1ci"},"content":{"rendered":"\n<p>Mil\u00ed z\u00e1jemci o hl\u00edd\u00e1n\u00ed ps\u016f v na\u0161\u00ed chovatelsk\u00e9 stanici,<\/p>\n\n\n\n<p>Hled\u00e1me ps\u00ed tetu\/strejdu na dlouhodobou spolupr\u00e1ci. <\/p>\n\n\n\n<p>T\u011b\u0161\u00ed n\u00e1s, \u017ee m\u00e1te z\u00e1jem o tr\u00e1ven\u00ed \u010dasu s na\u0161imi ps\u00edmi mil\u00e1\u010dky a r\u00e1di V\u00e1s mezi n\u00e1mi p\u0159iv\u00edt\u00e1me. <\/p>\n\n\n\n<p>Na\u0161\u00ed zodpov\u011bdnost\u00ed je v\u00fdb\u011br toho spr\u00e1vn\u00e9ho hl\u00eddac\u00edho strejdy\/hl\u00eddac\u00ed tety, a proto bude nezbytnou vstupenkou na konkurz v\u00fdb\u011brov\u00e9ho \u0159\u00edzen\u00ed, vypln\u011bn\u00ed formul\u00e1\u0159e n\u00ed\u017ee. Na z\u00e1klad\u011b Va\u0161ich odpov\u011bd\u00ed vybereme ty, kte\u0159\u00ed by byli pro na\u0161e chlup\u00e1\u010dky nejvhodn\u011bj\u0161\u00ed a ozveme se V\u00e1m zp\u011bt. Dal\u0161\u00edm krokem bude n\u00e1v\u0161t\u011bva u n\u00e1s a uvid\u00edme. V sou\u010dasn\u00e9 dob\u011b je hl\u00edd\u00e1n\u00ed nepravideln\u00e9, n\u011bkolikr\u00e1t do m\u011bs\u00edce na cel\u00fd den. Pravd\u011bpodobn\u00e9 je \u010dasem i roz\u0161\u00ed\u0159en\u00ed spolupr\u00e1ce na del\u0161\u00ed \u010das v kuse. Ide\u00e1ln\u00ed by to bylo pro studenta V\u0160.  <\/p>\n\n\n\n<h2><strong>Co po\u017eadujeme: <\/strong><\/h2>\n\n\n\n<ul><li>\u010dasovou flexibilitu <\/li><li>\u010dist\u00fd trestn\u00ed rejst\u0159\u00edk a celo\u017eivotn\u00ed bez\u00fahonnost<\/li><li>spolehlivost a dochvilnost <\/li><li>zku\u0161enosti s v\u00fdchovou a chov\u00e1n\u00edm ps\u016f; zku\u0161enosti se sme\u010dkou<\/li><li>loaj\u00e1lnost <\/li><li>zodpov\u011bdnost, prakti\u010dnost a um\u011bn\u00ed \u0159e\u0161it krizov\u00e9 situace <\/li><li>\u0159idi\u010dsk\u00fd pr\u016fkaz sk. B <\/li><li>komunikativnost <\/li><\/ul>\n\n\n\n<p class=\"has-normal-font-size\">Cena: dle rozsahu a dle dohody <\/p>\n\n\n\n<p class=\"has-medium-font-size\">V\u00edce informac\u00ed sd\u011bl\u00edme pouze po tel: +420 602 183 392 a\/nebo +420 776 609 117 nebo oosbn\u011b<\/p>\n\n\n\n<p><\/p>\n\n\n\n<div class=\"forminator-guttenberg\"><div class=\"forminator-ui forminator-custom-form forminator-custom-form-12197 forminator-design--default  forminator_ajax\" data-forminator-render=\"0\" data-form=\"forminator-module-12197\" data-uid=\"69f40ba115999\"><br\/><\/div><form\n\t\t\t\tid=\"forminator-module-12197\"\n\t\t\t\tclass=\"forminator-ui forminator-custom-form forminator-custom-form-12197 forminator-design--default  forminator_ajax\"\n\t\t\t\tmethod=\"post\"\n\t\t\t\tdata-forminator-render=\"0\"\n\t\t\t\tdata-form-id=\"12197\"\n\t\t\t\t\n\t\t\t\tdata-design=\"default\"\n\t\t\t\t\n\t\t\t\t\n\t\t\t\t\n\t\t\t\tdata-grid=\"open\"\n\t\t\t\t\n\t\t\t\t\n\t\t\t\tstyle=\"display: none;\"\n\t\t\t\t\n\t\t\t\tdata-uid=\"69f40ba115999\"\n\t\t\t><div role=\"alert\" aria-live=\"polite\" class=\"forminator-response-message forminator-error\" aria-hidden=\"true\"><\/div><div class=\"forminator-pagination-progress\" aria-hidden=\"true\"><\/div><div tabindex=\"0\" role=\"tabpanel\" id=\"forminator-custom-form-12197--page-0\" class=\"forminator-pagination forminator-pagination-start\" aria-labelledby=\"forminator-custom-form-12197--page-0-label\" data-step=\"0\" data-label=\"Dokon\u010dit\" data-name=\"page-break-1\"><div class=\"forminator-pagination--content\"><div class=\"forminator-row\"><div id=\"section-3\" class=\"forminator-field-section forminator-col forminator-col-12 \"><div class=\"forminator-field\"><h2 class=\"forminator-title\">Hl\u00edd\u00e1n\u00ed zv\u00ed\u0159at v CHS<\/h2><h3 class=\"forminator-subtitle\">Sou\u010d\u00e1st\u00ed na\u0161\u00ed zv\u00ed\u0159ec\u00ed rodiny nejsou jen pejsci, ale tak\u00e9 ko\u010di\u010dky a p\u0159\u00edle\u017eitostn\u011b i jin\u00e1 zv\u00ed\u0159ena.<\/h3><\/div><\/div><\/div><div class=\"forminator-row\"><div id=\"section-1\" class=\"forminator-field-section forminator-col forminator-col-12 \"><div class=\"forminator-field\"><h2 class=\"forminator-title\">Z\u00e1kladn\u00ed informace o V\u00e1s<\/h2><\/div><\/div><\/div><div class=\"forminator-row\"><div id=\"name-1\" class=\"forminator-field-name forminator-col forminator-col-12 \"><div class=\"forminator-field\"><label for=\"forminator-field-name-1_69f40ba115999\" class=\"forminator-label\" id=\"forminator-field-name-1_69f40ba115999-label\">Jm\u00e9no a p\u0159\u00edjmen\u00ed <span class=\"forminator-required\">*<\/span><\/label><input type=\"text\" name=\"name-1\" value=\"\" placeholder=\"\" id=\"forminator-field-name-1_69f40ba115999\" class=\"forminator-input forminator-name--field\" aria-required=\"true\" \/><\/div><\/div><\/div><div class=\"forminator-row\"><div id=\"name-2\" class=\"forminator-field-name forminator-col forminator-col-12 \"><div class=\"forminator-field\"><label for=\"forminator-field-name-2_69f40ba115999\" class=\"forminator-label\" id=\"forminator-field-name-2_69f40ba115999-label\">Rok narozen\u00ed <span class=\"forminator-required\">*<\/span><\/label><input type=\"text\" name=\"name-2\" value=\"\" placeholder=\"\" id=\"forminator-field-name-2_69f40ba115999\" class=\"forminator-input forminator-name--field\" aria-required=\"true\" \/><\/div><\/div><\/div><div class=\"forminator-row\"><div id=\"email-1\" class=\"forminator-field-email forminator-col forminator-col-6 \"><div class=\"forminator-field\"><label for=\"forminator-field-email-1_69f40ba115999\" class=\"forminator-label\" id=\"forminator-field-email-1_69f40ba115999-label\">E-mail: <span class=\"forminator-required\">*<\/span><\/label><input type=\"email\" name=\"email-1\" value=\"\" placeholder=\"\" id=\"forminator-field-email-1_69f40ba115999\" class=\"forminator-input forminator-email--field\" data-required=\"1\" aria-required=\"true\" \/><\/div><\/div><div id=\"phone-1\" class=\"forminator-field-phone forminator-col forminator-col-6 \"><div class=\"forminator-field\"><label for=\"forminator-field-phone-1_69f40ba115999\" class=\"forminator-label\" id=\"forminator-field-phone-1_69f40ba115999-label\">Mobil: <span class=\"forminator-required\">*<\/span><\/label><input type=\"text\" name=\"phone-1\" value=\"\" placeholder=\"\" id=\"forminator-field-phone-1_69f40ba115999\" class=\"forminator-input forminator-field--phone\" data-required=\"1\" aria-required=\"true\" autocomplete=\"off\" data-national_mode=\"disabled\" data-country=\"cz\" data-validation=\"international\" \/><\/div><\/div><\/div><div class=\"forminator-row\"><div id=\"address-1\" class=\"forminator-field-address forminator-col forminator-col-12 \"><div class=\"forminator-row\" data-multiple=\"false\"><div id=\"address-1-city\" class=\"forminator-col forminator-col-12\"><div class=\"forminator-field\"><label for=\"forminator-field-address-1-city_69f40ba115999\" class=\"forminator-label\" id=\"forminator-field-address-1-city_69f40ba115999-label\">M\u011bsto <span class=\"forminator-required\">*<\/span><\/label><input type=\"text\" name=\"address-1-city\" placeholder=\"Nap\u0159. Praha\" id=\"forminator-field-address-1-city_69f40ba115999\" class=\"forminator-input\" data-required=\"1\" aria-required=\"true\" value=\"\" \/><\/div><\/div><\/div><div class=\"forminator-row\" data-multiple=\"false\"><div id=\"address-1-zip\" class=\"forminator-col forminator-col-12\"><div class=\"forminator-field\"><label for=\"forminator-field-address-1-zip_69f40ba115999\" class=\"forminator-label\" id=\"forminator-field-address-1-zip_69f40ba115999-label\">PS\u010c<\/label><input type=\"text\" name=\"address-1-zip\" placeholder=\"\" id=\"forminator-field-address-1-zip_69f40ba115999\" class=\"forminator-input\" value=\"\" \/><\/div><\/div><\/div><\/div><\/div><\/div><\/div><div tabindex=\"0\" role=\"tabpanel\" id=\"forminator-custom-form-12197--page-1\" class=\"forminator-pagination\" aria-labelledby=\"forminator-custom-form-12197--page-1-label\" aria-hidden=\"true\" data-step=\"1\" data-label=\"Strana 1\" data-name=\"\" hidden><div class=\"forminator-pagination--content\"><div class=\"forminator-row\"><div id=\"section-2\" class=\"forminator-field-section forminator-col forminator-col-12 \"><div class=\"forminator-field\"><h2 class=\"forminator-title\">Va\u0161e zku\u0161enosti<\/h2><\/div><\/div><\/div><div class=\"forminator-row\"><div id=\"checkbox-1\" class=\"forminator-field-checkbox forminator-col forminator-col-6 \"><div role=\"group\" class=\"forminator-field required\" aria-labelledby=\"forminator-checkbox-group-69f40ba115999-label\"><h4 id=\"forminator-checkbox-group-69f40ba115999-label\" class=\"forminator-label\">Vyr\u016fstali jste se psy? <span class=\"forminator-required\">*<\/span><\/h4><label id=\"forminator-field-checkbox-1-1-69f40ba115999-label\" for=\"forminator-field-checkbox-1-1-69f40ba115999\" class=\"forminator-checkbox\" title=\"Ano\"><input type=\"checkbox\" name=\"checkbox-1[]\" value=\"one\" id=\"forminator-field-checkbox-1-1-69f40ba115999\" aria-labelledby=\"forminator-field-checkbox-1-1-69f40ba115999-label\" data-calculation=\"0\"   data-hidden-behavior=\"zero\" aria-describedby=\"forminator-field-checkbox-1-69f40ba115999-description\"\/><span class=\"forminator-checkbox-box\" aria-hidden=\"true\"><\/span><span class=\"forminator-checkbox-label\">Ano<\/span><\/label><label id=\"forminator-field-checkbox-1-2-69f40ba115999-label\" for=\"forminator-field-checkbox-1-2-69f40ba115999\" class=\"forminator-checkbox\" title=\"Ne\"><input type=\"checkbox\" name=\"checkbox-1[]\" value=\"two\" id=\"forminator-field-checkbox-1-2-69f40ba115999\" aria-labelledby=\"forminator-field-checkbox-1-2-69f40ba115999-label\" data-calculation=\"0\"   data-hidden-behavior=\"zero\" aria-describedby=\"forminator-field-checkbox-1-69f40ba115999-description\"\/><span class=\"forminator-checkbox-box\" aria-hidden=\"true\"><\/span><span class=\"forminator-checkbox-label\">Ne<\/span><\/label><\/div><\/div><div id=\"textarea-2\" class=\"forminator-field-textarea forminator-col forminator-col-6 \"><div class=\"forminator-field\"><label for=\"forminator-field-textarea-2_69f40ba115999\" id=\"forminator-field-textarea-2_69f40ba115999-label\" class=\"forminator-label\">Jak\u00e9 plemeno jste m\u011bli? <span class=\"forminator-required\">*<\/span><\/label><textarea name=\"textarea-2\" placeholder=\"\" id=\"forminator-field-textarea-2_69f40ba115999\" class=\"forminator-textarea\" rows=\"6\" style=\"min-height:140px;\" ><\/textarea><\/div><\/div><\/div><div class=\"forminator-row\"><div id=\"textarea-1\" class=\"forminator-field-textarea forminator-col forminator-col-12 \"><div class=\"forminator-field\"><label for=\"forminator-field-textarea-1_69f40ba115999\" id=\"forminator-field-textarea-1_69f40ba115999-label\" class=\"forminator-label\">M\u00e1te zku\u0161enosti i s jin\u00fdmi zv\u00ed\u0159aty? <span class=\"forminator-required\">*<\/span><\/label><textarea name=\"textarea-1\" placeholder=\"\" id=\"forminator-field-textarea-1_69f40ba115999\" class=\"forminator-textarea\" rows=\"6\" style=\"min-height:140px;\" ><\/textarea><span id=\"forminator-field-textarea-1_69f40ba115999-description\" class=\"forminator-description\"><span data-limit=\"5000\" data-type=\"words\">0 \/ 5000<\/span><\/span><\/div><\/div><\/div><div class=\"forminator-row\"><div id=\"checkbox-2\" class=\"forminator-field-checkbox forminator-col forminator-col-6 \"><div role=\"group\" class=\"forminator-field required\" aria-labelledby=\"forminator-checkbox-group-69f40ba115999-label\"><h4 id=\"forminator-checkbox-group-69f40ba115999-label\" class=\"forminator-label\">M\u00e1te zku\u0161enosti se sme\u010dkou ps\u016f (2 a v\u00edce ps\u016f)? <span class=\"forminator-required\">*<\/span><\/h4><label id=\"forminator-field-checkbox-2-1-69f40ba115999-label\" for=\"forminator-field-checkbox-2-1-69f40ba115999\" class=\"forminator-checkbox\" title=\"Ano\"><input type=\"checkbox\" name=\"checkbox-2[]\" value=\"one\" id=\"forminator-field-checkbox-2-1-69f40ba115999\" aria-labelledby=\"forminator-field-checkbox-2-1-69f40ba115999-label\" data-calculation=\"0\"   data-hidden-behavior=\"zero\" aria-describedby=\"forminator-field-checkbox-2-69f40ba115999-description\"\/><span class=\"forminator-checkbox-box\" aria-hidden=\"true\"><\/span><span class=\"forminator-checkbox-label\">Ano<\/span><\/label><label id=\"forminator-field-checkbox-2-2-69f40ba115999-label\" for=\"forminator-field-checkbox-2-2-69f40ba115999\" class=\"forminator-checkbox\" title=\"Ne\"><input type=\"checkbox\" name=\"checkbox-2[]\" value=\"two\" id=\"forminator-field-checkbox-2-2-69f40ba115999\" aria-labelledby=\"forminator-field-checkbox-2-2-69f40ba115999-label\" data-calculation=\"0\"   data-hidden-behavior=\"zero\" aria-describedby=\"forminator-field-checkbox-2-69f40ba115999-description\"\/><span class=\"forminator-checkbox-box\" aria-hidden=\"true\"><\/span><span class=\"forminator-checkbox-label\">Ne<\/span><\/label><\/div><\/div><div id=\"textarea-3\" class=\"forminator-field-textarea forminator-col forminator-col-6 \"><div class=\"forminator-field\"><label for=\"forminator-field-textarea-3_69f40ba115999\" id=\"forminator-field-textarea-3_69f40ba115999-label\" class=\"forminator-label\">Jak vypad\u00e1 chov\u00e1n\u00ed a fungov\u00e1n\u00ed ve sme\u010dce? <span class=\"forminator-required\">*<\/span><\/label><textarea name=\"textarea-3\" placeholder=\"\" id=\"forminator-field-textarea-3_69f40ba115999\" class=\"forminator-textarea\" rows=\"6\" style=\"min-height:140px;\" ><\/textarea><span id=\"forminator-field-textarea-3_69f40ba115999-description\" class=\"forminator-description\"><span data-limit=\"5000\" data-type=\"words\">0 \/ 5000<\/span><\/span><\/div><\/div><\/div><div class=\"forminator-row\"><div id=\"checkbox-3\" class=\"forminator-field-checkbox forminator-col forminator-col-6 \"><div role=\"group\" class=\"forminator-field required\" aria-labelledby=\"forminator-checkbox-group-69f40ba115999-label\"><h4 id=\"forminator-checkbox-group-69f40ba115999-label\" class=\"forminator-label\">Jste \u010dasov\u011b flexibiln\u00ed? <span class=\"forminator-required\">*<\/span><\/h4><label id=\"forminator-field-checkbox-3-1-69f40ba115999-label\" for=\"forminator-field-checkbox-3-1-69f40ba115999\" class=\"forminator-checkbox\" title=\"Ano\"><input type=\"checkbox\" name=\"checkbox-3[]\" value=\"one\" id=\"forminator-field-checkbox-3-1-69f40ba115999\" aria-labelledby=\"forminator-field-checkbox-3-1-69f40ba115999-label\" data-calculation=\"0\"   data-hidden-behavior=\"zero\" aria-describedby=\"forminator-field-checkbox-3-69f40ba115999-description\"\/><span class=\"forminator-checkbox-box\" aria-hidden=\"true\"><\/span><span class=\"forminator-checkbox-label\">Ano<\/span><\/label><label id=\"forminator-field-checkbox-3-2-69f40ba115999-label\" for=\"forminator-field-checkbox-3-2-69f40ba115999\" class=\"forminator-checkbox\" title=\"Ne\"><input type=\"checkbox\" name=\"checkbox-3[]\" value=\"two\" id=\"forminator-field-checkbox-3-2-69f40ba115999\" aria-labelledby=\"forminator-field-checkbox-3-2-69f40ba115999-label\" data-calculation=\"0\"   data-hidden-behavior=\"zero\" aria-describedby=\"forminator-field-checkbox-3-69f40ba115999-description\"\/><span class=\"forminator-checkbox-box\" aria-hidden=\"true\"><\/span><span class=\"forminator-checkbox-label\">Ne<\/span><\/label><\/div><\/div><div id=\"textarea-4\" class=\"forminator-field-textarea forminator-col forminator-col-6 \"><div class=\"forminator-field\"><label for=\"forminator-field-textarea-4_69f40ba115999\" id=\"forminator-field-textarea-4_69f40ba115999-label\" class=\"forminator-label\">M\u016f\u017eete hl\u00eddat psy v\u00edce dn\u00ed v kuse? <span class=\"forminator-required\">*<\/span><\/label><textarea name=\"textarea-4\" placeholder=\"\" id=\"forminator-field-textarea-4_69f40ba115999\" class=\"forminator-textarea\" rows=\"6\" style=\"min-height:140px;\" ><\/textarea><span id=\"forminator-field-textarea-4_69f40ba115999-description\" class=\"forminator-description\"><span data-limit=\"5000\" data-type=\"words\">0 \/ 5000<\/span><\/span><\/div><\/div><\/div><div class=\"forminator-row\"><div id=\"checkbox-4\" class=\"forminator-field-checkbox forminator-col forminator-col-6 \"><div role=\"group\" class=\"forminator-field required\" aria-labelledby=\"forminator-checkbox-group-69f40ba115999-label\"><h4 id=\"forminator-checkbox-group-69f40ba115999-label\" class=\"forminator-label\">Jste pohotov\u00ed? <span class=\"forminator-required\">*<\/span><\/h4><label id=\"forminator-field-checkbox-4-1-69f40ba115999-label\" for=\"forminator-field-checkbox-4-1-69f40ba115999\" class=\"forminator-checkbox\" title=\"Ano\"><input type=\"checkbox\" name=\"checkbox-4[]\" value=\"one\" id=\"forminator-field-checkbox-4-1-69f40ba115999\" aria-labelledby=\"forminator-field-checkbox-4-1-69f40ba115999-label\" data-calculation=\"0\"   data-hidden-behavior=\"zero\" aria-describedby=\"forminator-field-checkbox-4-69f40ba115999-description\"\/><span class=\"forminator-checkbox-box\" aria-hidden=\"true\"><\/span><span class=\"forminator-checkbox-label\">Ano<\/span><\/label><label id=\"forminator-field-checkbox-4-2-69f40ba115999-label\" for=\"forminator-field-checkbox-4-2-69f40ba115999\" class=\"forminator-checkbox\" title=\"Ne\"><input type=\"checkbox\" name=\"checkbox-4[]\" value=\"two\" id=\"forminator-field-checkbox-4-2-69f40ba115999\" aria-labelledby=\"forminator-field-checkbox-4-2-69f40ba115999-label\" data-calculation=\"0\"   data-hidden-behavior=\"zero\" aria-describedby=\"forminator-field-checkbox-4-69f40ba115999-description\"\/><span class=\"forminator-checkbox-box\" aria-hidden=\"true\"><\/span><span class=\"forminator-checkbox-label\">Ne<\/span><\/label><\/div><\/div><div id=\"textarea-6\" class=\"forminator-field-textarea forminator-col forminator-col-6 \"><div class=\"forminator-field\"><label for=\"forminator-field-textarea-6_69f40ba115999\" id=\"forminator-field-textarea-6_69f40ba115999-label\" class=\"forminator-label\">Um\u00edte \u0159e\u0161it krizov\u00e9 situace a v klidu? <span class=\"forminator-required\">*<\/span><\/label><textarea name=\"textarea-6\" placeholder=\"\" id=\"forminator-field-textarea-6_69f40ba115999\" class=\"forminator-textarea\" rows=\"6\" style=\"min-height:140px;\" ><\/textarea><span id=\"forminator-field-textarea-6_69f40ba115999-description\" class=\"forminator-description\"><span data-limit=\"5000\" data-type=\"words\">0 \/ 5000<\/span><\/span><\/div><\/div><\/div><div class=\"forminator-row\"><div id=\"checkbox-5\" class=\"forminator-field-checkbox forminator-col forminator-col-12 \"><div role=\"group\" class=\"forminator-field required\" aria-labelledby=\"forminator-checkbox-group-69f40ba115999-label\"><h4 id=\"forminator-checkbox-group-69f40ba115999-label\" class=\"forminator-label\">Jste ochotni se u\u010dit nov\u00e9 v\u011bci a p\u0159izp\u016fsobit se zaveden\u00fdm pravidl\u016fm? <span class=\"forminator-required\">*<\/span><\/h4><label id=\"forminator-field-checkbox-5-1-69f40ba115999-label\" for=\"forminator-field-checkbox-5-1-69f40ba115999\" class=\"forminator-checkbox\" title=\"Ano\"><input type=\"checkbox\" name=\"checkbox-5[]\" value=\"one\" id=\"forminator-field-checkbox-5-1-69f40ba115999\" aria-labelledby=\"forminator-field-checkbox-5-1-69f40ba115999-label\" data-calculation=\"0\"   data-hidden-behavior=\"zero\" aria-describedby=\"forminator-field-checkbox-5-69f40ba115999-description\"\/><span class=\"forminator-checkbox-box\" aria-hidden=\"true\"><\/span><span class=\"forminator-checkbox-label\">Ano<\/span><\/label><label id=\"forminator-field-checkbox-5-2-69f40ba115999-label\" for=\"forminator-field-checkbox-5-2-69f40ba115999\" class=\"forminator-checkbox\" title=\"Ne\"><input type=\"checkbox\" name=\"checkbox-5[]\" value=\"two\" id=\"forminator-field-checkbox-5-2-69f40ba115999\" aria-labelledby=\"forminator-field-checkbox-5-2-69f40ba115999-label\" data-calculation=\"0\"   data-hidden-behavior=\"zero\" aria-describedby=\"forminator-field-checkbox-5-69f40ba115999-description\"\/><span class=\"forminator-checkbox-box\" aria-hidden=\"true\"><\/span><span class=\"forminator-checkbox-label\">Ne<\/span><\/label><\/div><\/div><\/div><div class=\"forminator-row\"><div id=\"textarea-5\" class=\"forminator-field-textarea forminator-col forminator-col-12 \"><div class=\"forminator-field\"><label for=\"forminator-field-textarea-5_69f40ba115999\" id=\"forminator-field-textarea-5_69f40ba115999-label\" class=\"forminator-label\">Co byste n\u00e1m o sob\u011b cht\u011bli je\u0161t\u011b sd\u011blit? <span class=\"forminator-required\">*<\/span><\/label><textarea name=\"textarea-5\" placeholder=\"\" id=\"forminator-field-textarea-5_69f40ba115999\" class=\"forminator-textarea\" rows=\"6\" style=\"min-height:140px;\" ><\/textarea><\/div><\/div><\/div><\/div><button class=\"forminator-button forminator-pagination-submit\" style=\"display: none;\" disabled>Poslat zpr&aacute;vu<\/button><\/div><input type=\"hidden\" name=\"referer_url\" value=\"\" \/><input type=\"hidden\" id=\"forminator_nonce\" name=\"forminator_nonce\" value=\"0844b960f9\" \/><input type=\"hidden\" name=\"_wp_http_referer\" value=\"\/index.php\/wp-json\/wp\/v2\/pages\/12198\" \/><input type=\"hidden\" name=\"form_id\" value=\"12197\"><input type=\"hidden\" name=\"page_id\" value=\"12198\"><input type=\"hidden\" name=\"form_type\" value=\"default\"><input type=\"hidden\" name=\"current_url\" value=\"https:\/\/www.lagottoromagnolo-ribaty.cz\/index.php\/hlidani-psu\/\"><input type=\"hidden\" name=\"render_id\" value=\"0\"><input type=\"hidden\" name=\"action\" value=\"forminator_submit_form_custom-forms\"><\/form><\/div>\n","protected":false},"excerpt":{"rendered":"<p>Mil\u00ed z\u00e1jemci o hl\u00edd\u00e1n\u00ed ps\u016f v na\u0161\u00ed chovatelsk\u00e9 stanici, Hled\u00e1me ps\u00ed tetu\/strejdu na dlouhodobou spolupr\u00e1ci. T\u011b\u0161\u00ed n\u00e1s, \u017ee m\u00e1te z\u00e1jem o tr\u00e1ven\u00ed \u010dasu s na\u0161imi ps\u00edmi mil\u00e1\u010dky a r\u00e1di V\u00e1s mezi n\u00e1mi p\u0159iv\u00edt\u00e1me. Na\u0161\u00ed zodpov\u011bdnost\u00ed je v\u00fdb\u011br toho spr\u00e1vn\u00e9ho hl\u00eddac\u00edho strejdy\/hl\u00eddac\u00ed tety, a proto bude nezbytnou vstupenkou na konkurz v\u00fdb\u011brov\u00e9ho \u0159\u00edzen\u00ed, vypln\u011bn\u00ed formul\u00e1\u0159e n\u00ed\u017ee. Na [&hellip;]<\/p>\n","protected":false},"author":1,"featured_media":0,"parent":0,"menu_order":0,"comment_status":"closed","ping_status":"closed","template":"","meta":{"ngg_post_thumbnail":0},"_links":{"self":[{"href":"https:\/\/www.lagottoromagnolo-ribaty.cz\/index.php\/wp-json\/wp\/v2\/pages\/12198"}],"collection":[{"href":"https:\/\/www.lagottoromagnolo-ribaty.cz\/index.php\/wp-json\/wp\/v2\/pages"}],"about":[{"href":"https:\/\/www.lagottoromagnolo-ribaty.cz\/index.php\/wp-json\/wp\/v2\/types\/page"}],"author":[{"embeddable":true,"href":"https:\/\/www.lagottoromagnolo-ribaty.cz\/index.php\/wp-json\/wp\/v2\/users\/1"}],"replies":[{"embeddable":true,"href":"https:\/\/www.lagottoromagnolo-ribaty.cz\/index.php\/wp-json\/wp\/v2\/comments?post=12198"}],"version-history":[{"count":10,"href":"https:\/\/www.lagottoromagnolo-ribaty.cz\/index.php\/wp-json\/wp\/v2\/pages\/12198\/revisions"}],"predecessor-version":[{"id":12212,"href":"https:\/\/www.lagottoromagnolo-ribaty.cz\/index.php\/wp-json\/wp\/v2\/pages\/12198\/revisions\/12212"}],"wp:attachment":[{"href":"https:\/\/www.lagottoromagnolo-ribaty.cz\/index.php\/wp-json\/wp\/v2\/media?parent=12198"}],"curies":[{"name":"wp","href":"https:\/\/api.w.org\/{rel}","templated":true}]}}