{"id":11968,"date":"2025-09-13T18:42:55","date_gmt":"2025-09-13T18:42:55","guid":{"rendered":"https:\/\/www.lagottoromagnolo-ribaty.cz\/?page_id=11968"},"modified":"2026-03-30T21:58:36","modified_gmt":"2026-03-30T21:58:36","slug":"uzivaji-si-duchodu","status":"publish","type":"page","link":"https:\/\/www.lagottoromagnolo-ribaty.cz\/index.php\/uzivaji-si-duchodu\/","title":{"rendered":"U\u017e\u00edvaj\u00ed si d\u016fchodu"},"content":{"rendered":"\n<p>V\u00edtejte na str\u00e1nce t\u011bch nejmoud\u0159ej\u0161\u00edch ps\u00edch du\u0161\u00ed&#8230;.<\/p>\n\n\n\n<p>I kdy\u017e se to t\u011b\u017eko p\u0159ij\u00edm\u00e1, st\u00e1rnou velmi rychle &#8211; proto nedovolme, abychom promarnili jeden jedin\u00fd den, kter\u00fd m\u016f\u017eeme b\u00fdt s nimi (ano, i my pot\u0159ebujeme ob\u010das relax a oddych, ale to je nezbytn\u00e9 k nabr\u00e1n\u00ed sil a energie). N\u011bkde jsme vid\u011bli cit\u00e1t &#8220;time spent with dogs is never wasted&#8221; &#8211; v p\u0159ekladu: &#8220;\u010das str\u00e1ven\u00fd se psy nen\u00ed nikdy promarn\u011bn\u00fd (vyhozen\u00fd).&#8221;<\/p>\n\n\n\n<p>D\u011bkujeme z cel\u00e9ho srdce na\u0161im seniork\u00e1m za to, co v\u0161e za sebou zanechaly, kolik ps\u016f i lid\u00ed vychovaly, kolika ps\u016fm i lidem pomohly dosp\u011bt. <\/p>\n\n\n\n<p>P\u0159eji V\u00e1m, a\u0165 si s n\u00e1mi ten ps\u00ed \u017eivot u\u017e\u00edv\u00e1te je\u0161t\u011b mnoho let! <\/p>\n\n\n\n<p>Va\u0161e miluj\u00edc\u00ed ps\u00ed m\u00e1ma. &lt;3<\/p>\n\n\n\n<div class=\"wp-block-buttons\">\n<div class=\"wp-block-button has-custom-font-size has-medium-font-size\"><a class=\"wp-block-button__link has-pale-pink-background-color has-background\"><strong>B\u00e9atrice Brun &#8211; Blanc Charnett (*2.3.2016) <\/strong><\/a><\/div>\n<\/div>\n\n\n\n<p>Na\u0161e Trisinka se narodila v CHS Charnett v roce 2016. 2 m\u011bs\u00edce po ztr\u00e1t\u011b na\u0161eho nezapomenuteln\u00e9ho dobran\u00edho kluka Baxe. Je na\u0161\u00ed prvn\u00ed lagottkou a druhou pokra\u010dovatelkou CHS, d\u00edky kter\u00e9 jsme m\u011bli mo\u017enost lagottky pln\u011b poznat, sezn\u00e1mit se se \u0161irokou komunitou ps\u00edch lid\u00ed i chovtael\u016f. Jsme nade v\u0161e r\u00e1di, \u017ee ji m\u00e1me a \u017ee i v 9 letech je pln\u011b vit\u00e1ln\u00ed, vesel\u00e1, uvrt\u011bn\u00e1. Dlouh\u00fdch 6 let j\u00ed vychov\u00e1vala na\u0161e milovan\u00e1 <a href=\"https:\/\/www.lagottoromagnolo-ribaty.cz\/index.php\/s-laskou-vzpominame\/\">Pavl\u00ednka<\/a> (pra\u017esk\u00fd krysa\u0159\u00edk). <\/p>\n\n\n\n<p>V\u00edce o Trisince najdete n\u00ed\u017ee v odkazu. <\/p>\n\n\n\n<figure class=\"wp-block-embed is-type-wp-embed is-provider-chovatelska-stanice-quot-ribaty-quot wp-block-embed-chovatelska-stanice-quot-ribaty-quot\"><div class=\"wp-block-embed__wrapper\">\n<blockquote class=\"wp-embedded-content\" data-secret=\"uDJKckCNlj\"><a href=\"https:\/\/www.lagottoromagnolo-ribaty.cz\/index.php\/beatrice-brun-blanc-charnett-2\/\">B\u00e9atrice Brun &#8211; Blanc Charnett<\/a><\/blockquote><iframe class=\"wp-embedded-content\" sandbox=\"allow-scripts\" security=\"restricted\" style=\"position: absolute; clip: rect(1px, 1px, 1px, 1px);\" title=\"&#8222;B\u00e9atrice Brun &#8211; Blanc Charnett&#8220; &#8212; Chovatelsk\u00e1 stanice &quot;RIBATY&quot;\" src=\"https:\/\/www.lagottoromagnolo-ribaty.cz\/index.php\/beatrice-brun-blanc-charnett-2\/embed\/#?secret=uDJKckCNlj\" data-secret=\"uDJKckCNlj\" width=\"600\" height=\"338\" frameborder=\"0\" marginwidth=\"0\" marginheight=\"0\" scrolling=\"no\"><\/iframe>\n<\/div><\/figure>\n\n\n\n<div class=\"wp-block-buttons\">\n<div class=\"wp-block-button has-custom-font-size has-medium-font-size\"><a class=\"wp-block-button__link has-background\" style=\"background-color:#c37ef8\"><strong>All About Love Kira Angel Navajo (*16.7.2013)<\/strong><\/a><\/div>\n<\/div>\n\n\n\n<p>Jak se stala Kiru\u0161ka na\u0161\u00ed pr\u00e1voplatnou \u010dlenkou? <\/p>\n\n\n\n<p>Nejen, \u017ee je to maminka na\u0161\u00ed Trisinky (viz v\u00fd\u0161e), ale od roku 2021 tak\u00e9 sou\u010d\u00e1st na\u0161\u00ed rodiny. Narodila se v CHS Angel Navajo. Jej\u00ed maminka se do\u017eila 14,5 roku. K n\u00e1m se dostala po \u00famrt\u00ed na\u0161\u00ed dlouholet\u00e9 kamar\u00e1dky, na kterou nikdy nezapomeneme. Tak v\u011b\u0159\u00edme, \u017ee se na n\u00ed d\u00edv\u00e1 a bedliv\u011b j\u00ed st\u0159e\u017e\u00ed. &lt;3 Kiru\u0161ka se t\u011b\u0161\u00ed dobr\u00e9mu zdrav\u00ed, \u0161t\u011bn\u011bc\u00edmu duchu a vesel\u00e9 povaze. <\/p>\n\n\n\n<p>D\u011bkujeme za to, \u017ee \u017eije s n\u00e1mi. Je kr\u00e1sn\u00e9 pozorovat 3 generace po sob\u011b: Kira -&gt; Trisinka -&gt; Ewinka (<a href=\"https:\/\/www.lagottoromagnolo-ribaty.cz\/index.php\/ewa-esme-ribaty\/\">Ewa Esme Ribaty<\/a>)<\/p>\n\n\n\n<figure class=\"wp-block-gallery columns-3 is-cropped\"><ul class=\"blocks-gallery-grid\"><li class=\"blocks-gallery-item\"><figure><img loading=\"lazy\" width=\"1024\" height=\"856\" src=\"https:\/\/www.lagottoromagnolo-ribaty.cz\/wp-content\/uploads\/2026\/03\/1000083500-1024x856.jpg\" alt=\"\" data-id=\"12556\" data-full-url=\"https:\/\/www.lagottoromagnolo-ribaty.cz\/wp-content\/uploads\/2026\/03\/1000083500-scaled.jpg\" data-link=\"https:\/\/www.lagottoromagnolo-ribaty.cz\/index.php\/uzivaji-si-duchodu\/attachment\/1000083500\/\" class=\"wp-image-12556\" srcset=\"https:\/\/www.lagottoromagnolo-ribaty.cz\/wp-content\/uploads\/2026\/03\/1000083500-1024x856.jpg 1024w, https:\/\/www.lagottoromagnolo-ribaty.cz\/wp-content\/uploads\/2026\/03\/1000083500-500x418.jpg 500w, https:\/\/www.lagottoromagnolo-ribaty.cz\/wp-content\/uploads\/2026\/03\/1000083500-768x642.jpg 768w, https:\/\/www.lagottoromagnolo-ribaty.cz\/wp-content\/uploads\/2026\/03\/1000083500-1536x1284.jpg 1536w, https:\/\/www.lagottoromagnolo-ribaty.cz\/wp-content\/uploads\/2026\/03\/1000083500-2048x1712.jpg 2048w\" sizes=\"(max-width: 1024px) 100vw, 1024px\" \/><\/figure><\/li><li class=\"blocks-gallery-item\"><figure><img loading=\"lazy\" width=\"768\" height=\"1024\" src=\"https:\/\/www.lagottoromagnolo-ribaty.cz\/wp-content\/uploads\/2026\/03\/1000083492-768x1024.jpg\" alt=\"\" data-id=\"12557\" data-full-url=\"https:\/\/www.lagottoromagnolo-ribaty.cz\/wp-content\/uploads\/2026\/03\/1000083492-scaled.jpg\" data-link=\"https:\/\/www.lagottoromagnolo-ribaty.cz\/index.php\/uzivaji-si-duchodu\/attachment\/1000083492\/\" class=\"wp-image-12557\" srcset=\"https:\/\/www.lagottoromagnolo-ribaty.cz\/wp-content\/uploads\/2026\/03\/1000083492-768x1024.jpg 768w, https:\/\/www.lagottoromagnolo-ribaty.cz\/wp-content\/uploads\/2026\/03\/1000083492-375x500.jpg 375w, https:\/\/www.lagottoromagnolo-ribaty.cz\/wp-content\/uploads\/2026\/03\/1000083492-1152x1536.jpg 1152w, https:\/\/www.lagottoromagnolo-ribaty.cz\/wp-content\/uploads\/2026\/03\/1000083492-1536x2048.jpg 1536w, https:\/\/www.lagottoromagnolo-ribaty.cz\/wp-content\/uploads\/2026\/03\/1000083492-scaled.jpg 1920w\" sizes=\"(max-width: 768px) 100vw, 768px\" \/><\/figure><\/li><li class=\"blocks-gallery-item\"><figure><img loading=\"lazy\" width=\"1024\" height=\"859\" src=\"https:\/\/www.lagottoromagnolo-ribaty.cz\/wp-content\/uploads\/2026\/03\/1000083501-1024x859.jpg\" alt=\"\" data-id=\"12558\" data-full-url=\"https:\/\/www.lagottoromagnolo-ribaty.cz\/wp-content\/uploads\/2026\/03\/1000083501-scaled.jpg\" data-link=\"https:\/\/www.lagottoromagnolo-ribaty.cz\/index.php\/uzivaji-si-duchodu\/attachment\/1000083501\/\" class=\"wp-image-12558\" srcset=\"https:\/\/www.lagottoromagnolo-ribaty.cz\/wp-content\/uploads\/2026\/03\/1000083501-1024x859.jpg 1024w, https:\/\/www.lagottoromagnolo-ribaty.cz\/wp-content\/uploads\/2026\/03\/1000083501-500x420.jpg 500w, https:\/\/www.lagottoromagnolo-ribaty.cz\/wp-content\/uploads\/2026\/03\/1000083501-768x644.jpg 768w, https:\/\/www.lagottoromagnolo-ribaty.cz\/wp-content\/uploads\/2026\/03\/1000083501-1536x1289.jpg 1536w, https:\/\/www.lagottoromagnolo-ribaty.cz\/wp-content\/uploads\/2026\/03\/1000083501-2048x1718.jpg 2048w\" sizes=\"(max-width: 1024px) 100vw, 1024px\" \/><\/figure><\/li><\/ul><\/figure>\n","protected":false},"excerpt":{"rendered":"<p>V\u00edtejte na str\u00e1nce t\u011bch nejmoud\u0159ej\u0161\u00edch ps\u00edch du\u0161\u00ed&#8230;. I kdy\u017e se to t\u011b\u017eko p\u0159ij\u00edm\u00e1, st\u00e1rnou velmi rychle &#8211; proto nedovolme, abychom promarnili jeden jedin\u00fd den, kter\u00fd m\u016f\u017eeme b\u00fdt s nimi (ano, i my pot\u0159ebujeme ob\u010das relax a oddych, ale to je nezbytn\u00e9 k nabr\u00e1n\u00ed sil a energie). N\u011bkde jsme vid\u011bli cit\u00e1t &#8220;time spent with dogs is [&hellip;]<\/p>\n","protected":false},"author":1,"featured_media":0,"parent":0,"menu_order":0,"comment_status":"closed","ping_status":"closed","template":"","meta":{"ngg_post_thumbnail":0},"_links":{"self":[{"href":"https:\/\/www.lagottoromagnolo-ribaty.cz\/index.php\/wp-json\/wp\/v2\/pages\/11968"}],"collection":[{"href":"https:\/\/www.lagottoromagnolo-ribaty.cz\/index.php\/wp-json\/wp\/v2\/pages"}],"about":[{"href":"https:\/\/www.lagottoromagnolo-ribaty.cz\/index.php\/wp-json\/wp\/v2\/types\/page"}],"author":[{"embeddable":true,"href":"https:\/\/www.lagottoromagnolo-ribaty.cz\/index.php\/wp-json\/wp\/v2\/users\/1"}],"replies":[{"embeddable":true,"href":"https:\/\/www.lagottoromagnolo-ribaty.cz\/index.php\/wp-json\/wp\/v2\/comments?post=11968"}],"version-history":[{"count":12,"href":"https:\/\/www.lagottoromagnolo-ribaty.cz\/index.php\/wp-json\/wp\/v2\/pages\/11968\/revisions"}],"predecessor-version":[{"id":12559,"href":"https:\/\/www.lagottoromagnolo-ribaty.cz\/index.php\/wp-json\/wp\/v2\/pages\/11968\/revisions\/12559"}],"wp:attachment":[{"href":"https:\/\/www.lagottoromagnolo-ribaty.cz\/index.php\/wp-json\/wp\/v2\/media?parent=11968"}],"curies":[{"name":"wp","href":"https:\/\/api.w.org\/{rel}","templated":true}]}}