{"id":11188,"date":"2025-03-06T20:28:56","date_gmt":"2025-03-06T20:28:56","guid":{"rendered":"https:\/\/www.lagottoromagnolo-ribaty.cz\/?page_id=11188"},"modified":"2025-03-06T20:35:04","modified_gmt":"2025-03-06T20:35:04","slug":"hodnoceni-kurzu-6","status":"publish","type":"page","link":"https:\/\/www.lagottoromagnolo-ribaty.cz\/index.php\/hodnoceni-kurzu-6\/","title":{"rendered":"Hodnocen\u00ed kurzu"},"content":{"rendered":"\n<p><span class=\"has-inline-color has-luminous-vivid-orange-color\"><em>Eva Baxov\u00e1 a Berunka <\/em><\/span><\/p>\n\n\n\n<blockquote class=\"wp-block-quote is-style-large\"><p>Dobr\u00fd den, je\u0161t\u011b jednou bych V\u00e1m cht\u011bla moc pod\u011bkovat za Va\u0161i p\u00e9\u010di, informace a u\u017eite\u010dn\u00e9 rady o lagotk\u00e1ch.\ud83d\udc3e. Je moc fajn, \u017ee sd\u00edl\u00edte Va\u0161e zku\u0161enosti ohledn\u011b tohoto plemene. Tak\u00e9 si cen\u00edm, \u017ee jste si n\u00e1s vzala tak trochu pod \u201ck\u0159\u00eddla \u201c, i kdy\u017e Berenika nen\u00ed od V\u00e1s z vrhu. P\u0159eji V\u00e1m mnoho \u00fasp\u011bch\u016f a \u0161t\u011bst\u00ed v \u017eivot\u011b . Je\u0161t\u011b jednou d\u011bkuji \ud83d\udc3e\ud83d\udc95Eva<\/p><\/blockquote>\n\n\n\n<figure class=\"wp-block-gallery columns-3 is-cropped\"><ul class=\"blocks-gallery-grid\"><li class=\"blocks-gallery-item\"><figure><img loading=\"lazy\" width=\"768\" height=\"1024\" src=\"https:\/\/www.lagottoromagnolo-ribaty.cz\/wp-content\/uploads\/2025\/03\/IMG-20250215-WA00001-768x1024.jpg\" alt=\"\" data-id=\"11194\" data-full-url=\"https:\/\/www.lagottoromagnolo-ribaty.cz\/wp-content\/uploads\/2025\/03\/IMG-20250215-WA00001.jpg\" data-link=\"https:\/\/www.lagottoromagnolo-ribaty.cz\/index.php\/hodnoceni-kurzu-6\/img-20250215-wa00001\/\" class=\"wp-image-11194\" srcset=\"https:\/\/www.lagottoromagnolo-ribaty.cz\/wp-content\/uploads\/2025\/03\/IMG-20250215-WA00001-768x1024.jpg 768w, https:\/\/www.lagottoromagnolo-ribaty.cz\/wp-content\/uploads\/2025\/03\/IMG-20250215-WA00001-375x500.jpg 375w, https:\/\/www.lagottoromagnolo-ribaty.cz\/wp-content\/uploads\/2025\/03\/IMG-20250215-WA00001-1152x1536.jpg 1152w, https:\/\/www.lagottoromagnolo-ribaty.cz\/wp-content\/uploads\/2025\/03\/IMG-20250215-WA00001.jpg 1200w\" sizes=\"(max-width: 768px) 100vw, 768px\" \/><figcaption class=\"blocks-gallery-item__caption\">P\u0159ed<\/figcaption><\/figure><\/li><li class=\"blocks-gallery-item\"><figure><img loading=\"lazy\" width=\"768\" height=\"1024\" src=\"https:\/\/www.lagottoromagnolo-ribaty.cz\/wp-content\/uploads\/2025\/03\/IMG_20250222_165431-1-768x1024.jpg\" alt=\"\" data-id=\"11193\" data-full-url=\"https:\/\/www.lagottoromagnolo-ribaty.cz\/wp-content\/uploads\/2025\/03\/IMG_20250222_165431-1-scaled.jpg\" data-link=\"https:\/\/www.lagottoromagnolo-ribaty.cz\/index.php\/hodnoceni-kurzu-6\/img_20250222_165431-1\/\" class=\"wp-image-11193\" srcset=\"https:\/\/www.lagottoromagnolo-ribaty.cz\/wp-content\/uploads\/2025\/03\/IMG_20250222_165431-1-768x1024.jpg 768w, https:\/\/www.lagottoromagnolo-ribaty.cz\/wp-content\/uploads\/2025\/03\/IMG_20250222_165431-1-375x500.jpg 375w, https:\/\/www.lagottoromagnolo-ribaty.cz\/wp-content\/uploads\/2025\/03\/IMG_20250222_165431-1-1152x1536.jpg 1152w, https:\/\/www.lagottoromagnolo-ribaty.cz\/wp-content\/uploads\/2025\/03\/IMG_20250222_165431-1-1536x2048.jpg 1536w, https:\/\/www.lagottoromagnolo-ribaty.cz\/wp-content\/uploads\/2025\/03\/IMG_20250222_165431-1-scaled.jpg 1920w\" sizes=\"(max-width: 768px) 100vw, 768px\" \/><figcaption class=\"blocks-gallery-item__caption\">Po<\/figcaption><\/figure><\/li><li class=\"blocks-gallery-item\"><figure><img loading=\"lazy\" width=\"1024\" height=\"768\" src=\"https:\/\/www.lagottoromagnolo-ribaty.cz\/wp-content\/uploads\/2025\/03\/IMG_20250222_165429-1-1024x768.jpg\" alt=\"\" data-id=\"11195\" data-full-url=\"https:\/\/www.lagottoromagnolo-ribaty.cz\/wp-content\/uploads\/2025\/03\/IMG_20250222_165429-1-scaled.jpg\" data-link=\"https:\/\/www.lagottoromagnolo-ribaty.cz\/index.php\/hodnoceni-kurzu-6\/img_20250222_165429-1\/\" class=\"wp-image-11195\" srcset=\"https:\/\/www.lagottoromagnolo-ribaty.cz\/wp-content\/uploads\/2025\/03\/IMG_20250222_165429-1-1024x768.jpg 1024w, https:\/\/www.lagottoromagnolo-ribaty.cz\/wp-content\/uploads\/2025\/03\/IMG_20250222_165429-1-500x375.jpg 500w, https:\/\/www.lagottoromagnolo-ribaty.cz\/wp-content\/uploads\/2025\/03\/IMG_20250222_165429-1-768x576.jpg 768w, https:\/\/www.lagottoromagnolo-ribaty.cz\/wp-content\/uploads\/2025\/03\/IMG_20250222_165429-1-1536x1152.jpg 1536w, https:\/\/www.lagottoromagnolo-ribaty.cz\/wp-content\/uploads\/2025\/03\/IMG_20250222_165429-1-2048x1536.jpg 2048w\" sizes=\"(max-width: 1024px) 100vw, 1024px\" \/><figcaption class=\"blocks-gallery-item__caption\">Po<\/figcaption><\/figure><\/li><\/ul><\/figure>\n","protected":false},"excerpt":{"rendered":"<p>Eva Baxov\u00e1 a Berunka Dobr\u00fd den, je\u0161t\u011b jednou bych V\u00e1m cht\u011bla moc pod\u011bkovat za Va\u0161i p\u00e9\u010di, informace a u\u017eite\u010dn\u00e9 rady o lagotk\u00e1ch.\ud83d\udc3e. Je moc fajn, \u017ee sd\u00edl\u00edte Va\u0161e zku\u0161enosti ohledn\u011b tohoto plemene. Tak\u00e9 si cen\u00edm, \u017ee jste si n\u00e1s vzala tak trochu pod \u201ck\u0159\u00eddla \u201c, i kdy\u017e Berenika nen\u00ed od V\u00e1s z vrhu. P\u0159eji V\u00e1m [&hellip;]<\/p>\n","protected":false},"author":1,"featured_media":0,"parent":0,"menu_order":0,"comment_status":"closed","ping_status":"closed","template":"template-full-width.php","meta":{"ngg_post_thumbnail":0},"_links":{"self":[{"href":"https:\/\/www.lagottoromagnolo-ribaty.cz\/index.php\/wp-json\/wp\/v2\/pages\/11188"}],"collection":[{"href":"https:\/\/www.lagottoromagnolo-ribaty.cz\/index.php\/wp-json\/wp\/v2\/pages"}],"about":[{"href":"https:\/\/www.lagottoromagnolo-ribaty.cz\/index.php\/wp-json\/wp\/v2\/types\/page"}],"author":[{"embeddable":true,"href":"https:\/\/www.lagottoromagnolo-ribaty.cz\/index.php\/wp-json\/wp\/v2\/users\/1"}],"replies":[{"embeddable":true,"href":"https:\/\/www.lagottoromagnolo-ribaty.cz\/index.php\/wp-json\/wp\/v2\/comments?post=11188"}],"version-history":[{"count":3,"href":"https:\/\/www.lagottoromagnolo-ribaty.cz\/index.php\/wp-json\/wp\/v2\/pages\/11188\/revisions"}],"predecessor-version":[{"id":11196,"href":"https:\/\/www.lagottoromagnolo-ribaty.cz\/index.php\/wp-json\/wp\/v2\/pages\/11188\/revisions\/11196"}],"wp:attachment":[{"href":"https:\/\/www.lagottoromagnolo-ribaty.cz\/index.php\/wp-json\/wp\/v2\/media?parent=11188"}],"curies":[{"name":"wp","href":"https:\/\/api.w.org\/{rel}","templated":true}]}}