{"id":11112,"date":"2025-02-14T19:07:03","date_gmt":"2025-02-14T19:07:03","guid":{"rendered":"https:\/\/www.lagottoromagnolo-ribaty.cz\/?page_id=11112"},"modified":"2025-02-14T19:07:03","modified_gmt":"2025-02-14T19:07:03","slug":"momenty-kdy-davame-nadeji-a-rozdavame-radost","status":"publish","type":"page","link":"https:\/\/www.lagottoromagnolo-ribaty.cz\/index.php\/momenty-kdy-davame-nadeji-a-rozdavame-radost\/","title":{"rendered":"Momenty, kdy d\u00e1v\u00e1me nad\u011bji a rozd\u00e1v\u00e1me radost"},"content":{"rendered":"\n<h2>Domov senior\u016f Centrin \ud83e\ude75 <\/h2>\n\n\n\n<figure class=\"wp-block-gallery columns-3 is-cropped\"><ul class=\"blocks-gallery-grid\"><li class=\"blocks-gallery-item\"><figure><img loading=\"lazy\" width=\"768\" height=\"1024\" src=\"https:\/\/www.lagottoromagnolo-ribaty.cz\/wp-content\/uploads\/2025\/02\/IMG-20250214-WA0000-768x1024.jpg\" alt=\"\" data-id=\"11113\" data-full-url=\"https:\/\/www.lagottoromagnolo-ribaty.cz\/wp-content\/uploads\/2025\/02\/IMG-20250214-WA0000.jpg\" data-link=\"https:\/\/www.lagottoromagnolo-ribaty.cz\/?attachment_id=11113\" class=\"wp-image-11113\" srcset=\"https:\/\/www.lagottoromagnolo-ribaty.cz\/wp-content\/uploads\/2025\/02\/IMG-20250214-WA0000-768x1024.jpg 768w, https:\/\/www.lagottoromagnolo-ribaty.cz\/wp-content\/uploads\/2025\/02\/IMG-20250214-WA0000-375x500.jpg 375w, https:\/\/www.lagottoromagnolo-ribaty.cz\/wp-content\/uploads\/2025\/02\/IMG-20250214-WA0000-1152x1536.jpg 1152w, https:\/\/www.lagottoromagnolo-ribaty.cz\/wp-content\/uploads\/2025\/02\/IMG-20250214-WA0000.jpg 1200w\" sizes=\"(max-width: 768px) 100vw, 768px\" \/><\/figure><\/li><li class=\"blocks-gallery-item\"><figure><img loading=\"lazy\" width=\"768\" height=\"1024\" src=\"https:\/\/www.lagottoromagnolo-ribaty.cz\/wp-content\/uploads\/2025\/02\/IMG-20250214-WA0004-768x1024.jpg\" alt=\"\" data-id=\"11114\" data-full-url=\"https:\/\/www.lagottoromagnolo-ribaty.cz\/wp-content\/uploads\/2025\/02\/IMG-20250214-WA0004.jpg\" data-link=\"https:\/\/www.lagottoromagnolo-ribaty.cz\/?attachment_id=11114\" class=\"wp-image-11114\" srcset=\"https:\/\/www.lagottoromagnolo-ribaty.cz\/wp-content\/uploads\/2025\/02\/IMG-20250214-WA0004-768x1024.jpg 768w, https:\/\/www.lagottoromagnolo-ribaty.cz\/wp-content\/uploads\/2025\/02\/IMG-20250214-WA0004-375x500.jpg 375w, https:\/\/www.lagottoromagnolo-ribaty.cz\/wp-content\/uploads\/2025\/02\/IMG-20250214-WA0004-1152x1536.jpg 1152w, https:\/\/www.lagottoromagnolo-ribaty.cz\/wp-content\/uploads\/2025\/02\/IMG-20250214-WA0004.jpg 1200w\" sizes=\"(max-width: 768px) 100vw, 768px\" \/><\/figure><\/li><li class=\"blocks-gallery-item\"><figure><img loading=\"lazy\" width=\"768\" height=\"1024\" src=\"https:\/\/www.lagottoromagnolo-ribaty.cz\/wp-content\/uploads\/2025\/02\/IMG-20250214-WA0010-768x1024.jpg\" alt=\"\" data-id=\"11115\" data-full-url=\"https:\/\/www.lagottoromagnolo-ribaty.cz\/wp-content\/uploads\/2025\/02\/IMG-20250214-WA0010.jpg\" data-link=\"https:\/\/www.lagottoromagnolo-ribaty.cz\/?attachment_id=11115\" class=\"wp-image-11115\" srcset=\"https:\/\/www.lagottoromagnolo-ribaty.cz\/wp-content\/uploads\/2025\/02\/IMG-20250214-WA0010-768x1024.jpg 768w, https:\/\/www.lagottoromagnolo-ribaty.cz\/wp-content\/uploads\/2025\/02\/IMG-20250214-WA0010-375x500.jpg 375w, https:\/\/www.lagottoromagnolo-ribaty.cz\/wp-content\/uploads\/2025\/02\/IMG-20250214-WA0010-1152x1536.jpg 1152w, https:\/\/www.lagottoromagnolo-ribaty.cz\/wp-content\/uploads\/2025\/02\/IMG-20250214-WA0010.jpg 1200w\" sizes=\"(max-width: 768px) 100vw, 768px\" \/><\/figure><\/li><li class=\"blocks-gallery-item\"><figure><img loading=\"lazy\" width=\"768\" height=\"1024\" src=\"https:\/\/www.lagottoromagnolo-ribaty.cz\/wp-content\/uploads\/2025\/02\/IMG-20250214-WA0009-768x1024.jpg\" alt=\"\" data-id=\"11116\" data-full-url=\"https:\/\/www.lagottoromagnolo-ribaty.cz\/wp-content\/uploads\/2025\/02\/IMG-20250214-WA0009.jpg\" data-link=\"https:\/\/www.lagottoromagnolo-ribaty.cz\/?attachment_id=11116\" class=\"wp-image-11116\" srcset=\"https:\/\/www.lagottoromagnolo-ribaty.cz\/wp-content\/uploads\/2025\/02\/IMG-20250214-WA0009-768x1024.jpg 768w, https:\/\/www.lagottoromagnolo-ribaty.cz\/wp-content\/uploads\/2025\/02\/IMG-20250214-WA0009-375x500.jpg 375w, https:\/\/www.lagottoromagnolo-ribaty.cz\/wp-content\/uploads\/2025\/02\/IMG-20250214-WA0009-1152x1536.jpg 1152w, https:\/\/www.lagottoromagnolo-ribaty.cz\/wp-content\/uploads\/2025\/02\/IMG-20250214-WA0009.jpg 1200w\" sizes=\"(max-width: 768px) 100vw, 768px\" \/><\/figure><\/li><li class=\"blocks-gallery-item\"><figure><img loading=\"lazy\" width=\"768\" height=\"1024\" src=\"https:\/\/www.lagottoromagnolo-ribaty.cz\/wp-content\/uploads\/2025\/02\/IMG-20250214-WA0011-768x1024.jpg\" alt=\"\" data-id=\"11117\" data-full-url=\"https:\/\/www.lagottoromagnolo-ribaty.cz\/wp-content\/uploads\/2025\/02\/IMG-20250214-WA0011.jpg\" data-link=\"https:\/\/www.lagottoromagnolo-ribaty.cz\/?attachment_id=11117\" class=\"wp-image-11117\" srcset=\"https:\/\/www.lagottoromagnolo-ribaty.cz\/wp-content\/uploads\/2025\/02\/IMG-20250214-WA0011-768x1024.jpg 768w, https:\/\/www.lagottoromagnolo-ribaty.cz\/wp-content\/uploads\/2025\/02\/IMG-20250214-WA0011-375x500.jpg 375w, https:\/\/www.lagottoromagnolo-ribaty.cz\/wp-content\/uploads\/2025\/02\/IMG-20250214-WA0011-1152x1536.jpg 1152w, https:\/\/www.lagottoromagnolo-ribaty.cz\/wp-content\/uploads\/2025\/02\/IMG-20250214-WA0011.jpg 1200w\" sizes=\"(max-width: 768px) 100vw, 768px\" \/><\/figure><\/li><li class=\"blocks-gallery-item\"><figure><img loading=\"lazy\" width=\"768\" height=\"1024\" src=\"https:\/\/www.lagottoromagnolo-ribaty.cz\/wp-content\/uploads\/2025\/02\/IMG-20250214-WA0013-768x1024.jpg\" alt=\"\" data-id=\"11118\" data-full-url=\"https:\/\/www.lagottoromagnolo-ribaty.cz\/wp-content\/uploads\/2025\/02\/IMG-20250214-WA0013.jpg\" data-link=\"https:\/\/www.lagottoromagnolo-ribaty.cz\/?attachment_id=11118\" class=\"wp-image-11118\" srcset=\"https:\/\/www.lagottoromagnolo-ribaty.cz\/wp-content\/uploads\/2025\/02\/IMG-20250214-WA0013-768x1024.jpg 768w, https:\/\/www.lagottoromagnolo-ribaty.cz\/wp-content\/uploads\/2025\/02\/IMG-20250214-WA0013-375x500.jpg 375w, https:\/\/www.lagottoromagnolo-ribaty.cz\/wp-content\/uploads\/2025\/02\/IMG-20250214-WA0013-1152x1536.jpg 1152w, https:\/\/www.lagottoromagnolo-ribaty.cz\/wp-content\/uploads\/2025\/02\/IMG-20250214-WA0013.jpg 1200w\" sizes=\"(max-width: 768px) 100vw, 768px\" \/><\/figure><\/li><li class=\"blocks-gallery-item\"><figure><img loading=\"lazy\" width=\"768\" height=\"1024\" src=\"https:\/\/www.lagottoromagnolo-ribaty.cz\/wp-content\/uploads\/2025\/02\/IMG-20250214-WA0015-768x1024.jpg\" alt=\"\" data-id=\"11119\" data-full-url=\"https:\/\/www.lagottoromagnolo-ribaty.cz\/wp-content\/uploads\/2025\/02\/IMG-20250214-WA0015.jpg\" data-link=\"https:\/\/www.lagottoromagnolo-ribaty.cz\/?attachment_id=11119\" class=\"wp-image-11119\" srcset=\"https:\/\/www.lagottoromagnolo-ribaty.cz\/wp-content\/uploads\/2025\/02\/IMG-20250214-WA0015-768x1025.jpg 768w, https:\/\/www.lagottoromagnolo-ribaty.cz\/wp-content\/uploads\/2025\/02\/IMG-20250214-WA0015-375x500.jpg 375w, https:\/\/www.lagottoromagnolo-ribaty.cz\/wp-content\/uploads\/2025\/02\/IMG-20250214-WA0015-1151x1536.jpg 1151w, https:\/\/www.lagottoromagnolo-ribaty.cz\/wp-content\/uploads\/2025\/02\/IMG-20250214-WA0015.jpg 1535w\" sizes=\"(max-width: 768px) 100vw, 768px\" \/><\/figure><\/li><li class=\"blocks-gallery-item\"><figure><img loading=\"lazy\" width=\"768\" height=\"1024\" src=\"https:\/\/www.lagottoromagnolo-ribaty.cz\/wp-content\/uploads\/2025\/02\/IMG-20250214-WA0017-768x1024.jpg\" alt=\"\" data-id=\"11120\" data-full-url=\"https:\/\/www.lagottoromagnolo-ribaty.cz\/wp-content\/uploads\/2025\/02\/IMG-20250214-WA0017.jpg\" data-link=\"https:\/\/www.lagottoromagnolo-ribaty.cz\/?attachment_id=11120\" class=\"wp-image-11120\" srcset=\"https:\/\/www.lagottoromagnolo-ribaty.cz\/wp-content\/uploads\/2025\/02\/IMG-20250214-WA0017-768x1024.jpg 768w, https:\/\/www.lagottoromagnolo-ribaty.cz\/wp-content\/uploads\/2025\/02\/IMG-20250214-WA0017-375x500.jpg 375w, https:\/\/www.lagottoromagnolo-ribaty.cz\/wp-content\/uploads\/2025\/02\/IMG-20250214-WA0017-1152x1536.jpg 1152w, https:\/\/www.lagottoromagnolo-ribaty.cz\/wp-content\/uploads\/2025\/02\/IMG-20250214-WA0017.jpg 1536w\" sizes=\"(max-width: 768px) 100vw, 768px\" \/><\/figure><\/li><li class=\"blocks-gallery-item\"><figure><img loading=\"lazy\" width=\"768\" height=\"1024\" src=\"https:\/\/www.lagottoromagnolo-ribaty.cz\/wp-content\/uploads\/2025\/02\/IMG-20250214-WA0018-768x1024.jpg\" alt=\"\" data-id=\"11121\" data-full-url=\"https:\/\/www.lagottoromagnolo-ribaty.cz\/wp-content\/uploads\/2025\/02\/IMG-20250214-WA0018.jpg\" data-link=\"https:\/\/www.lagottoromagnolo-ribaty.cz\/?attachment_id=11121\" class=\"wp-image-11121\" srcset=\"https:\/\/www.lagottoromagnolo-ribaty.cz\/wp-content\/uploads\/2025\/02\/IMG-20250214-WA0018-768x1024.jpg 768w, https:\/\/www.lagottoromagnolo-ribaty.cz\/wp-content\/uploads\/2025\/02\/IMG-20250214-WA0018-375x500.jpg 375w, https:\/\/www.lagottoromagnolo-ribaty.cz\/wp-content\/uploads\/2025\/02\/IMG-20250214-WA0018-1152x1536.jpg 1152w, https:\/\/www.lagottoromagnolo-ribaty.cz\/wp-content\/uploads\/2025\/02\/IMG-20250214-WA0018.jpg 1536w\" sizes=\"(max-width: 768px) 100vw, 768px\" \/><\/figure><\/li><li class=\"blocks-gallery-item\"><figure><img loading=\"lazy\" width=\"768\" height=\"1024\" src=\"https:\/\/www.lagottoromagnolo-ribaty.cz\/wp-content\/uploads\/2025\/02\/IMG-20250214-WA0022-768x1024.jpg\" alt=\"\" data-id=\"11122\" data-full-url=\"https:\/\/www.lagottoromagnolo-ribaty.cz\/wp-content\/uploads\/2025\/02\/IMG-20250214-WA0022.jpg\" data-link=\"https:\/\/www.lagottoromagnolo-ribaty.cz\/?attachment_id=11122\" class=\"wp-image-11122\" srcset=\"https:\/\/www.lagottoromagnolo-ribaty.cz\/wp-content\/uploads\/2025\/02\/IMG-20250214-WA0022-768x1024.jpg 768w, https:\/\/www.lagottoromagnolo-ribaty.cz\/wp-content\/uploads\/2025\/02\/IMG-20250214-WA0022-375x500.jpg 375w, https:\/\/www.lagottoromagnolo-ribaty.cz\/wp-content\/uploads\/2025\/02\/IMG-20250214-WA0022-1152x1536.jpg 1152w, https:\/\/www.lagottoromagnolo-ribaty.cz\/wp-content\/uploads\/2025\/02\/IMG-20250214-WA0022.jpg 1536w\" sizes=\"(max-width: 768px) 100vw, 768px\" \/><\/figure><\/li><li class=\"blocks-gallery-item\"><figure><img loading=\"lazy\" width=\"768\" height=\"1024\" src=\"https:\/\/www.lagottoromagnolo-ribaty.cz\/wp-content\/uploads\/2025\/02\/IMG-20250214-WA0021-768x1024.jpg\" alt=\"\" data-id=\"11123\" data-full-url=\"https:\/\/www.lagottoromagnolo-ribaty.cz\/wp-content\/uploads\/2025\/02\/IMG-20250214-WA0021.jpg\" data-link=\"https:\/\/www.lagottoromagnolo-ribaty.cz\/?attachment_id=11123\" class=\"wp-image-11123\" srcset=\"https:\/\/www.lagottoromagnolo-ribaty.cz\/wp-content\/uploads\/2025\/02\/IMG-20250214-WA0021-768x1024.jpg 768w, https:\/\/www.lagottoromagnolo-ribaty.cz\/wp-content\/uploads\/2025\/02\/IMG-20250214-WA0021-375x500.jpg 375w, https:\/\/www.lagottoromagnolo-ribaty.cz\/wp-content\/uploads\/2025\/02\/IMG-20250214-WA0021-1153x1536.jpg 1153w, https:\/\/www.lagottoromagnolo-ribaty.cz\/wp-content\/uploads\/2025\/02\/IMG-20250214-WA0021.jpg 1536w\" sizes=\"(max-width: 768px) 100vw, 768px\" \/><\/figure><\/li><li class=\"blocks-gallery-item\"><figure><img loading=\"lazy\" width=\"768\" height=\"1024\" src=\"https:\/\/www.lagottoromagnolo-ribaty.cz\/wp-content\/uploads\/2025\/02\/IMG-20250214-WA0025-768x1024.jpg\" alt=\"\" data-id=\"11124\" data-full-url=\"https:\/\/www.lagottoromagnolo-ribaty.cz\/wp-content\/uploads\/2025\/02\/IMG-20250214-WA0025.jpg\" data-link=\"https:\/\/www.lagottoromagnolo-ribaty.cz\/?attachment_id=11124\" class=\"wp-image-11124\" srcset=\"https:\/\/www.lagottoromagnolo-ribaty.cz\/wp-content\/uploads\/2025\/02\/IMG-20250214-WA0025-768x1025.jpg 768w, https:\/\/www.lagottoromagnolo-ribaty.cz\/wp-content\/uploads\/2025\/02\/IMG-20250214-WA0025-375x500.jpg 375w, https:\/\/www.lagottoromagnolo-ribaty.cz\/wp-content\/uploads\/2025\/02\/IMG-20250214-WA0025-1151x1536.jpg 1151w, https:\/\/www.lagottoromagnolo-ribaty.cz\/wp-content\/uploads\/2025\/02\/IMG-20250214-WA0025.jpg 1535w\" sizes=\"(max-width: 768px) 100vw, 768px\" \/><\/figure><\/li><\/ul><\/figure>\n","protected":false},"excerpt":{"rendered":"<p>Domov senior\u016f Centrin \ud83e\ude75<\/p>\n","protected":false},"author":1,"featured_media":0,"parent":0,"menu_order":0,"comment_status":"closed","ping_status":"closed","template":"","meta":{"ngg_post_thumbnail":0},"_links":{"self":[{"href":"https:\/\/www.lagottoromagnolo-ribaty.cz\/index.php\/wp-json\/wp\/v2\/pages\/11112"}],"collection":[{"href":"https:\/\/www.lagottoromagnolo-ribaty.cz\/index.php\/wp-json\/wp\/v2\/pages"}],"about":[{"href":"https:\/\/www.lagottoromagnolo-ribaty.cz\/index.php\/wp-json\/wp\/v2\/types\/page"}],"author":[{"embeddable":true,"href":"https:\/\/www.lagottoromagnolo-ribaty.cz\/index.php\/wp-json\/wp\/v2\/users\/1"}],"replies":[{"embeddable":true,"href":"https:\/\/www.lagottoromagnolo-ribaty.cz\/index.php\/wp-json\/wp\/v2\/comments?post=11112"}],"version-history":[{"count":1,"href":"https:\/\/www.lagottoromagnolo-ribaty.cz\/index.php\/wp-json\/wp\/v2\/pages\/11112\/revisions"}],"predecessor-version":[{"id":11126,"href":"https:\/\/www.lagottoromagnolo-ribaty.cz\/index.php\/wp-json\/wp\/v2\/pages\/11112\/revisions\/11126"}],"wp:attachment":[{"href":"https:\/\/www.lagottoromagnolo-ribaty.cz\/index.php\/wp-json\/wp\/v2\/media?parent=11112"}],"curies":[{"name":"wp","href":"https:\/\/api.w.org\/{rel}","templated":true}]}}