{"id":10868,"date":"2024-10-06T13:49:34","date_gmt":"2024-10-06T13:49:34","guid":{"rendered":"https:\/\/www.lagottoromagnolo-ribaty.cz\/?page_id=10868"},"modified":"2024-10-06T22:28:40","modified_gmt":"2024-10-06T22:28:40","slug":"hodnoceni-kurzu-5","status":"publish","type":"page","link":"https:\/\/www.lagottoromagnolo-ribaty.cz\/index.php\/hodnoceni-kurzu-5\/","title":{"rendered":"Hodnocen\u00ed kurzu"},"content":{"rendered":"\n<p><em><span style=\"color:#0c631f\" class=\"has-inline-color\">Bc. Krist\u00edna Antalov\u00e1 &#8211; ps\u00ed salon Asany <\/span><\/em><\/p>\n\n\n\n<blockquote class=\"wp-block-quote is-style-large\"><p>Chcela by som sa ve\u013emi pekne po\u010fakova\u0165 za semin\u00e1r a \u00fa\u017easn\u00fd workshop, ktor\u00fd mi neskuto\u010dne pomohol pri strihan\u00ed Lagotiek \ud83d\ude0a\u2764\ufe0f v\u0161etko vysvetlen\u00e9 do podrobna. Som majite\u013ekou psieho sal\u00f3nu a toto bolo uk\u00e1zan\u00e9 a vysvetlen\u00e9 naozaj profesion\u00e1lne\ud83d\ude0a bolo mi vysvetlen\u00e9 na \u010do si d\u00e1va\u0165 pozor u tohto plemena pri strihan\u00ed, naj\u010dastej\u0161ie chyby, ktor\u00fdm sa pri v\u00fdstavnom strihu vyvarova\u0165\ud83d\ude0a pani Leilu len a len odpor\u00fa\u010dam\ud83d\ude0a e\u0161te raz ve\u013ek\u00e9 \u010fakujem\ud83d\ude0a<\/p><\/blockquote>\n\n\n\n<figure class=\"wp-block-gallery columns-3 is-cropped\"><ul class=\"blocks-gallery-grid\"><li class=\"blocks-gallery-item\"><figure><img loading=\"lazy\" width=\"768\" height=\"1024\" src=\"https:\/\/www.lagottoromagnolo-ribaty.cz\/wp-content\/uploads\/2024\/10\/IMG_20241006_132506-768x1024.jpg\" alt=\"\" data-id=\"10886\" data-full-url=\"https:\/\/www.lagottoromagnolo-ribaty.cz\/wp-content\/uploads\/2024\/10\/IMG_20241006_132506-scaled.jpg\" data-link=\"https:\/\/www.lagottoromagnolo-ribaty.cz\/index.php\/hodnoceni-kurzu-5\/img_20241006_132506\/\" class=\"wp-image-10886\" srcset=\"https:\/\/www.lagottoromagnolo-ribaty.cz\/wp-content\/uploads\/2024\/10\/IMG_20241006_132506-768x1024.jpg 768w, https:\/\/www.lagottoromagnolo-ribaty.cz\/wp-content\/uploads\/2024\/10\/IMG_20241006_132506-375x500.jpg 375w, https:\/\/www.lagottoromagnolo-ribaty.cz\/wp-content\/uploads\/2024\/10\/IMG_20241006_132506-1152x1536.jpg 1152w, https:\/\/www.lagottoromagnolo-ribaty.cz\/wp-content\/uploads\/2024\/10\/IMG_20241006_132506-1536x2048.jpg 1536w, https:\/\/www.lagottoromagnolo-ribaty.cz\/wp-content\/uploads\/2024\/10\/IMG_20241006_132506-scaled.jpg 1920w\" sizes=\"(max-width: 768px) 100vw, 768px\" \/><\/figure><\/li><li class=\"blocks-gallery-item\"><figure><img loading=\"lazy\" width=\"768\" height=\"1024\" src=\"https:\/\/www.lagottoromagnolo-ribaty.cz\/wp-content\/uploads\/2024\/10\/IMG_20241006_131031-768x1024.jpg\" alt=\"\" data-id=\"10887\" data-full-url=\"https:\/\/www.lagottoromagnolo-ribaty.cz\/wp-content\/uploads\/2024\/10\/IMG_20241006_131031-scaled.jpg\" data-link=\"https:\/\/www.lagottoromagnolo-ribaty.cz\/index.php\/hodnoceni-kurzu-5\/img_20241006_131031\/\" class=\"wp-image-10887\" srcset=\"https:\/\/www.lagottoromagnolo-ribaty.cz\/wp-content\/uploads\/2024\/10\/IMG_20241006_131031-768x1024.jpg 768w, https:\/\/www.lagottoromagnolo-ribaty.cz\/wp-content\/uploads\/2024\/10\/IMG_20241006_131031-375x500.jpg 375w, https:\/\/www.lagottoromagnolo-ribaty.cz\/wp-content\/uploads\/2024\/10\/IMG_20241006_131031-1152x1536.jpg 1152w, https:\/\/www.lagottoromagnolo-ribaty.cz\/wp-content\/uploads\/2024\/10\/IMG_20241006_131031-1536x2048.jpg 1536w, https:\/\/www.lagottoromagnolo-ribaty.cz\/wp-content\/uploads\/2024\/10\/IMG_20241006_131031-scaled.jpg 1920w\" sizes=\"(max-width: 768px) 100vw, 768px\" \/><\/figure><\/li><li class=\"blocks-gallery-item\"><figure><img loading=\"lazy\" width=\"1024\" height=\"768\" src=\"https:\/\/www.lagottoromagnolo-ribaty.cz\/wp-content\/uploads\/2024\/10\/IMG_20241006_131000-1024x768.jpg\" alt=\"\" data-id=\"10888\" data-full-url=\"https:\/\/www.lagottoromagnolo-ribaty.cz\/wp-content\/uploads\/2024\/10\/IMG_20241006_131000-scaled.jpg\" data-link=\"https:\/\/www.lagottoromagnolo-ribaty.cz\/index.php\/hodnoceni-kurzu-5\/img_20241006_131000\/\" class=\"wp-image-10888\" srcset=\"https:\/\/www.lagottoromagnolo-ribaty.cz\/wp-content\/uploads\/2024\/10\/IMG_20241006_131000-1024x768.jpg 1024w, https:\/\/www.lagottoromagnolo-ribaty.cz\/wp-content\/uploads\/2024\/10\/IMG_20241006_131000-500x375.jpg 500w, https:\/\/www.lagottoromagnolo-ribaty.cz\/wp-content\/uploads\/2024\/10\/IMG_20241006_131000-768x576.jpg 768w, https:\/\/www.lagottoromagnolo-ribaty.cz\/wp-content\/uploads\/2024\/10\/IMG_20241006_131000-1536x1152.jpg 1536w, https:\/\/www.lagottoromagnolo-ribaty.cz\/wp-content\/uploads\/2024\/10\/IMG_20241006_131000-2048x1536.jpg 2048w\" sizes=\"(max-width: 1024px) 100vw, 1024px\" \/><\/figure><\/li><li class=\"blocks-gallery-item\"><figure><img loading=\"lazy\" width=\"1024\" height=\"768\" src=\"https:\/\/www.lagottoromagnolo-ribaty.cz\/wp-content\/uploads\/2024\/10\/IMG_20241006_130958-2-1024x768.jpg\" alt=\"\" data-id=\"10889\" data-full-url=\"https:\/\/www.lagottoromagnolo-ribaty.cz\/wp-content\/uploads\/2024\/10\/IMG_20241006_130958-2-scaled.jpg\" data-link=\"https:\/\/www.lagottoromagnolo-ribaty.cz\/index.php\/hodnoceni-kurzu-5\/img_20241006_130958-2\/\" class=\"wp-image-10889\" srcset=\"https:\/\/www.lagottoromagnolo-ribaty.cz\/wp-content\/uploads\/2024\/10\/IMG_20241006_130958-2-1024x768.jpg 1024w, https:\/\/www.lagottoromagnolo-ribaty.cz\/wp-content\/uploads\/2024\/10\/IMG_20241006_130958-2-500x375.jpg 500w, https:\/\/www.lagottoromagnolo-ribaty.cz\/wp-content\/uploads\/2024\/10\/IMG_20241006_130958-2-768x576.jpg 768w, https:\/\/www.lagottoromagnolo-ribaty.cz\/wp-content\/uploads\/2024\/10\/IMG_20241006_130958-2-1536x1152.jpg 1536w, https:\/\/www.lagottoromagnolo-ribaty.cz\/wp-content\/uploads\/2024\/10\/IMG_20241006_130958-2-2048x1536.jpg 2048w\" sizes=\"(max-width: 1024px) 100vw, 1024px\" \/><\/figure><\/li><li class=\"blocks-gallery-item\"><figure><img loading=\"lazy\" width=\"768\" height=\"1024\" src=\"https:\/\/www.lagottoromagnolo-ribaty.cz\/wp-content\/uploads\/2024\/10\/IMG_20241006_130947-768x1024.jpg\" alt=\"\" data-id=\"10890\" data-full-url=\"https:\/\/www.lagottoromagnolo-ribaty.cz\/wp-content\/uploads\/2024\/10\/IMG_20241006_130947-scaled.jpg\" data-link=\"https:\/\/www.lagottoromagnolo-ribaty.cz\/index.php\/hodnoceni-kurzu-5\/img_20241006_130947\/\" class=\"wp-image-10890\" srcset=\"https:\/\/www.lagottoromagnolo-ribaty.cz\/wp-content\/uploads\/2024\/10\/IMG_20241006_130947-768x1024.jpg 768w, https:\/\/www.lagottoromagnolo-ribaty.cz\/wp-content\/uploads\/2024\/10\/IMG_20241006_130947-375x500.jpg 375w, https:\/\/www.lagottoromagnolo-ribaty.cz\/wp-content\/uploads\/2024\/10\/IMG_20241006_130947-1152x1536.jpg 1152w, https:\/\/www.lagottoromagnolo-ribaty.cz\/wp-content\/uploads\/2024\/10\/IMG_20241006_130947-1536x2048.jpg 1536w, https:\/\/www.lagottoromagnolo-ribaty.cz\/wp-content\/uploads\/2024\/10\/IMG_20241006_130947-scaled.jpg 1920w\" sizes=\"(max-width: 768px) 100vw, 768px\" \/><\/figure><\/li><li class=\"blocks-gallery-item\"><figure><img loading=\"lazy\" width=\"1024\" height=\"768\" src=\"https:\/\/www.lagottoromagnolo-ribaty.cz\/wp-content\/uploads\/2024\/10\/IMG_20241006_130845-1024x768.jpg\" alt=\"\" data-id=\"10891\" data-full-url=\"https:\/\/www.lagottoromagnolo-ribaty.cz\/wp-content\/uploads\/2024\/10\/IMG_20241006_130845-scaled.jpg\" data-link=\"https:\/\/www.lagottoromagnolo-ribaty.cz\/index.php\/hodnoceni-kurzu-5\/img_20241006_130845\/\" class=\"wp-image-10891\" srcset=\"https:\/\/www.lagottoromagnolo-ribaty.cz\/wp-content\/uploads\/2024\/10\/IMG_20241006_130845-1024x768.jpg 1024w, https:\/\/www.lagottoromagnolo-ribaty.cz\/wp-content\/uploads\/2024\/10\/IMG_20241006_130845-500x375.jpg 500w, https:\/\/www.lagottoromagnolo-ribaty.cz\/wp-content\/uploads\/2024\/10\/IMG_20241006_130845-768x576.jpg 768w, https:\/\/www.lagottoromagnolo-ribaty.cz\/wp-content\/uploads\/2024\/10\/IMG_20241006_130845-1536x1152.jpg 1536w, https:\/\/www.lagottoromagnolo-ribaty.cz\/wp-content\/uploads\/2024\/10\/IMG_20241006_130845-2048x1536.jpg 2048w\" sizes=\"(max-width: 1024px) 100vw, 1024px\" \/><\/figure><\/li><li class=\"blocks-gallery-item\"><figure><img loading=\"lazy\" width=\"1024\" height=\"768\" src=\"https:\/\/www.lagottoromagnolo-ribaty.cz\/wp-content\/uploads\/2024\/10\/IMG_20241006_130814-1024x768.jpg\" alt=\"\" data-id=\"10892\" data-full-url=\"https:\/\/www.lagottoromagnolo-ribaty.cz\/wp-content\/uploads\/2024\/10\/IMG_20241006_130814-scaled.jpg\" data-link=\"https:\/\/www.lagottoromagnolo-ribaty.cz\/index.php\/hodnoceni-kurzu-5\/img_20241006_130814\/\" class=\"wp-image-10892\" srcset=\"https:\/\/www.lagottoromagnolo-ribaty.cz\/wp-content\/uploads\/2024\/10\/IMG_20241006_130814-1024x768.jpg 1024w, https:\/\/www.lagottoromagnolo-ribaty.cz\/wp-content\/uploads\/2024\/10\/IMG_20241006_130814-500x375.jpg 500w, https:\/\/www.lagottoromagnolo-ribaty.cz\/wp-content\/uploads\/2024\/10\/IMG_20241006_130814-768x576.jpg 768w, https:\/\/www.lagottoromagnolo-ribaty.cz\/wp-content\/uploads\/2024\/10\/IMG_20241006_130814-1536x1152.jpg 1536w, https:\/\/www.lagottoromagnolo-ribaty.cz\/wp-content\/uploads\/2024\/10\/IMG_20241006_130814-2048x1536.jpg 2048w\" sizes=\"(max-width: 1024px) 100vw, 1024px\" \/><\/figure><\/li><li class=\"blocks-gallery-item\"><figure><img loading=\"lazy\" width=\"1024\" height=\"768\" src=\"https:\/\/www.lagottoromagnolo-ribaty.cz\/wp-content\/uploads\/2024\/10\/IMG_20241006_130811-1024x768.jpg\" alt=\"\" data-id=\"10893\" data-full-url=\"https:\/\/www.lagottoromagnolo-ribaty.cz\/wp-content\/uploads\/2024\/10\/IMG_20241006_130811-scaled.jpg\" data-link=\"https:\/\/www.lagottoromagnolo-ribaty.cz\/index.php\/hodnoceni-kurzu-5\/img_20241006_130811\/\" class=\"wp-image-10893\" srcset=\"https:\/\/www.lagottoromagnolo-ribaty.cz\/wp-content\/uploads\/2024\/10\/IMG_20241006_130811-1024x768.jpg 1024w, https:\/\/www.lagottoromagnolo-ribaty.cz\/wp-content\/uploads\/2024\/10\/IMG_20241006_130811-500x375.jpg 500w, https:\/\/www.lagottoromagnolo-ribaty.cz\/wp-content\/uploads\/2024\/10\/IMG_20241006_130811-768x576.jpg 768w, https:\/\/www.lagottoromagnolo-ribaty.cz\/wp-content\/uploads\/2024\/10\/IMG_20241006_130811-1536x1152.jpg 1536w, https:\/\/www.lagottoromagnolo-ribaty.cz\/wp-content\/uploads\/2024\/10\/IMG_20241006_130811-2048x1536.jpg 2048w\" sizes=\"(max-width: 1024px) 100vw, 1024px\" \/><\/figure><\/li><\/ul><\/figure>\n\n\n\n<p>V\u00edce foto &#8220;ze z\u00e1kulis\u00ed&#8221; najdete zde: <a href=\"https:\/\/rajce.net\/album\/zWZE6JrnSjUa9zaE\">https:\/\/rajce.net\/album\/zWZE6JrnSjUa9zaE<\/a><\/p>\n","protected":false},"excerpt":{"rendered":"<p>Bc. Krist\u00edna Antalov\u00e1 &#8211; ps\u00ed salon Asany Chcela by som sa ve\u013emi pekne po\u010fakova\u0165 za semin\u00e1r a \u00fa\u017easn\u00fd workshop, ktor\u00fd mi neskuto\u010dne pomohol pri strihan\u00ed Lagotiek \ud83d\ude0a\u2764\ufe0f v\u0161etko vysvetlen\u00e9 do podrobna. Som majite\u013ekou psieho sal\u00f3nu a toto bolo uk\u00e1zan\u00e9 a vysvetlen\u00e9 naozaj profesion\u00e1lne\ud83d\ude0a bolo mi vysvetlen\u00e9 na \u010do si d\u00e1va\u0165 pozor u tohto plemena pri [&hellip;]<\/p>\n","protected":false},"author":1,"featured_media":0,"parent":0,"menu_order":0,"comment_status":"closed","ping_status":"closed","template":"template-full-width.php","meta":{"ngg_post_thumbnail":0},"_links":{"self":[{"href":"https:\/\/www.lagottoromagnolo-ribaty.cz\/index.php\/wp-json\/wp\/v2\/pages\/10868"}],"collection":[{"href":"https:\/\/www.lagottoromagnolo-ribaty.cz\/index.php\/wp-json\/wp\/v2\/pages"}],"about":[{"href":"https:\/\/www.lagottoromagnolo-ribaty.cz\/index.php\/wp-json\/wp\/v2\/types\/page"}],"author":[{"embeddable":true,"href":"https:\/\/www.lagottoromagnolo-ribaty.cz\/index.php\/wp-json\/wp\/v2\/users\/1"}],"replies":[{"embeddable":true,"href":"https:\/\/www.lagottoromagnolo-ribaty.cz\/index.php\/wp-json\/wp\/v2\/comments?post=10868"}],"version-history":[{"count":7,"href":"https:\/\/www.lagottoromagnolo-ribaty.cz\/index.php\/wp-json\/wp\/v2\/pages\/10868\/revisions"}],"predecessor-version":[{"id":10914,"href":"https:\/\/www.lagottoromagnolo-ribaty.cz\/index.php\/wp-json\/wp\/v2\/pages\/10868\/revisions\/10914"}],"wp:attachment":[{"href":"https:\/\/www.lagottoromagnolo-ribaty.cz\/index.php\/wp-json\/wp\/v2\/media?parent=10868"}],"curies":[{"name":"wp","href":"https:\/\/api.w.org\/{rel}","templated":true}]}}