{"id":10851,"date":"2024-09-28T14:29:54","date_gmt":"2024-09-28T14:29:54","guid":{"rendered":"https:\/\/www.lagottoromagnolo-ribaty.cz\/?page_id=10851"},"modified":"2024-10-06T21:38:10","modified_gmt":"2024-10-06T21:38:10","slug":"hodnoceni-kurzu-4","status":"publish","type":"page","link":"https:\/\/www.lagottoromagnolo-ribaty.cz\/index.php\/hodnoceni-kurzu-4\/","title":{"rendered":"Hodnocen\u00ed kurzu"},"content":{"rendered":"\n<p><em><span style=\"color:#0c631f\" class=\"has-inline-color\">Sle\u010dna Lucie a Bruno <\/span><\/em><\/p>\n\n\n\n<blockquote class=\"wp-block-quote is-style-large\"><p>Sv\u00e9ho italsk\u00e9ho ro\u0161\u0165\u00e1ka Bruna jsem si p\u0159ivezla rovnou z It\u00e1lie, d\u00edky tomu m\u00e1m bo\u017e\u00ed \u010dokol\u00e1du \ud83e\udd0e, ale bohu\u017eel kv\u016fli jazykov\u00fdm bari\u00e9r\u00e1m jsem nem\u011bla takovou podporu od chovatele jako tomu b\u00fdv\u00e1, kdy\u017e m\u00e1te \u0161t\u011bndo z \u010dech. Proto jsem hledala \u010desk\u00fd zdroj v\u011bdomost\u00ed, kde bych se o laggotk\u00e1ch v\u00edc dozv\u011bd\u011bla a objevila jsem velmi hezky a podrobn\u011b zpracovan\u00e9 str\u00e1nky pan\u00ed Leily.<\/p><\/blockquote>\n\n\n\n<blockquote class=\"wp-block-quote is-style-large\"><p>Po na\u010dten\u00ed online dostupn\u00fdch materi\u00e1l\u016f jsem nev\u00e1hala a p\u0159ihl\u00e1sila jsem se na kurz p\u00e9\u010de o srst, proto\u017ee mi bylo jasn\u00e9, \u017ee zku\u0161enosti nelze vy\u010d\u00edst.. Po absolvov\u00e1n\u00ed teoretick\u00e9 \u010d\u00e1sti, kde jsem se dozv\u011bd\u011bla mnoho a mnoho dopl\u0148uj\u00edc\u00edch informac\u00ed, jsem \u010dekala a\u017e p\u0159ijde \u010das na prvn\u00ed st\u0159\u00edh\u00e1n\u00ed \u0161t\u011bnda, a teprve praktick\u00e1 \u010d\u00e1st mi dodala kur\u00e1\u017e, \u017ee bych mohla b\u00fdt schopna se o srst m\u00e9ho laggo\u0165\u00e1\u010dka mohla postarat sama.<\/p><\/blockquote>\n\n\n\n<blockquote class=\"wp-block-quote is-style-large\"><p>Lhala bych, kdybych psala, \u017ee to bylo jednoduch\u00e9. Bruno na stole nebyl zrovna svatou\u0161ek, ale d\u00edky \u0161ikovn\u00fdm rad\u00e1m a uklid\u0148uj\u00edc\u00ed podpo\u0159e pan\u00ed Leily, jsme za odpoledne zvl\u00e1dly chlupatou kouli p\u0159etvo\u0159it na elegantn\u00edho puber\u0165\u00e1ka. Kdy\u017e p\u00ed\u0161u o podpo\u0159e, tak mysl\u00edm podporu p\u0159edev\u0161\u00edm pro m\u011b, proto\u017ee j\u00e1 se b\u00e1la asi v\u00edc ne\u017e Bruno, \u017ee ho \u0159\u00edznu strojkem, nebo st\u0159\u00edhnu t\u011bma \u201cob\u0159\u00edma\u201d n\u016f\u017ekama \ud83d\ude48\ud83d\ude05 asi nejv\u011bt\u0161\u00ed proz\u0159en\u00ed bylo, \u017ee ty dlouh\u00e9 zahnut\u00e9 n\u016f\u017eky vlastn\u011b nejsou v\u016fbec tak d\u011bsiv\u00e9 \ud83d\ude09 pomohla mi pochopit jak si pejska nastavit, aby jsem se strojkem dostala kam pot\u0159ebuji, jak ho p\u0159im\u011bt aby spolupracoval a p\u0159edev\u0161\u00edm na co v\u0161e si d\u00e1t pri st\u0159ihu pozor, zde jen dopln\u00edm, \u017ee jsem se neu\u010dila ofiko laggoto v\u00fdstavn\u00ed st\u0159ih, ale \u201cdom\u00e1c\u00ed\u201d udr\u017eovac\u00ed \ud83d\ude0a<\/p><\/blockquote>\n\n\n\n<blockquote class=\"wp-block-quote is-style-large\"><p>Nyn\u00ed m\u00e1m za sebou prvn\u00ed dom\u00e1c\u00ed st\u0159\u00edh\u00e1n\u00ed, kdy jest\u011b p\u00e1r chloupk\u016f p\u0159eb\u00fdv\u00e1, co\u017e se je\u0161t\u011b dolad\u00ed, ale p\u0159ikl\u00e1d\u00e1m foto z procesu, t\u0159eba to pom\u016f\u017ee dodat odvahy jin\u00fdm, kte\u0159\u00ed nad dom\u00e1c\u00ed \u00fapravou teprve uva\u017euj\u00ed. V\u011b\u0159\u00edm, \u017ee nen\u00ed t\u0159eba dokonalosti hned na poprv\u00e9, ale d\u016fle\u017eit\u00e9 je se odhodlat a zkusit to, p\u0159eci jen jsou to po\u0159\u00e1d \u201cjen\u201d chlupy a ty t\u011bm na\u0161im kudrnat\u00fdm bl\u00e1z\u00ednk\u016fm rychle dorostou \ud83d\ude09<\/p><\/blockquote>\n\n\n\n<figure class=\"wp-block-gallery columns-2 is-cropped\"><ul class=\"blocks-gallery-grid\"><li class=\"blocks-gallery-item\"><figure><img loading=\"lazy\" width=\"768\" height=\"1024\" src=\"https:\/\/www.lagottoromagnolo-ribaty.cz\/wp-content\/uploads\/2024\/09\/image5-768x1024.jpeg\" alt=\"\" data-id=\"10852\" data-full-url=\"https:\/\/www.lagottoromagnolo-ribaty.cz\/wp-content\/uploads\/2024\/09\/image5-scaled.jpeg\" data-link=\"https:\/\/www.lagottoromagnolo-ribaty.cz\/?attachment_id=10852\" class=\"wp-image-10852\" srcset=\"https:\/\/www.lagottoromagnolo-ribaty.cz\/wp-content\/uploads\/2024\/09\/image5-768x1024.jpeg 768w, https:\/\/www.lagottoromagnolo-ribaty.cz\/wp-content\/uploads\/2024\/09\/image5-375x500.jpeg 375w, https:\/\/www.lagottoromagnolo-ribaty.cz\/wp-content\/uploads\/2024\/09\/image5-1152x1536.jpeg 1152w, https:\/\/www.lagottoromagnolo-ribaty.cz\/wp-content\/uploads\/2024\/09\/image5-1536x2048.jpeg 1536w, https:\/\/www.lagottoromagnolo-ribaty.cz\/wp-content\/uploads\/2024\/09\/image5-scaled.jpeg 1920w\" sizes=\"(max-width: 768px) 100vw, 768px\" \/><\/figure><\/li><li class=\"blocks-gallery-item\"><figure><img loading=\"lazy\" width=\"768\" height=\"1024\" src=\"https:\/\/www.lagottoromagnolo-ribaty.cz\/wp-content\/uploads\/2024\/09\/image4-768x1024.jpeg\" alt=\"\" data-id=\"10855\" data-full-url=\"https:\/\/www.lagottoromagnolo-ribaty.cz\/wp-content\/uploads\/2024\/09\/image4-scaled.jpeg\" data-link=\"https:\/\/www.lagottoromagnolo-ribaty.cz\/?attachment_id=10855\" class=\"wp-image-10855\" srcset=\"https:\/\/www.lagottoromagnolo-ribaty.cz\/wp-content\/uploads\/2024\/09\/image4-768x1024.jpeg 768w, https:\/\/www.lagottoromagnolo-ribaty.cz\/wp-content\/uploads\/2024\/09\/image4-375x500.jpeg 375w, https:\/\/www.lagottoromagnolo-ribaty.cz\/wp-content\/uploads\/2024\/09\/image4-1152x1536.jpeg 1152w, https:\/\/www.lagottoromagnolo-ribaty.cz\/wp-content\/uploads\/2024\/09\/image4-1536x2048.jpeg 1536w, https:\/\/www.lagottoromagnolo-ribaty.cz\/wp-content\/uploads\/2024\/09\/image4-scaled.jpeg 1920w\" sizes=\"(max-width: 768px) 100vw, 768px\" \/><\/figure><\/li><\/ul><\/figure>\n\n\n\n<figure class=\"wp-block-gallery columns-3 is-cropped\"><ul class=\"blocks-gallery-grid\"><li class=\"blocks-gallery-item\"><figure><img loading=\"lazy\" width=\"768\" height=\"1024\" src=\"https:\/\/www.lagottoromagnolo-ribaty.cz\/wp-content\/uploads\/2024\/09\/image3-1-768x1024.jpeg\" alt=\"\" data-id=\"10858\" data-full-url=\"https:\/\/www.lagottoromagnolo-ribaty.cz\/wp-content\/uploads\/2024\/09\/image3-1-scaled.jpeg\" data-link=\"https:\/\/www.lagottoromagnolo-ribaty.cz\/index.php\/hodnoceni-kurzu-4\/image3-1\/\" class=\"wp-image-10858\" srcset=\"https:\/\/www.lagottoromagnolo-ribaty.cz\/wp-content\/uploads\/2024\/09\/image3-1-768x1024.jpeg 768w, https:\/\/www.lagottoromagnolo-ribaty.cz\/wp-content\/uploads\/2024\/09\/image3-1-375x500.jpeg 375w, https:\/\/www.lagottoromagnolo-ribaty.cz\/wp-content\/uploads\/2024\/09\/image3-1-1152x1536.jpeg 1152w, https:\/\/www.lagottoromagnolo-ribaty.cz\/wp-content\/uploads\/2024\/09\/image3-1-1536x2048.jpeg 1536w, https:\/\/www.lagottoromagnolo-ribaty.cz\/wp-content\/uploads\/2024\/09\/image3-1-scaled.jpeg 1920w\" sizes=\"(max-width: 768px) 100vw, 768px\" \/><\/figure><\/li><li class=\"blocks-gallery-item\"><figure><img loading=\"lazy\" width=\"768\" height=\"1024\" src=\"https:\/\/www.lagottoromagnolo-ribaty.cz\/wp-content\/uploads\/2024\/09\/image2-768x1024.jpeg\" alt=\"\" data-id=\"10860\" data-full-url=\"https:\/\/www.lagottoromagnolo-ribaty.cz\/wp-content\/uploads\/2024\/09\/image2.jpeg\" data-link=\"https:\/\/www.lagottoromagnolo-ribaty.cz\/index.php\/hodnoceni-kurzu-4\/image2\/\" class=\"wp-image-10860\" srcset=\"https:\/\/www.lagottoromagnolo-ribaty.cz\/wp-content\/uploads\/2024\/09\/image2-768x1024.jpeg 768w, https:\/\/www.lagottoromagnolo-ribaty.cz\/wp-content\/uploads\/2024\/09\/image2-375x500.jpeg 375w, https:\/\/www.lagottoromagnolo-ribaty.cz\/wp-content\/uploads\/2024\/09\/image2-1152x1536.jpeg 1152w, https:\/\/www.lagottoromagnolo-ribaty.cz\/wp-content\/uploads\/2024\/09\/image2.jpeg 1536w\" sizes=\"(max-width: 768px) 100vw, 768px\" \/><\/figure><\/li><li class=\"blocks-gallery-item\"><figure><img loading=\"lazy\" width=\"768\" height=\"1024\" src=\"https:\/\/www.lagottoromagnolo-ribaty.cz\/wp-content\/uploads\/2024\/09\/image1-2-1-768x1024.jpeg\" alt=\"\" data-id=\"10861\" data-full-url=\"https:\/\/www.lagottoromagnolo-ribaty.cz\/wp-content\/uploads\/2024\/09\/image1-2-1-scaled.jpeg\" data-link=\"https:\/\/www.lagottoromagnolo-ribaty.cz\/index.php\/hodnoceni-kurzu-4\/image1-2-1\/\" class=\"wp-image-10861\" srcset=\"https:\/\/www.lagottoromagnolo-ribaty.cz\/wp-content\/uploads\/2024\/09\/image1-2-1-768x1024.jpeg 768w, https:\/\/www.lagottoromagnolo-ribaty.cz\/wp-content\/uploads\/2024\/09\/image1-2-1-375x500.jpeg 375w, https:\/\/www.lagottoromagnolo-ribaty.cz\/wp-content\/uploads\/2024\/09\/image1-2-1-1152x1536.jpeg 1152w, https:\/\/www.lagottoromagnolo-ribaty.cz\/wp-content\/uploads\/2024\/09\/image1-2-1-1536x2048.jpeg 1536w, https:\/\/www.lagottoromagnolo-ribaty.cz\/wp-content\/uploads\/2024\/09\/image1-2-1-scaled.jpeg 1920w\" sizes=\"(max-width: 768px) 100vw, 768px\" \/><\/figure><\/li><li class=\"blocks-gallery-item\"><figure><img loading=\"lazy\" width=\"768\" height=\"1024\" src=\"https:\/\/www.lagottoromagnolo-ribaty.cz\/wp-content\/uploads\/2024\/09\/image0-9-768x1024.jpeg\" alt=\"\" data-id=\"10862\" data-full-url=\"https:\/\/www.lagottoromagnolo-ribaty.cz\/wp-content\/uploads\/2024\/09\/image0-9-scaled.jpeg\" data-link=\"https:\/\/www.lagottoromagnolo-ribaty.cz\/index.php\/hodnoceni-kurzu-4\/image0-9\/\" class=\"wp-image-10862\" srcset=\"https:\/\/www.lagottoromagnolo-ribaty.cz\/wp-content\/uploads\/2024\/09\/image0-9-768x1024.jpeg 768w, https:\/\/www.lagottoromagnolo-ribaty.cz\/wp-content\/uploads\/2024\/09\/image0-9-375x500.jpeg 375w, https:\/\/www.lagottoromagnolo-ribaty.cz\/wp-content\/uploads\/2024\/09\/image0-9-1152x1536.jpeg 1152w, https:\/\/www.lagottoromagnolo-ribaty.cz\/wp-content\/uploads\/2024\/09\/image0-9-1536x2048.jpeg 1536w, https:\/\/www.lagottoromagnolo-ribaty.cz\/wp-content\/uploads\/2024\/09\/image0-9-scaled.jpeg 1920w\" sizes=\"(max-width: 768px) 100vw, 768px\" \/><\/figure><\/li><\/ul><\/figure>\n","protected":false},"excerpt":{"rendered":"<p>Sle\u010dna Lucie a Bruno Sv\u00e9ho italsk\u00e9ho ro\u0161\u0165\u00e1ka Bruna jsem si p\u0159ivezla rovnou z It\u00e1lie, d\u00edky tomu m\u00e1m bo\u017e\u00ed \u010dokol\u00e1du \ud83e\udd0e, ale bohu\u017eel kv\u016fli jazykov\u00fdm bari\u00e9r\u00e1m jsem nem\u011bla takovou podporu od chovatele jako tomu b\u00fdv\u00e1, kdy\u017e m\u00e1te \u0161t\u011bndo z \u010dech. Proto jsem hledala \u010desk\u00fd zdroj v\u011bdomost\u00ed, kde bych se o laggotk\u00e1ch v\u00edc dozv\u011bd\u011bla a objevila jsem [&hellip;]<\/p>\n","protected":false},"author":1,"featured_media":0,"parent":0,"menu_order":0,"comment_status":"closed","ping_status":"closed","template":"template-full-width.php","meta":{"ngg_post_thumbnail":0},"_links":{"self":[{"href":"https:\/\/www.lagottoromagnolo-ribaty.cz\/index.php\/wp-json\/wp\/v2\/pages\/10851"}],"collection":[{"href":"https:\/\/www.lagottoromagnolo-ribaty.cz\/index.php\/wp-json\/wp\/v2\/pages"}],"about":[{"href":"https:\/\/www.lagottoromagnolo-ribaty.cz\/index.php\/wp-json\/wp\/v2\/types\/page"}],"author":[{"embeddable":true,"href":"https:\/\/www.lagottoromagnolo-ribaty.cz\/index.php\/wp-json\/wp\/v2\/users\/1"}],"replies":[{"embeddable":true,"href":"https:\/\/www.lagottoromagnolo-ribaty.cz\/index.php\/wp-json\/wp\/v2\/comments?post=10851"}],"version-history":[{"count":4,"href":"https:\/\/www.lagottoromagnolo-ribaty.cz\/index.php\/wp-json\/wp\/v2\/pages\/10851\/revisions"}],"predecessor-version":[{"id":10908,"href":"https:\/\/www.lagottoromagnolo-ribaty.cz\/index.php\/wp-json\/wp\/v2\/pages\/10851\/revisions\/10908"}],"wp:attachment":[{"href":"https:\/\/www.lagottoromagnolo-ribaty.cz\/index.php\/wp-json\/wp\/v2\/media?parent=10851"}],"curies":[{"name":"wp","href":"https:\/\/api.w.org\/{rel}","templated":true}]}}