{"id":10824,"date":"2024-09-27T20:01:27","date_gmt":"2024-09-27T20:01:27","guid":{"rendered":"https:\/\/www.lagottoromagnolo-ribaty.cz\/?page_id=10824"},"modified":"2024-09-27T20:08:20","modified_gmt":"2024-09-27T20:08:20","slug":"hadling-stripky","status":"publish","type":"page","link":"https:\/\/www.lagottoromagnolo-ribaty.cz\/index.php\/hadling-stripky\/","title":{"rendered":"Hadling &#8211; st\u0159\u00edpky"},"content":{"rendered":"\n<div class=\"wp-block-buttons\"><\/div>\n\n\n\n<p class=\"has-large-font-size\"><strong><em>Klubov\u00e1 v\u00fdstava ps\u016f KCHLS &#8211; 21.9.2024<\/em><\/strong><\/p>\n\n\n\n<div class=\"wp-block-buttons\">\n<div class=\"wp-block-button has-custom-font-size is-style-outline has-medium-font-size\"><a class=\"wp-block-button__link has-background\" style=\"background-color:#f196ff\"><strong>Ilaria Preciosa Jane Angel Navajo<\/strong><\/a><\/div>\n<\/div>\n\n\n\n<p class=\"has-medium-font-size\">Maj: Jan Vi\u0161\u0148ovsk\u00fd a Lenka Kindlov\u00e1<\/p>\n\n\n\n<p class=\"has-medium-font-size\">Chov: Jana Uherkov\u00e1<\/p>\n\n\n\n<p class=\"has-medium-font-size\"><\/p>\n\n\n\n<figure class=\"wp-block-gallery columns-3 is-cropped\"><ul class=\"blocks-gallery-grid\"><li class=\"blocks-gallery-item\"><figure><img loading=\"lazy\" width=\"845\" height=\"1024\" src=\"https:\/\/www.lagottoromagnolo-ribaty.cz\/wp-content\/uploads\/2024\/09\/Ilaria-Preciosa-Jane-Angel-Navajo-2-1-845x1024.jpeg\" alt=\"\" data-id=\"10828\" data-full-url=\"https:\/\/www.lagottoromagnolo-ribaty.cz\/wp-content\/uploads\/2024\/09\/Ilaria-Preciosa-Jane-Angel-Navajo-2-1.jpeg\" data-link=\"https:\/\/www.lagottoromagnolo-ribaty.cz\/index.php\/hadling-stripky\/ilaria-preciosa-jane-angel-navajo-2-1\/\" class=\"wp-image-10828\" srcset=\"https:\/\/www.lagottoromagnolo-ribaty.cz\/wp-content\/uploads\/2024\/09\/Ilaria-Preciosa-Jane-Angel-Navajo-2-1-845x1024.jpeg 845w, https:\/\/www.lagottoromagnolo-ribaty.cz\/wp-content\/uploads\/2024\/09\/Ilaria-Preciosa-Jane-Angel-Navajo-2-1-413x500.jpeg 413w, https:\/\/www.lagottoromagnolo-ribaty.cz\/wp-content\/uploads\/2024\/09\/Ilaria-Preciosa-Jane-Angel-Navajo-2-1-768x930.jpeg 768w, https:\/\/www.lagottoromagnolo-ribaty.cz\/wp-content\/uploads\/2024\/09\/Ilaria-Preciosa-Jane-Angel-Navajo-2-1-1268x1536.jpeg 1268w, https:\/\/www.lagottoromagnolo-ribaty.cz\/wp-content\/uploads\/2024\/09\/Ilaria-Preciosa-Jane-Angel-Navajo-2-1.jpeg 1392w\" sizes=\"(max-width: 845px) 100vw, 845px\" \/><\/figure><\/li><li class=\"blocks-gallery-item\"><figure><img loading=\"lazy\" width=\"886\" height=\"1024\" src=\"https:\/\/www.lagottoromagnolo-ribaty.cz\/wp-content\/uploads\/2024\/09\/Ilaria-Preciosa-Jane-Angel-Navajo-3-886x1024.jpeg\" alt=\"\" data-id=\"10829\" data-full-url=\"https:\/\/www.lagottoromagnolo-ribaty.cz\/wp-content\/uploads\/2024\/09\/Ilaria-Preciosa-Jane-Angel-Navajo-3.jpeg\" data-link=\"https:\/\/www.lagottoromagnolo-ribaty.cz\/index.php\/hadling-stripky\/ilaria-preciosa-jane-angel-navajo-3\/\" class=\"wp-image-10829\" srcset=\"https:\/\/www.lagottoromagnolo-ribaty.cz\/wp-content\/uploads\/2024\/09\/Ilaria-Preciosa-Jane-Angel-Navajo-3-886x1024.jpeg 886w, https:\/\/www.lagottoromagnolo-ribaty.cz\/wp-content\/uploads\/2024\/09\/Ilaria-Preciosa-Jane-Angel-Navajo-3-433x500.jpeg 433w, https:\/\/www.lagottoromagnolo-ribaty.cz\/wp-content\/uploads\/2024\/09\/Ilaria-Preciosa-Jane-Angel-Navajo-3-768x887.jpeg 768w, https:\/\/www.lagottoromagnolo-ribaty.cz\/wp-content\/uploads\/2024\/09\/Ilaria-Preciosa-Jane-Angel-Navajo-3-1329x1536.jpeg 1329w, https:\/\/www.lagottoromagnolo-ribaty.cz\/wp-content\/uploads\/2024\/09\/Ilaria-Preciosa-Jane-Angel-Navajo-3.jpeg 1504w\" sizes=\"(max-width: 886px) 100vw, 886px\" \/><\/figure><\/li><li class=\"blocks-gallery-item\"><figure><img loading=\"lazy\" width=\"796\" height=\"1024\" src=\"https:\/\/www.lagottoromagnolo-ribaty.cz\/wp-content\/uploads\/2024\/09\/Ilaria-Preciosa-Jane-Angel-Navajo-4-796x1024.jpeg\" alt=\"\" data-id=\"10830\" data-full-url=\"https:\/\/www.lagottoromagnolo-ribaty.cz\/wp-content\/uploads\/2024\/09\/Ilaria-Preciosa-Jane-Angel-Navajo-4.jpeg\" data-link=\"https:\/\/www.lagottoromagnolo-ribaty.cz\/index.php\/hadling-stripky\/ilaria-preciosa-jane-angel-navajo-4\/\" class=\"wp-image-10830\" srcset=\"https:\/\/www.lagottoromagnolo-ribaty.cz\/wp-content\/uploads\/2024\/09\/Ilaria-Preciosa-Jane-Angel-Navajo-4-796x1024.jpeg 796w, https:\/\/www.lagottoromagnolo-ribaty.cz\/wp-content\/uploads\/2024\/09\/Ilaria-Preciosa-Jane-Angel-Navajo-4-389x500.jpeg 389w, https:\/\/www.lagottoromagnolo-ribaty.cz\/wp-content\/uploads\/2024\/09\/Ilaria-Preciosa-Jane-Angel-Navajo-4-768x988.jpeg 768w, https:\/\/www.lagottoromagnolo-ribaty.cz\/wp-content\/uploads\/2024\/09\/Ilaria-Preciosa-Jane-Angel-Navajo-4-1194x1536.jpeg 1194w, https:\/\/www.lagottoromagnolo-ribaty.cz\/wp-content\/uploads\/2024\/09\/Ilaria-Preciosa-Jane-Angel-Navajo-4.jpeg 1404w\" sizes=\"(max-width: 796px) 100vw, 796px\" \/><\/figure><\/li><\/ul><\/figure>\n","protected":false},"excerpt":{"rendered":"<p>Klubov\u00e1 v\u00fdstava ps\u016f KCHLS &#8211; 21.9.2024 Maj: Jan Vi\u0161\u0148ovsk\u00fd a Lenka Kindlov\u00e1 Chov: Jana Uherkov\u00e1<\/p>\n","protected":false},"author":1,"featured_media":0,"parent":0,"menu_order":0,"comment_status":"closed","ping_status":"closed","template":"template-full-width.php","meta":{"ngg_post_thumbnail":0},"_links":{"self":[{"href":"https:\/\/www.lagottoromagnolo-ribaty.cz\/index.php\/wp-json\/wp\/v2\/pages\/10824"}],"collection":[{"href":"https:\/\/www.lagottoromagnolo-ribaty.cz\/index.php\/wp-json\/wp\/v2\/pages"}],"about":[{"href":"https:\/\/www.lagottoromagnolo-ribaty.cz\/index.php\/wp-json\/wp\/v2\/types\/page"}],"author":[{"embeddable":true,"href":"https:\/\/www.lagottoromagnolo-ribaty.cz\/index.php\/wp-json\/wp\/v2\/users\/1"}],"replies":[{"embeddable":true,"href":"https:\/\/www.lagottoromagnolo-ribaty.cz\/index.php\/wp-json\/wp\/v2\/comments?post=10824"}],"version-history":[{"count":6,"href":"https:\/\/www.lagottoromagnolo-ribaty.cz\/index.php\/wp-json\/wp\/v2\/pages\/10824\/revisions"}],"predecessor-version":[{"id":10837,"href":"https:\/\/www.lagottoromagnolo-ribaty.cz\/index.php\/wp-json\/wp\/v2\/pages\/10824\/revisions\/10837"}],"wp:attachment":[{"href":"https:\/\/www.lagottoromagnolo-ribaty.cz\/index.php\/wp-json\/wp\/v2\/media?parent=10824"}],"curies":[{"name":"wp","href":"https:\/\/api.w.org\/{rel}","templated":true}]}}