{"id":10702,"date":"2024-09-18T12:39:42","date_gmt":"2024-09-18T12:39:42","guid":{"rendered":"https:\/\/www.lagottoromagnolo-ribaty.cz\/?page_id=10702"},"modified":"2024-10-06T21:38:48","modified_gmt":"2024-10-06T21:38:48","slug":"hodnoceni-kurzu-3","status":"publish","type":"page","link":"https:\/\/www.lagottoromagnolo-ribaty.cz\/index.php\/hodnoceni-kurzu-3\/","title":{"rendered":"Hodnocen\u00ed kurzu"},"content":{"rendered":"\n<p><em><span style=\"color:#0c631f\" class=\"has-inline-color\">Pan\u00ed MUDr. Marcela Jandov\u00e1 a Rozinka <\/span><\/em><\/p>\n\n\n\n<blockquote class=\"wp-block-quote is-style-large\"><p>Dobr\u00fd den, cht\u011bla jsem V\u00e1m je\u0161t\u011b jednou moc pod\u011bkovat. Byla to pro mne \u00fa\u017easn\u00e1 zku\u0161enost se s V\u00e1mi potkat. Jste profesion\u00e1l na sv\u00e9m m\u00edst\u011b. <\/p><p>U\u017e pro to, s jak\u00fdm \u00fasil\u00edm a pe\u010dlivost\u00ed p\u0159ed\u00e1v\u00e1te sv\u00e9 zku\u0161enosti, m\u00e1m snahu a p\u0159edsevzet\u00ed j\u00edt do st\u0159\u00edh\u00e1n\u00ed sv\u00e9ho vlastn\u00edho psa \ud83d\ude4f<\/p><\/blockquote>\n\n\n\n<figure class=\"wp-block-gallery columns-1 is-cropped\"><ul class=\"blocks-gallery-grid\"><li class=\"blocks-gallery-item\"><figure><img loading=\"lazy\" width=\"768\" height=\"1024\" src=\"https:\/\/www.lagottoromagnolo-ribaty.cz\/wp-content\/uploads\/2024\/09\/IMG_20240913_144717-768x1024.jpg\" alt=\"\" data-id=\"10710\" data-full-url=\"https:\/\/www.lagottoromagnolo-ribaty.cz\/wp-content\/uploads\/2024\/09\/IMG_20240913_144717-scaled.jpg\" data-link=\"https:\/\/www.lagottoromagnolo-ribaty.cz\/index.php\/hodnoceni-kurzu-3\/img_20240913_144717\/\" class=\"wp-image-10710\" srcset=\"https:\/\/www.lagottoromagnolo-ribaty.cz\/wp-content\/uploads\/2024\/09\/IMG_20240913_144717-768x1024.jpg 768w, https:\/\/www.lagottoromagnolo-ribaty.cz\/wp-content\/uploads\/2024\/09\/IMG_20240913_144717-375x500.jpg 375w, https:\/\/www.lagottoromagnolo-ribaty.cz\/wp-content\/uploads\/2024\/09\/IMG_20240913_144717-1152x1536.jpg 1152w, https:\/\/www.lagottoromagnolo-ribaty.cz\/wp-content\/uploads\/2024\/09\/IMG_20240913_144717-1536x2048.jpg 1536w, https:\/\/www.lagottoromagnolo-ribaty.cz\/wp-content\/uploads\/2024\/09\/IMG_20240913_144717-scaled.jpg 1920w\" sizes=\"(max-width: 768px) 100vw, 768px\" \/><\/figure><\/li><\/ul><\/figure>\n\n\n\n<p><a href=\"https:\/\/www.rajce.idnes.cz\/album\/O3rzigTmRWjITCB2\" target=\"_blank\" rel=\"noreferrer noopener\">https:\/\/www.rajce.idnes.cz\/album\/O3rzigTmRWjITCB2<\/a><\/p>\n\n\n\n<p class=\"has-medium-font-size\"><\/p>\n","protected":false},"excerpt":{"rendered":"<p>Pan\u00ed MUDr. Marcela Jandov\u00e1 a Rozinka Dobr\u00fd den, cht\u011bla jsem V\u00e1m je\u0161t\u011b jednou moc pod\u011bkovat. Byla to pro mne \u00fa\u017easn\u00e1 zku\u0161enost se s V\u00e1mi potkat. Jste profesion\u00e1l na sv\u00e9m m\u00edst\u011b. U\u017e pro to, s jak\u00fdm \u00fasil\u00edm a pe\u010dlivost\u00ed p\u0159ed\u00e1v\u00e1te sv\u00e9 zku\u0161enosti, m\u00e1m snahu a p\u0159edsevzet\u00ed j\u00edt do st\u0159\u00edh\u00e1n\u00ed sv\u00e9ho vlastn\u00edho psa \ud83d\ude4f https:\/\/www.rajce.idnes.cz\/album\/O3rzigTmRWjITCB2<\/p>\n","protected":false},"author":1,"featured_media":0,"parent":0,"menu_order":0,"comment_status":"closed","ping_status":"closed","template":"template-full-width.php","meta":{"ngg_post_thumbnail":0},"_links":{"self":[{"href":"https:\/\/www.lagottoromagnolo-ribaty.cz\/index.php\/wp-json\/wp\/v2\/pages\/10702"}],"collection":[{"href":"https:\/\/www.lagottoromagnolo-ribaty.cz\/index.php\/wp-json\/wp\/v2\/pages"}],"about":[{"href":"https:\/\/www.lagottoromagnolo-ribaty.cz\/index.php\/wp-json\/wp\/v2\/types\/page"}],"author":[{"embeddable":true,"href":"https:\/\/www.lagottoromagnolo-ribaty.cz\/index.php\/wp-json\/wp\/v2\/users\/1"}],"replies":[{"embeddable":true,"href":"https:\/\/www.lagottoromagnolo-ribaty.cz\/index.php\/wp-json\/wp\/v2\/comments?post=10702"}],"version-history":[{"count":8,"href":"https:\/\/www.lagottoromagnolo-ribaty.cz\/index.php\/wp-json\/wp\/v2\/pages\/10702\/revisions"}],"predecessor-version":[{"id":10910,"href":"https:\/\/www.lagottoromagnolo-ribaty.cz\/index.php\/wp-json\/wp\/v2\/pages\/10702\/revisions\/10910"}],"wp:attachment":[{"href":"https:\/\/www.lagottoromagnolo-ribaty.cz\/index.php\/wp-json\/wp\/v2\/media?parent=10702"}],"curies":[{"name":"wp","href":"https:\/\/api.w.org\/{rel}","templated":true}]}}