{"id":10595,"date":"2024-07-17T16:54:27","date_gmt":"2024-07-17T16:54:27","guid":{"rendered":"https:\/\/www.lagottoromagnolo-ribaty.cz\/?page_id=10595"},"modified":"2024-10-06T21:36:27","modified_gmt":"2024-10-06T21:36:27","slug":"hodnoceni-teorie-2","status":"publish","type":"page","link":"https:\/\/www.lagottoromagnolo-ribaty.cz\/index.php\/hodnoceni-teorie-2\/","title":{"rendered":"Hodnocen\u00ed teorie"},"content":{"rendered":"\n<p><em><span style=\"color:#2a690f\" class=\"has-inline-color\">Pan\u00ed Mgr. Pavla \u0160tainerov\u00e1 a Gorou\u0161ek <\/span><\/em><\/p>\n\n\n\n<blockquote class=\"wp-block-quote is-style-large\"><p>Po absolvov\u00e1n\u00ed teoretick\u00e9 \u010d\u00e1sti jsem si dodala odvahu, nakoupila pot\u0159ebn\u00e9 v\u011bci a Gora jsem si sama ost\u0159\u00edhala. Hodn\u011b mi pomohlo vid\u011bt videa, n\u00e1zorn\u00e9 uk\u00e1zky a praktick\u00e9 rady zku\u0161en\u00e9 chovatelky. Tr\u00e9novali jsme od \u0161t\u011b\u0148\u00e1tka \u010des\u00e1n\u00ed a st\u0159\u00edh\u00e1n\u00ed, tak\u017ee to Goro zvl\u00e1dl kr\u00e1sn\u011b. Postupn\u011b se u\u010d\u00edme navz\u00e1jem si d\u016fv\u011b\u0159ovat p\u0159i r\u016fzn\u00fdch nep\u0159\u00edjemn\u00fdch \u00fakonech jako trh\u00e1n\u00ed chlup\u016f z u\u0161\u00ed, vyst\u0159ihov\u00e1n\u00ed chlup\u016f mezi prsty nebo st\u0159\u00edh\u00e1n\u00ed dr\u00e1pk\u016f. Kurz bych ur\u010dit\u011b doporu\u010dila, mn\u011b to do za\u010d\u00e1tku velice pomohlo v p\u00e9\u010di o pejska.  <\/p><p>A\u017e Gorou\u0161ovi doroste srst, r\u00e1da bych absolvovala i praktickou \u010d\u00e1st. Cht\u011bla bych se nau\u010dit, ,,spr\u00e1vn\u00fd lagotto st\u0159ih&#8221;. <\/p><\/blockquote>\n","protected":false},"excerpt":{"rendered":"<p>Pan\u00ed Mgr. Pavla \u0160tainerov\u00e1 a Gorou\u0161ek Po absolvov\u00e1n\u00ed teoretick\u00e9 \u010d\u00e1sti jsem si dodala odvahu, nakoupila pot\u0159ebn\u00e9 v\u011bci a Gora jsem si sama ost\u0159\u00edhala. Hodn\u011b mi pomohlo vid\u011bt videa, n\u00e1zorn\u00e9 uk\u00e1zky a praktick\u00e9 rady zku\u0161en\u00e9 chovatelky. Tr\u00e9novali jsme od \u0161t\u011b\u0148\u00e1tka \u010des\u00e1n\u00ed a st\u0159\u00edh\u00e1n\u00ed, tak\u017ee to Goro zvl\u00e1dl kr\u00e1sn\u011b. Postupn\u011b se u\u010d\u00edme navz\u00e1jem si d\u016fv\u011b\u0159ovat p\u0159i r\u016fzn\u00fdch [&hellip;]<\/p>\n","protected":false},"author":1,"featured_media":0,"parent":0,"menu_order":0,"comment_status":"closed","ping_status":"closed","template":"template-full-width.php","meta":{"ngg_post_thumbnail":0},"_links":{"self":[{"href":"https:\/\/www.lagottoromagnolo-ribaty.cz\/index.php\/wp-json\/wp\/v2\/pages\/10595"}],"collection":[{"href":"https:\/\/www.lagottoromagnolo-ribaty.cz\/index.php\/wp-json\/wp\/v2\/pages"}],"about":[{"href":"https:\/\/www.lagottoromagnolo-ribaty.cz\/index.php\/wp-json\/wp\/v2\/types\/page"}],"author":[{"embeddable":true,"href":"https:\/\/www.lagottoromagnolo-ribaty.cz\/index.php\/wp-json\/wp\/v2\/users\/1"}],"replies":[{"embeddable":true,"href":"https:\/\/www.lagottoromagnolo-ribaty.cz\/index.php\/wp-json\/wp\/v2\/comments?post=10595"}],"version-history":[{"count":5,"href":"https:\/\/www.lagottoromagnolo-ribaty.cz\/index.php\/wp-json\/wp\/v2\/pages\/10595\/revisions"}],"predecessor-version":[{"id":10904,"href":"https:\/\/www.lagottoromagnolo-ribaty.cz\/index.php\/wp-json\/wp\/v2\/pages\/10595\/revisions\/10904"}],"wp:attachment":[{"href":"https:\/\/www.lagottoromagnolo-ribaty.cz\/index.php\/wp-json\/wp\/v2\/media?parent=10595"}],"curies":[{"name":"wp","href":"https:\/\/api.w.org\/{rel}","templated":true}]}}