{"id":10584,"date":"2024-07-17T16:50:20","date_gmt":"2024-07-17T16:50:20","guid":{"rendered":"https:\/\/www.lagottoromagnolo-ribaty.cz\/?page_id=10584"},"modified":"2024-07-22T14:19:04","modified_gmt":"2024-07-22T14:19:04","slug":"gorousek-a-pavla","status":"publish","type":"page","link":"https:\/\/www.lagottoromagnolo-ribaty.cz\/index.php\/gorousek-a-pavla\/","title":{"rendered":"Gorou\u0161ek a Pavla"},"content":{"rendered":"\n<blockquote class=\"wp-block-quote is-style-large\"><p>Goro si n\u00e1s vybral, byl posledn\u00ed \u0161t\u011b\u0148\u00e1tko a \u010dekal na n\u00e1s. Stal se sou\u010d\u00e1st\u00ed na\u0161\u00ed rodiny a ka\u017ed\u00fd den s n\u00edm je kr\u00e1sn\u011bj\u0161\u00ed. J\u00e1 mu \u0159\u00edk\u00e1m ,,m\u016fj osobn\u00ed terapeut&#8221;. Je temperamentn\u00ed, hrav\u00fd, laskav\u00fd, m\u00e1 neskute\u010dn\u011b m\u00edrumilovnou povahu a p\u0159itom je odv\u00e1\u017en\u00fd. <\/p><\/blockquote>\n\n\n\n<figure class=\"wp-block-gallery columns-3 is-cropped\"><ul class=\"blocks-gallery-grid\"><li class=\"blocks-gallery-item\"><figure><img loading=\"lazy\" width=\"1024\" height=\"677\" src=\"https:\/\/www.lagottoromagnolo-ribaty.cz\/wp-content\/uploads\/2024\/07\/IMG-20230909-WA0000-1024x677.jpg\" alt=\"\" data-id=\"10585\" data-full-url=\"https:\/\/www.lagottoromagnolo-ribaty.cz\/wp-content\/uploads\/2024\/07\/IMG-20230909-WA0000.jpg\" data-link=\"https:\/\/www.lagottoromagnolo-ribaty.cz\/?attachment_id=10585\" class=\"wp-image-10585\" srcset=\"https:\/\/www.lagottoromagnolo-ribaty.cz\/wp-content\/uploads\/2024\/07\/IMG-20230909-WA0000-1024x677.jpg 1024w, https:\/\/www.lagottoromagnolo-ribaty.cz\/wp-content\/uploads\/2024\/07\/IMG-20230909-WA0000-500x330.jpg 500w, https:\/\/www.lagottoromagnolo-ribaty.cz\/wp-content\/uploads\/2024\/07\/IMG-20230909-WA0000-768x508.jpg 768w, https:\/\/www.lagottoromagnolo-ribaty.cz\/wp-content\/uploads\/2024\/07\/IMG-20230909-WA0000-1536x1015.jpg 1536w, https:\/\/www.lagottoromagnolo-ribaty.cz\/wp-content\/uploads\/2024\/07\/IMG-20230909-WA0000.jpg 1702w\" sizes=\"(max-width: 1024px) 100vw, 1024px\" \/><\/figure><\/li><li class=\"blocks-gallery-item\"><figure><img loading=\"lazy\" width=\"765\" height=\"1024\" src=\"https:\/\/www.lagottoromagnolo-ribaty.cz\/wp-content\/uploads\/2024\/07\/IMG-20230924-WA0084-765x1024.jpg\" alt=\"\" data-id=\"10586\" data-full-url=\"https:\/\/www.lagottoromagnolo-ribaty.cz\/wp-content\/uploads\/2024\/07\/IMG-20230924-WA0084.jpg\" data-link=\"https:\/\/www.lagottoromagnolo-ribaty.cz\/?attachment_id=10586\" class=\"wp-image-10586\" srcset=\"https:\/\/www.lagottoromagnolo-ribaty.cz\/wp-content\/uploads\/2024\/07\/IMG-20230924-WA0084-765x1024.jpg 765w, https:\/\/www.lagottoromagnolo-ribaty.cz\/wp-content\/uploads\/2024\/07\/IMG-20230924-WA0084-374x500.jpg 374w, https:\/\/www.lagottoromagnolo-ribaty.cz\/wp-content\/uploads\/2024\/07\/IMG-20230924-WA0084-768x1027.jpg 768w, https:\/\/www.lagottoromagnolo-ribaty.cz\/wp-content\/uploads\/2024\/07\/IMG-20230924-WA0084-1148x1536.jpg 1148w, https:\/\/www.lagottoromagnolo-ribaty.cz\/wp-content\/uploads\/2024\/07\/IMG-20230924-WA0084.jpg 1196w\" sizes=\"(max-width: 765px) 100vw, 765px\" \/><\/figure><\/li><li class=\"blocks-gallery-item\"><figure><img loading=\"lazy\" width=\"765\" height=\"1024\" src=\"https:\/\/www.lagottoromagnolo-ribaty.cz\/wp-content\/uploads\/2024\/07\/IMG-20230924-WA0145-765x1024.jpg\" alt=\"\" data-id=\"10587\" data-full-url=\"https:\/\/www.lagottoromagnolo-ribaty.cz\/wp-content\/uploads\/2024\/07\/IMG-20230924-WA0145.jpg\" data-link=\"https:\/\/www.lagottoromagnolo-ribaty.cz\/?attachment_id=10587\" class=\"wp-image-10587\" srcset=\"https:\/\/www.lagottoromagnolo-ribaty.cz\/wp-content\/uploads\/2024\/07\/IMG-20230924-WA0145-765x1024.jpg 765w, https:\/\/www.lagottoromagnolo-ribaty.cz\/wp-content\/uploads\/2024\/07\/IMG-20230924-WA0145-374x500.jpg 374w, https:\/\/www.lagottoromagnolo-ribaty.cz\/wp-content\/uploads\/2024\/07\/IMG-20230924-WA0145-768x1027.jpg 768w, https:\/\/www.lagottoromagnolo-ribaty.cz\/wp-content\/uploads\/2024\/07\/IMG-20230924-WA0145-1148x1536.jpg 1148w, https:\/\/www.lagottoromagnolo-ribaty.cz\/wp-content\/uploads\/2024\/07\/IMG-20230924-WA0145.jpg 1196w\" sizes=\"(max-width: 765px) 100vw, 765px\" \/><\/figure><\/li><li class=\"blocks-gallery-item\"><figure><img loading=\"lazy\" width=\"765\" height=\"1024\" src=\"https:\/\/www.lagottoromagnolo-ribaty.cz\/wp-content\/uploads\/2024\/07\/IMG-20230924-WA0148-765x1024.jpg\" alt=\"\" data-id=\"10588\" data-full-url=\"https:\/\/www.lagottoromagnolo-ribaty.cz\/wp-content\/uploads\/2024\/07\/IMG-20230924-WA0148.jpg\" data-link=\"https:\/\/www.lagottoromagnolo-ribaty.cz\/?attachment_id=10588\" class=\"wp-image-10588\" srcset=\"https:\/\/www.lagottoromagnolo-ribaty.cz\/wp-content\/uploads\/2024\/07\/IMG-20230924-WA0148-765x1024.jpg 765w, https:\/\/www.lagottoromagnolo-ribaty.cz\/wp-content\/uploads\/2024\/07\/IMG-20230924-WA0148-374x500.jpg 374w, https:\/\/www.lagottoromagnolo-ribaty.cz\/wp-content\/uploads\/2024\/07\/IMG-20230924-WA0148-768x1027.jpg 768w, https:\/\/www.lagottoromagnolo-ribaty.cz\/wp-content\/uploads\/2024\/07\/IMG-20230924-WA0148-1148x1536.jpg 1148w, https:\/\/www.lagottoromagnolo-ribaty.cz\/wp-content\/uploads\/2024\/07\/IMG-20230924-WA0148.jpg 1196w\" sizes=\"(max-width: 765px) 100vw, 765px\" \/><\/figure><\/li><li class=\"blocks-gallery-item\"><figure><img loading=\"lazy\" width=\"765\" height=\"1024\" src=\"https:\/\/www.lagottoromagnolo-ribaty.cz\/wp-content\/uploads\/2024\/07\/IMG-20230924-WA0146-1-765x1024.jpg\" alt=\"\" data-id=\"10589\" data-full-url=\"https:\/\/www.lagottoromagnolo-ribaty.cz\/wp-content\/uploads\/2024\/07\/IMG-20230924-WA0146-1.jpg\" data-link=\"https:\/\/www.lagottoromagnolo-ribaty.cz\/?attachment_id=10589\" class=\"wp-image-10589\" srcset=\"https:\/\/www.lagottoromagnolo-ribaty.cz\/wp-content\/uploads\/2024\/07\/IMG-20230924-WA0146-1-765x1024.jpg 765w, https:\/\/www.lagottoromagnolo-ribaty.cz\/wp-content\/uploads\/2024\/07\/IMG-20230924-WA0146-1-374x500.jpg 374w, https:\/\/www.lagottoromagnolo-ribaty.cz\/wp-content\/uploads\/2024\/07\/IMG-20230924-WA0146-1-768x1027.jpg 768w, https:\/\/www.lagottoromagnolo-ribaty.cz\/wp-content\/uploads\/2024\/07\/IMG-20230924-WA0146-1-1148x1536.jpg 1148w, https:\/\/www.lagottoromagnolo-ribaty.cz\/wp-content\/uploads\/2024\/07\/IMG-20230924-WA0146-1.jpg 1196w\" sizes=\"(max-width: 765px) 100vw, 765px\" \/><\/figure><\/li><\/ul><\/figure>\n","protected":false},"excerpt":{"rendered":"<p>Goro si n\u00e1s vybral, byl posledn\u00ed \u0161t\u011b\u0148\u00e1tko a \u010dekal na n\u00e1s. Stal se sou\u010d\u00e1st\u00ed na\u0161\u00ed rodiny a ka\u017ed\u00fd den s n\u00edm je kr\u00e1sn\u011bj\u0161\u00ed. J\u00e1 mu \u0159\u00edk\u00e1m ,,m\u016fj osobn\u00ed terapeut&#8221;. Je temperamentn\u00ed, hrav\u00fd, laskav\u00fd, m\u00e1 neskute\u010dn\u011b m\u00edrumilovnou povahu a p\u0159itom je odv\u00e1\u017en\u00fd.<\/p>\n","protected":false},"author":1,"featured_media":0,"parent":0,"menu_order":0,"comment_status":"closed","ping_status":"closed","template":"template-full-width.php","meta":{"ngg_post_thumbnail":0},"_links":{"self":[{"href":"https:\/\/www.lagottoromagnolo-ribaty.cz\/index.php\/wp-json\/wp\/v2\/pages\/10584"}],"collection":[{"href":"https:\/\/www.lagottoromagnolo-ribaty.cz\/index.php\/wp-json\/wp\/v2\/pages"}],"about":[{"href":"https:\/\/www.lagottoromagnolo-ribaty.cz\/index.php\/wp-json\/wp\/v2\/types\/page"}],"author":[{"embeddable":true,"href":"https:\/\/www.lagottoromagnolo-ribaty.cz\/index.php\/wp-json\/wp\/v2\/users\/1"}],"replies":[{"embeddable":true,"href":"https:\/\/www.lagottoromagnolo-ribaty.cz\/index.php\/wp-json\/wp\/v2\/comments?post=10584"}],"version-history":[{"count":3,"href":"https:\/\/www.lagottoromagnolo-ribaty.cz\/index.php\/wp-json\/wp\/v2\/pages\/10584\/revisions"}],"predecessor-version":[{"id":10643,"href":"https:\/\/www.lagottoromagnolo-ribaty.cz\/index.php\/wp-json\/wp\/v2\/pages\/10584\/revisions\/10643"}],"wp:attachment":[{"href":"https:\/\/www.lagottoromagnolo-ribaty.cz\/index.php\/wp-json\/wp\/v2\/media?parent=10584"}],"curies":[{"name":"wp","href":"https:\/\/api.w.org\/{rel}","templated":true}]}}