{"id":10482,"date":"2024-06-05T22:04:05","date_gmt":"2024-06-05T22:04:05","guid":{"rendered":"https:\/\/www.lagottoromagnolo-ribaty.cz\/?page_id=10482"},"modified":"2024-06-05T22:04:31","modified_gmt":"2024-06-05T22:04:31","slug":"rezervace-terminu-on-line-meetingu","status":"publish","type":"page","link":"https:\/\/www.lagottoromagnolo-ribaty.cz\/index.php\/rezervace-terminu-on-line-meetingu\/","title":{"rendered":"Rezervace term\u00ednu on-line meetingu"},"content":{"rendered":"\n<div class=\"forminator-guttenberg\"><div class=\"forminator-ui forminator-custom-form forminator-custom-form-10479 forminator-design--default  forminator_ajax\" data-forminator-render=\"0\" data-form=\"forminator-module-10479\" data-uid=\"69f48fd83f5a0\"><br\/><\/div><form\n\t\t\t\tid=\"forminator-module-10479\"\n\t\t\t\tclass=\"forminator-ui forminator-custom-form forminator-custom-form-10479 forminator-design--default  forminator_ajax\"\n\t\t\t\tmethod=\"post\"\n\t\t\t\tdata-forminator-render=\"0\"\n\t\t\t\tdata-form-id=\"10479\"\n\t\t\t\t\n\t\t\t\tdata-design=\"default\"\n\t\t\t\t\n\t\t\t\t\n\t\t\t\t\n\t\t\t\tdata-grid=\"open\"\n\t\t\t\t\n\t\t\t\t\n\t\t\t\tstyle=\"display: none;\"\n\t\t\t\t\n\t\t\t\tdata-uid=\"69f48fd83f5a0\"\n\t\t\t><div role=\"alert\" aria-live=\"polite\" class=\"forminator-response-message forminator-error\" aria-hidden=\"true\"><\/div><div class=\"forminator-row\"><div id=\"name-1\" class=\"forminator-field-name forminator-col forminator-col-12 \"><div class=\"forminator-field\"><label for=\"forminator-field-name-1_69f48fd83f5a0\" class=\"forminator-label\" id=\"forminator-field-name-1_69f48fd83f5a0-label\">Jm\u00e9no a p\u0159\u00edjmen\u00ed <span class=\"forminator-required\">*<\/span><\/label><input type=\"text\" name=\"name-1\" value=\"\" placeholder=\"\" id=\"forminator-field-name-1_69f48fd83f5a0\" class=\"forminator-input forminator-name--field\" aria-required=\"true\" \/><\/div><\/div><\/div><div class=\"forminator-row\"><div id=\"select-1\" class=\"forminator-field-select forminator-col forminator-col-12 \"><div class=\"forminator-field\"><label for=\"forminator-form-10479__field--select-1_69f48fd83f5a0\" id=\"forminator-form-10479__field--select-1_69f48fd83f5a0-label\" class=\"forminator-label\">P\u00edsmeno vrhu <span class=\"forminator-required\">*<\/span><\/label><select id=\"forminator-form-10479__field--select-1_69f48fd83f5a0\" class=\"forminator-select--field forminator-select2\" data-required=\"1\" name=\"select-1\" data-default-value=\"one\" data-hidden-behavior=\"zero\" data-placeholder=\"Please select an option\" data-search=\"false\" aria-labelledby=\"forminator-form-10479__field--select-1_69f48fd83f5a0-label\" aria-describedby=\"forminator-form-10479__field--select-1_69f48fd83f5a0-description\"><option value=\"\">Please select an option<\/option><option value=\"one\" selected=\"selected\" data-calculation=\"0\">A<\/option><option value=\"two\"  data-calculation=\"0\">B<\/option><option value=\"C\"  data-calculation=\"0\">C<\/option><option value=\"D\"  data-calculation=\"0\">D<\/option><option value=\"E\"  data-calculation=\"0\">E<\/option><option value=\"F\"  data-calculation=\"0\">F<\/option><option value=\"G\"  data-calculation=\"0\">G<\/option><option value=\"H\"  data-calculation=\"0\">H<\/option><\/select><\/div><\/div><\/div><div class=\"forminator-row\"><div id=\"name-2\" class=\"forminator-field-name forminator-col forminator-col-6 \"><div class=\"forminator-field\"><label for=\"forminator-field-name-2_69f48fd83f5a0\" class=\"forminator-label\" id=\"forminator-field-name-2_69f48fd83f5a0-label\">Jm\u00e9no psa dle pr\u016fkazu p\u016fvodu <span class=\"forminator-required\">*<\/span><\/label><input type=\"text\" name=\"name-2\" value=\"\" placeholder=\"\" id=\"forminator-field-name-2_69f48fd83f5a0\" class=\"forminator-input forminator-name--field\" aria-required=\"true\" \/><\/div><\/div><div id=\"date-1\" class=\"forminator-field-date forminator-col forminator-col-6 \"><div class=\"forminator-field\"><label for=\"forminator-field-date-1-picker_69f48fd83f5a0\" class=\"forminator-label\" id=\"forminator-field-date-1-picker_69f48fd83f5a0-label\">Datum narozen\u00ed psa <span class=\"forminator-required\">*<\/span><\/label><div class=\"forminator-input-with-icon\"><label for=\"forminator-field-date-1-picker_69f48fd83f5a0\"><span class=\"forminator-icon-calendar\" aria-hidden=\"true\"><\/span><\/label><input autocomplete=\"off\" type=\"text\" size=\"1\" name=\"date-1\" value=\"\" placeholder=\"\" id=\"forminator-field-date-1-picker_69f48fd83f5a0\" class=\"forminator-input forminator-datepicker\" data-required=\"1\" data-format=\"dd\/mm\/yy\" data-restrict-type=\"\" data-restrict=\"\" data-start-year=\"1926\" data-end-year=\"2126\" data-past-dates=\"enable\" data-start-of-week=\"1\" data-start-date=\"\" data-end-date=\"\" data-start-field=\"\" data-end-field=\"\" data-start-offset=\"\" data-end-offset=\"\" data-disable-date=\"\" data-disable-range=\"\" \/><\/div><\/div><\/div><\/div><div class=\"forminator-row\"><div id=\"checkbox-1\" class=\"forminator-field-checkbox forminator-col forminator-col-12 \"><div role=\"group\" class=\"forminator-field required\" aria-labelledby=\"forminator-checkbox-group-69f48fd83f5a0-label\"><h4 id=\"forminator-checkbox-group-69f48fd83f5a0-label\" class=\"forminator-label\">Rezervace term\u00ednu: <span class=\"forminator-required\">*<\/span><\/h4><label id=\"forminator-field-checkbox-1-1-69f48fd83f5a0-label\" for=\"forminator-field-checkbox-1-1-69f48fd83f5a0\" class=\"forminator-checkbox\" title=\"13.10.2025 od 19h - pro majitele vrhu H - jak se p\u0159ipravit, kde nakoupit, co nakoupit + chovatelsk\u00e9 programy + dal\u0161\u00ed info\"><input type=\"checkbox\" name=\"checkbox-1[]\" value=\"13.10.---pro-majitele-vrhu-H---jak-se-p\u0159ipravit,-kde-nakoupit\" id=\"forminator-field-checkbox-1-1-69f48fd83f5a0\" aria-labelledby=\"forminator-field-checkbox-1-1-69f48fd83f5a0-label\" data-calculation=\"0\"   data-hidden-behavior=\"zero\" aria-describedby=\"forminator-field-checkbox-1-69f48fd83f5a0-description\"\/><span class=\"forminator-checkbox-box\" aria-hidden=\"true\"><\/span><span class=\"forminator-checkbox-label\">13.10.2025 od 19h - pro majitele vrhu H - jak se p\u0159ipravit, kde nakoupit, co nakoupit + chovatelsk\u00e9 programy + dal\u0161\u00ed info<\/span><\/label><label id=\"forminator-field-checkbox-1-2-69f48fd83f5a0-label\" for=\"forminator-field-checkbox-1-2-69f48fd83f5a0\" class=\"forminator-checkbox\" title=\"20.10.2025 od 19h\"><input type=\"checkbox\" name=\"checkbox-1[]\" value=\"20.10.2025-od-19h\" id=\"forminator-field-checkbox-1-2-69f48fd83f5a0\" aria-labelledby=\"forminator-field-checkbox-1-2-69f48fd83f5a0-label\" data-calculation=\"0\"   data-hidden-behavior=\"zero\" aria-describedby=\"forminator-field-checkbox-1-69f48fd83f5a0-description\"\/><span class=\"forminator-checkbox-box\" aria-hidden=\"true\"><\/span><span class=\"forminator-checkbox-label\">20.10.2025 od 19h<\/span><\/label><label id=\"forminator-field-checkbox-1-3-69f48fd83f5a0-label\" for=\"forminator-field-checkbox-1-3-69f48fd83f5a0\" class=\"forminator-checkbox\" title=\"9.11. od 18h\"><input type=\"checkbox\" name=\"checkbox-1[]\" value=\"9.11.\" id=\"forminator-field-checkbox-1-3-69f48fd83f5a0\" aria-labelledby=\"forminator-field-checkbox-1-3-69f48fd83f5a0-label\" data-calculation=\"0\"   data-hidden-behavior=\"zero\" aria-describedby=\"forminator-field-checkbox-1-69f48fd83f5a0-description\"\/><span class=\"forminator-checkbox-box\" aria-hidden=\"true\"><\/span><span class=\"forminator-checkbox-label\">9.11. od 18h<\/span><\/label><label id=\"forminator-field-checkbox-1-4-69f48fd83f5a0-label\" for=\"forminator-field-checkbox-1-4-69f48fd83f5a0\" class=\"forminator-checkbox\" title=\"7.12.2025 od 18h\"><input type=\"checkbox\" name=\"checkbox-1[]\" value=\"7.12.-od-18h\" id=\"forminator-field-checkbox-1-4-69f48fd83f5a0\" aria-labelledby=\"forminator-field-checkbox-1-4-69f48fd83f5a0-label\" data-calculation=\"0\"   data-hidden-behavior=\"zero\" aria-describedby=\"forminator-field-checkbox-1-69f48fd83f5a0-description\"\/><span class=\"forminator-checkbox-box\" aria-hidden=\"true\"><\/span><span class=\"forminator-checkbox-label\">7.12.2025 od 18h<\/span><\/label><label id=\"forminator-field-checkbox-1-5-69f48fd83f5a0-label\" for=\"forminator-field-checkbox-1-5-69f48fd83f5a0\" class=\"forminator-checkbox\" title=\"21.12.2025 od 18h - p\u0159\u00edprava na V\u00e1noce, na co si d\u00e1t pozor\"><input type=\"checkbox\" name=\"checkbox-1[]\" value=\"21.12.2025-od-18h\" id=\"forminator-field-checkbox-1-5-69f48fd83f5a0\" aria-labelledby=\"forminator-field-checkbox-1-5-69f48fd83f5a0-label\" data-calculation=\"0\"   data-hidden-behavior=\"zero\" aria-describedby=\"forminator-field-checkbox-1-69f48fd83f5a0-description\"\/><span class=\"forminator-checkbox-box\" aria-hidden=\"true\"><\/span><span class=\"forminator-checkbox-label\">21.12.2025 od 18h - p\u0159\u00edprava na V\u00e1noce, na co si d\u00e1t pozor<\/span><\/label><\/div><\/div><\/div><input type=\"hidden\" name=\"referer_url\" value=\"\" \/><div class=\"forminator-row forminator-row-last\"><div class=\"forminator-col\"><div class=\"forminator-field\"><button class=\"forminator-button forminator-button-submit\">Rezervovat term&iacute;n<\/button><\/div><\/div><\/div><input type=\"hidden\" id=\"forminator_nonce\" name=\"forminator_nonce\" value=\"0844b960f9\" \/><input type=\"hidden\" name=\"_wp_http_referer\" value=\"\/index.php\/wp-json\/wp\/v2\/pages\/10482\" \/><input type=\"hidden\" name=\"form_id\" value=\"10479\"><input type=\"hidden\" name=\"page_id\" value=\"10482\"><input type=\"hidden\" name=\"form_type\" value=\"default\"><input type=\"hidden\" name=\"current_url\" value=\"https:\/\/www.lagottoromagnolo-ribaty.cz\/index.php\/rezervace-terminu-on-line-meetingu\/\"><input type=\"hidden\" name=\"render_id\" value=\"0\"><input type=\"hidden\" name=\"action\" value=\"forminator_submit_form_custom-forms\"><\/form><\/div>\n\n\n\n<p><\/p>\n","protected":false},"excerpt":{"rendered":"","protected":false},"author":1,"featured_media":0,"parent":0,"menu_order":0,"comment_status":"closed","ping_status":"closed","template":"template-full-width.php","meta":{"ngg_post_thumbnail":0},"_links":{"self":[{"href":"https:\/\/www.lagottoromagnolo-ribaty.cz\/index.php\/wp-json\/wp\/v2\/pages\/10482"}],"collection":[{"href":"https:\/\/www.lagottoromagnolo-ribaty.cz\/index.php\/wp-json\/wp\/v2\/pages"}],"about":[{"href":"https:\/\/www.lagottoromagnolo-ribaty.cz\/index.php\/wp-json\/wp\/v2\/types\/page"}],"author":[{"embeddable":true,"href":"https:\/\/www.lagottoromagnolo-ribaty.cz\/index.php\/wp-json\/wp\/v2\/users\/1"}],"replies":[{"embeddable":true,"href":"https:\/\/www.lagottoromagnolo-ribaty.cz\/index.php\/wp-json\/wp\/v2\/comments?post=10482"}],"version-history":[{"count":2,"href":"https:\/\/www.lagottoromagnolo-ribaty.cz\/index.php\/wp-json\/wp\/v2\/pages\/10482\/revisions"}],"predecessor-version":[{"id":10485,"href":"https:\/\/www.lagottoromagnolo-ribaty.cz\/index.php\/wp-json\/wp\/v2\/pages\/10482\/revisions\/10485"}],"wp:attachment":[{"href":"https:\/\/www.lagottoromagnolo-ribaty.cz\/index.php\/wp-json\/wp\/v2\/media?parent=10482"}],"curies":[{"name":"wp","href":"https:\/\/api.w.org\/{rel}","templated":true}]}}